{"id":2199,"date":"2020-07-07T15:46:51","date_gmt":"2020-07-07T13:46:51","guid":{"rendered":"https:\/\/www.delanchy.com\/?page_id=2199"},"modified":"2024-02-15T15:59:25","modified_gmt":"2024-02-15T14:59:25","slug":"quienes-nosotros-somos","status":"publish","type":"page","link":"https:\/\/www.delanchy.com\/es\/quienes-nosotros-somos\/","title":{"rendered":"Qui\u00e9nes nosotros somos"},"content":{"rendered":"        <section class=\"top\">\n          <div class=\"container\">\n            <div class=\"bloc-left\">\n              <div class=\"bloc-txt\">\n                                  <p class=\"subtitle\">La visi\u00f3n de Delanchy<\/p>\n                                                  <h1>Abriendo nuevos horizontes<\/h1>\n                                <p>En el Grupo DELANCHY, nuestras profesiones reflejan nuestros valores. <a href=\"https:\/\/www.delanchy.com\/es\/servicios\/\">El transporte de mariscos y productos frescos,<\/a> y la log\u00edstica que lo acompa\u00f1a, son un reto diario que hemos estado asumiendo durante cinco d\u00e9cadas. Nuestra prioridad: satisfacer a nuestros clientes y cumplir las misiones que se nos han confiado.<\/p>\n<p>En un sector de actividades en perpetua evoluci\u00f3n, es necesario saber abrirse a nuevos horizontes, reinventarse cada d\u00eda, para construir juntos la DELANCHA del ma\u00f1ana.<\/p>\n              <\/div> \n            <\/div>\n            <div class=\"bloc-right\">\n              <img decoding=\"async\" src=\"https:\/\/www.delanchy.com\/wp-content\/uploads\/2020\/02\/01-nouveaux-horizons-1024x682.jpg\" alt=\"Qui\u00e9nes nosotros somos\">\n            <\/div>\n          <\/div>\n        <\/section>\n    \n\n      <section class=\"subpages\">\n        <div class=\"container\">\n                                          <a href=\"https:\/\/www.delanchy.com\/es\/quienes-nosotros-somos\/grupo\/\" class=\"child-page\">\n                <p class=\"title\">Nuestro Grupo<\/p>\n                <p>El Grupo DELANCHY se ha establecido como uno de los principales actores en el transporte y la log\u00edstica de productos frescos bajo control de temperatura positiva. Compromiso, innovaci\u00f3n, desarrollo de nuestra red de agencias y nuestras habilidades: prioridades para cumplir con el compromiso que tenemos con nuestros clientes.<\/p>\n              <\/a>\n                          <a href=\"https:\/\/www.delanchy.com\/es\/quienes-nosotros-somos\/historia\/\" class=\"child-page\">\n                <p class=\"title\">Nuestra historia<\/p>\n                <p>En mayo de 1968 en Guidel, Transportes de Breta\u00f1a naci\u00f3 de la voluntad de Joseph Delanchy, fundador de nuestro Grupo. Con esta primera agencia, la entrega de productos del mar entre el puerto de Lorient y la ciudad de Lyon ser\u00e1 nuestra primera actividad.<\/p>\n              <\/a>\n                          <a href=\"https:\/\/www.delanchy.com\/es\/quienes-nosotros-somos\/nuestras-agencias\/\" class=\"child-page\">\n                <p class=\"title\">Nuestras agencias<\/p>\n                <p>Agencias de transporte \u00abFrigo Transports\u00bb y agencias log\u00edsticas \u00abDelanchy Prestation de Services\u00bb que permiten una red completa en el territorio franc\u00e9s, una apertura hacia Europa y el mundo entero.<\/p>\n              <\/a>\n                              <\/div>\n      <\/section>\n    \n\n      <section class=\"testimonial\">\n        <div class=\"contain-triangles-left\">\n          <span class=\"triangle-1\"><\/span>\n          <span class=\"triangle-2\"><\/span>\n          <span class=\"triangle-3\"><\/span>\n        <\/div>\n        <div class=\"container\">\n          <p>Abrir las puertas y ventanas de la empresa,<br \/>\naceptar las ideas de los dem\u00e1s, aprender unos de otros,<br \/>\nesta es nuestra cultura<\/p>\n          <p class=\"subtitle\">Brigitte Delanchy &#8211; Director General<\/p>\n        <\/div>\n        <div class=\"contain-triangles-right\">\n          <span class=\"triangle-1\"><\/span>\n          <span class=\"triangle-2\"><\/span>\n          <span class=\"triangle-3\"><\/span>\n        <\/div>\n      <\/section>\n    \n\n      <section class=\"references\">\n        <div class=\"container\">\n          <div class=\"bloc-left\">\n            <div class=\"bloc-txt\">\n                              <h2>Nuestro trabajo<\/h2>\n                            <p>En nombre de nuestros clientes, productores o distribuidores, preparamos y transportamos cada d\u00eda productos del mar (40% de nuestra actividad) y productos frescos (60% de la actividad con frutas y verduras, carne, productos l\u00e1cteos&#8230;).<\/p>\n<p>Actores de la distribuci\u00f3n masiva, restauradores y otros clientes independientes, cuentan con nosotros todos los d\u00edas para entregar sus almacenes, tiendas y almacenes.<\/p>\n              <div class=\"bloc-img\">\n                                                  <img decoding=\"async\" src=\"https:\/\/www.delanchy.com\/wp-content\/uploads\/2020\/02\/02-notre-metier-1.jpg\" alt=\"\u00a9sylvain Malmouche\">\n                              <\/div>\n            <\/div> \n          <\/div>\n                                <div class=\"bloc-refs\">\n              <img decoding=\"async\" src=\"https:\/\/www.delanchy.com\/wp-content\/uploads\/2020\/02\/03-notre-metier-2.jpg\" alt=\"03 Notre M\u00e9tier (2)\">\n            <\/div>\n                  <\/div>\n      <\/section>\n    \n\n      <section class=\"team\">\n        <div class=\"container\">\n                      <h2>\u00a1Los humanos son nuestra fuerza!<\/h2>\n                    <p>Nuestros 3500 empleados est\u00e1n en el coraz\u00f3n del desarrollo del <a href=\"https:\/\/www.delanchy.com\/es\/quienes-nosotros-somos\/grupo\/\">Grupo DELANCHY<\/a>. Los <a href=\"http:\/\/delanchy.com\/es\/compromisos\/\">valores humanos<\/a> est\u00e1n en el centro de nuestras preocupaciones y contribuyen al progreso de nuestro Grupo con el profesionalismo y la calidad de servicio que nos han caracterizado desde 1968.<\/p>\n<p>La calidad del reclutamiento, el desarrollo interno a trav\u00e9s de la formaci\u00f3n continua y el desarrollo de las habilidades de nuestros empleados son nuestras prioridades. Para dar una oportunidad a todos, renovamos anualmente el personal de nuestras incubadoras de empresas integrando a los j\u00f3venes empleados en programas de trabajo y estudio, abri\u00e9ndonos as\u00ed a nuevos talentos.<\/p>\n<p>Los equipos de gesti\u00f3n del Grupo DELANCHY se reparten entre la sede hist\u00f3rica de Guidel (56) y la sede administrativa operacional situada en La Gravelle (53).<\/p>\n                  <\/div>\n      <\/section>\n    ","protected":false},"excerpt":{"rendered":"","protected":false},"author":1,"featured_media":855,"parent":0,"menu_order":2,"comment_status":"closed","ping_status":"closed","template":"gabarit-qui-sommes-nous.php","meta":{"_acf_changed":false,"footnotes":""},"class_list":["post-2199","page","type-page","status-publish","has-post-thumbnail","hentry"],"acf":[],"yoast_head":"<!-- This site is optimized with the Yoast SEO plugin v27.4 - https:\/\/yoast.com\/product\/yoast-seo-wordpress\/ -->\n<title>Qui\u00e9nes nosotros somos - Delanchy<\/title>\n<meta name=\"robots\" content=\"index, follow, max-snippet:-1, max-image-preview:large, max-video-preview:-1\" \/>\n<link rel=\"canonical\" href=\"https:\/\/www.delanchy.com\/es\/quienes-nosotros-somos\/\" \/>\n<meta property=\"og:locale\" content=\"es_ES\" \/>\n<meta property=\"og:type\" content=\"article\" \/>\n<meta property=\"og:title\" content=\"Qui\u00e9nes nosotros somos - Delanchy\" \/>\n<meta property=\"og:url\" content=\"https:\/\/www.delanchy.com\/es\/quienes-nosotros-somos\/\" \/>\n<meta property=\"og:site_name\" content=\"Delanchy\" \/>\n<meta property=\"article:modified_time\" content=\"2024-02-15T14:59:25+00:00\" \/>\n<meta property=\"og:image\" content=\"https:\/\/www.delanchy.com\/wp-content\/uploads\/2020\/02\/01-nouveaux-horizons.jpg\" \/>\n\t<meta property=\"og:image:width\" content=\"2000\" \/>\n\t<meta property=\"og:image:height\" content=\"1333\" \/>\n\t<meta property=\"og:image:type\" content=\"image\/jpeg\" \/>\n<meta name=\"twitter:card\" content=\"summary_large_image\" \/>\n<meta name=\"twitter:label1\" content=\"Tiempo de lectura\" \/>\n\t<meta name=\"twitter:data1\" content=\"1 minuto\" \/>\n<script type=\"application\/ld+json\" class=\"yoast-schema-graph\">{\"@context\":\"https:\\\/\\\/schema.org\",\"@graph\":[{\"@type\":\"WebPage\",\"@id\":\"https:\\\/\\\/www.delanchy.com\\\/es\\\/quienes-nosotros-somos\\\/\",\"url\":\"https:\\\/\\\/www.delanchy.com\\\/es\\\/quienes-nosotros-somos\\\/\",\"name\":\"Qui\u00e9nes nosotros somos - Delanchy\",\"isPartOf\":{\"@id\":\"https:\\\/\\\/www.delanchy.com\\\/#website\"},\"primaryImageOfPage\":{\"@id\":\"https:\\\/\\\/www.delanchy.com\\\/es\\\/quienes-nosotros-somos\\\/#primaryimage\"},\"image\":{\"@id\":\"https:\\\/\\\/www.delanchy.com\\\/es\\\/quienes-nosotros-somos\\\/#primaryimage\"},\"thumbnailUrl\":\"https:\\\/\\\/www.delanchy.com\\\/wp-content\\\/uploads\\\/2020\\\/02\\\/01-nouveaux-horizons.jpg\",\"datePublished\":\"2020-07-07T13:46:51+00:00\",\"dateModified\":\"2024-02-15T14:59:25+00:00\",\"breadcrumb\":{\"@id\":\"https:\\\/\\\/www.delanchy.com\\\/es\\\/quienes-nosotros-somos\\\/#breadcrumb\"},\"inLanguage\":\"es\",\"potentialAction\":[{\"@type\":\"ReadAction\",\"target\":[\"https:\\\/\\\/www.delanchy.com\\\/es\\\/quienes-nosotros-somos\\\/\"]}]},{\"@type\":\"ImageObject\",\"inLanguage\":\"es\",\"@id\":\"https:\\\/\\\/www.delanchy.com\\\/es\\\/quienes-nosotros-somos\\\/#primaryimage\",\"url\":\"https:\\\/\\\/www.delanchy.com\\\/wp-content\\\/uploads\\\/2020\\\/02\\\/01-nouveaux-horizons.jpg\",\"contentUrl\":\"https:\\\/\\\/www.delanchy.com\\\/wp-content\\\/uploads\\\/2020\\\/02\\\/01-nouveaux-horizons.jpg\",\"width\":2000,\"height\":1333},{\"@type\":\"BreadcrumbList\",\"@id\":\"https:\\\/\\\/www.delanchy.com\\\/es\\\/quienes-nosotros-somos\\\/#breadcrumb\",\"itemListElement\":[{\"@type\":\"ListItem\",\"position\":1,\"name\":\"Accueil\",\"item\":\"https:\\\/\\\/www.delanchy.com\\\/es\\\/\"},{\"@type\":\"ListItem\",\"position\":2,\"name\":\"Qui\u00e9nes nosotros somos\"}]},{\"@type\":\"WebSite\",\"@id\":\"https:\\\/\\\/www.delanchy.com\\\/#website\",\"url\":\"https:\\\/\\\/www.delanchy.com\\\/\",\"name\":\"Delanchy\",\"description\":\"Transport et logistique\",\"publisher\":{\"@id\":\"https:\\\/\\\/www.delanchy.com\\\/#organization\"},\"potentialAction\":[{\"@type\":\"SearchAction\",\"target\":{\"@type\":\"EntryPoint\",\"urlTemplate\":\"https:\\\/\\\/www.delanchy.com\\\/?s={search_term_string}\"},\"query-input\":{\"@type\":\"PropertyValueSpecification\",\"valueRequired\":true,\"valueName\":\"search_term_string\"}}],\"inLanguage\":\"es\"},{\"@type\":\"Organization\",\"@id\":\"https:\\\/\\\/www.delanchy.com\\\/#organization\",\"name\":\"Delanchy\",\"url\":\"https:\\\/\\\/www.delanchy.com\\\/\",\"logo\":{\"@type\":\"ImageObject\",\"inLanguage\":\"es\",\"@id\":\"https:\\\/\\\/www.delanchy.com\\\/#\\\/schema\\\/logo\\\/image\\\/\",\"url\":\"https:\\\/\\\/www.delanchy.com\\\/wp-content\\\/uploads\\\/2020\\\/01\\\/logo-delanchy.png\",\"contentUrl\":\"https:\\\/\\\/www.delanchy.com\\\/wp-content\\\/uploads\\\/2020\\\/01\\\/logo-delanchy.png\",\"width\":1090,\"height\":185,\"caption\":\"Delanchy\"},\"image\":{\"@id\":\"https:\\\/\\\/www.delanchy.com\\\/#\\\/schema\\\/logo\\\/image\\\/\"}}]}<\/script>\n<!-- \/ Yoast SEO plugin. -->","yoast_head_json":{"title":"Qui\u00e9nes nosotros somos - Delanchy","robots":{"index":"index","follow":"follow","max-snippet":"max-snippet:-1","max-image-preview":"max-image-preview:large","max-video-preview":"max-video-preview:-1"},"canonical":"https:\/\/www.delanchy.com\/es\/quienes-nosotros-somos\/","og_locale":"es_ES","og_type":"article","og_title":"Qui\u00e9nes nosotros somos - Delanchy","og_url":"https:\/\/www.delanchy.com\/es\/quienes-nosotros-somos\/","og_site_name":"Delanchy","article_modified_time":"2024-02-15T14:59:25+00:00","og_image":[{"width":2000,"height":1333,"url":"https:\/\/www.delanchy.com\/wp-content\/uploads\/2020\/02\/01-nouveaux-horizons.jpg","type":"image\/jpeg"}],"twitter_card":"summary_large_image","twitter_misc":{"Tiempo de lectura":"1 minuto"},"schema":{"@context":"https:\/\/schema.org","@graph":[{"@type":"WebPage","@id":"https:\/\/www.delanchy.com\/es\/quienes-nosotros-somos\/","url":"https:\/\/www.delanchy.com\/es\/quienes-nosotros-somos\/","name":"Qui\u00e9nes nosotros somos - Delanchy","isPartOf":{"@id":"https:\/\/www.delanchy.com\/#website"},"primaryImageOfPage":{"@id":"https:\/\/www.delanchy.com\/es\/quienes-nosotros-somos\/#primaryimage"},"image":{"@id":"https:\/\/www.delanchy.com\/es\/quienes-nosotros-somos\/#primaryimage"},"thumbnailUrl":"https:\/\/www.delanchy.com\/wp-content\/uploads\/2020\/02\/01-nouveaux-horizons.jpg","datePublished":"2020-07-07T13:46:51+00:00","dateModified":"2024-02-15T14:59:25+00:00","breadcrumb":{"@id":"https:\/\/www.delanchy.com\/es\/quienes-nosotros-somos\/#breadcrumb"},"inLanguage":"es","potentialAction":[{"@type":"ReadAction","target":["https:\/\/www.delanchy.com\/es\/quienes-nosotros-somos\/"]}]},{"@type":"ImageObject","inLanguage":"es","@id":"https:\/\/www.delanchy.com\/es\/quienes-nosotros-somos\/#primaryimage","url":"https:\/\/www.delanchy.com\/wp-content\/uploads\/2020\/02\/01-nouveaux-horizons.jpg","contentUrl":"https:\/\/www.delanchy.com\/wp-content\/uploads\/2020\/02\/01-nouveaux-horizons.jpg","width":2000,"height":1333},{"@type":"BreadcrumbList","@id":"https:\/\/www.delanchy.com\/es\/quienes-nosotros-somos\/#breadcrumb","itemListElement":[{"@type":"ListItem","position":1,"name":"Accueil","item":"https:\/\/www.delanchy.com\/es\/"},{"@type":"ListItem","position":2,"name":"Qui\u00e9nes nosotros somos"}]},{"@type":"WebSite","@id":"https:\/\/www.delanchy.com\/#website","url":"https:\/\/www.delanchy.com\/","name":"Delanchy","description":"Transport et logistique","publisher":{"@id":"https:\/\/www.delanchy.com\/#organization"},"potentialAction":[{"@type":"SearchAction","target":{"@type":"EntryPoint","urlTemplate":"https:\/\/www.delanchy.com\/?s={search_term_string}"},"query-input":{"@type":"PropertyValueSpecification","valueRequired":true,"valueName":"search_term_string"}}],"inLanguage":"es"},{"@type":"Organization","@id":"https:\/\/www.delanchy.com\/#organization","name":"Delanchy","url":"https:\/\/www.delanchy.com\/","logo":{"@type":"ImageObject","inLanguage":"es","@id":"https:\/\/www.delanchy.com\/#\/schema\/logo\/image\/","url":"https:\/\/www.delanchy.com\/wp-content\/uploads\/2020\/01\/logo-delanchy.png","contentUrl":"https:\/\/www.delanchy.com\/wp-content\/uploads\/2020\/01\/logo-delanchy.png","width":1090,"height":185,"caption":"Delanchy"},"image":{"@id":"https:\/\/www.delanchy.com\/#\/schema\/logo\/image\/"}}]}},"_links":{"self":[{"href":"https:\/\/www.delanchy.com\/es\/wp-json\/wp\/v2\/pages\/2199","targetHints":{"allow":["GET"]}}],"collection":[{"href":"https:\/\/www.delanchy.com\/es\/wp-json\/wp\/v2\/pages"}],"about":[{"href":"https:\/\/www.delanchy.com\/es\/wp-json\/wp\/v2\/types\/page"}],"author":[{"embeddable":true,"href":"https:\/\/www.delanchy.com\/es\/wp-json\/wp\/v2\/users\/1"}],"replies":[{"embeddable":true,"href":"https:\/\/www.delanchy.com\/es\/wp-json\/wp\/v2\/comments?post=2199"}],"version-history":[{"count":7,"href":"https:\/\/www.delanchy.com\/es\/wp-json\/wp\/v2\/pages\/2199\/revisions"}],"predecessor-version":[{"id":4336,"href":"https:\/\/www.delanchy.com\/es\/wp-json\/wp\/v2\/pages\/2199\/revisions\/4336"}],"wp:featuredmedia":[{"embeddable":true,"href":"https:\/\/www.delanchy.com\/es\/wp-json\/wp\/v2\/media\/855"}],"wp:attachment":[{"href":"https:\/\/www.delanchy.com\/es\/wp-json\/wp\/v2\/media?parent=2199"}],"curies":[{"name":"wp","href":"https:\/\/api.w.org\/{rel}","templated":true}]}}