{"id":2202,"date":"2020-07-07T15:48:35","date_gmt":"2020-07-07T13:48:35","guid":{"rendered":"https:\/\/www.delanchy.com\/?page_id=2202"},"modified":"2024-02-07T15:43:52","modified_gmt":"2024-02-07T14:43:52","slug":"grupo","status":"publish","type":"page","link":"https:\/\/www.delanchy.com\/es\/quienes-nosotros-somos\/grupo\/","title":{"rendered":"Nuestro Grupo"},"content":{"rendered":"      <section class=\"texte\">\n        <div class=\"container\">\n          <p>M\u00e1s de 3500 hombres y mujeres hacen que el Grupo DELANCHY viva diariamente. En las carreteras, en nuestras plataformas log\u00edsticas y en nuestras oficinas, son la fuerza de la compa\u00f1\u00eda para llevar a cabo las misiones que son nuestras.<\/p>\n<p>Joseph DELANCHY, Brigitte DELANCHY y Fr\u00e9d\u00e9ric DELANCHY, junto con los miembros del Comit\u00e9 de Gesti\u00f3n, organizan la actividad y definen las estrategias de desarrollo del Grupo DELANCHY.<\/p>\n<p>Nuestros 51 sitios son administrados con la experiencia de nuestros gerentes de sucursal.<\/p>\n<p>V\u00ednculos esenciales en nuestros compromisos en el campo, aseguran una estrecha relaci\u00f3n con nuestros clientes, para comprender las expectativas de cada uno y proporcionar soluciones a medida si es necesario.<\/p>\n<p>Nuestros directores de exportaci\u00f3n conceden la misma importancia a estos intercambios, para los clientes que se encuentran a miles de kil\u00f3metros de nuestras <a href=\"https:\/\/www.delanchy.com\/es\/servicios\/la-gran-exportacion\/\">plataformas de exportaciones a\u00e9reas y mar\u00edtimas<\/a><strong>.<\/strong><\/p>\n<p>&nbsp;<\/p>\n        <\/div>\n      <\/section>\n    \n\n      <section class=\"image\">\n        <div class=\"container\">\n                                <img decoding=\"async\" src=\"\" data-src=\"https:\/\/www.delanchy.com\/wp-content\/uploads\/2020\/02\/01-le-groupe.jpg\" class=\"lazyload\" alt=\"\u00a9sylvain Malmouche\">\n                  <\/div>\n      <\/section>\n    \n\n      <section class=\"texte\">\n        <div class=\"container\">\n          <p>Junto con nuestros empleados, nuestros directores tienen el papel de conductores en nuestra log\u00edstica \u00abjusto a tiempo\u00bb para la entrega diaria de productos perecederos a temperatura controlada (productos frescos, productos l\u00e1cteos, carne, frutas y verduras, mariscos) a los profesionales de la alimentaci\u00f3n y la restauraci\u00f3n.<\/p>\n<p>Gesti\u00f3n, administraci\u00f3n, operaci\u00f3n, el Grupo DELANCHY siempre ha querido permanecer en <a href=\"https:\/\/www.delanchy.com\/es\/quienes-nosotros-somos\/\">unaorganizaci\u00f3n de tama\u00f1o humano<\/a>. Internamente o en la relaci\u00f3n comercial que nos une a nuestros clientes, queremos transmitir y compartir nuestros valores. Desde hace varios a\u00f1os, a esto se suman los compromisos de RSE, por lo que el Grupo DELANCHY afirma su voluntad de avanzar con <a href=\"https:\/\/www.delanchy.com\/es\/quienes-nosotros-somos\/historia\/\">el esp\u00edritu pionero que siempre ha caracterizado al Grupo desde 1968.<\/a><\/p>\n<p>&nbsp;<\/p>\n        <\/div>\n      <\/section>\n    ","protected":false},"excerpt":{"rendered":"<p>El Grupo DELANCHY se ha establecido como uno de los principales actores en el transporte y la log\u00edstica de productos frescos bajo control de temperatura positiva. Compromiso, innovaci\u00f3n, desarrollo de nuestra red de agencias y nuestras habilidades: prioridades para cumplir con el compromiso que tenemos con nuestros clientes.<\/p>\n","protected":false},"author":1,"featured_media":0,"parent":2199,"menu_order":1,"comment_status":"closed","ping_status":"closed","template":"","meta":{"_acf_changed":false,"footnotes":""},"class_list":["post-2202","page","type-page","status-publish","hentry"],"acf":[],"yoast_head":"<!-- This site is optimized with the Yoast SEO plugin v27.4 - https:\/\/yoast.com\/product\/yoast-seo-wordpress\/ -->\n<title>Nuestro Grupo - Delanchy<\/title>\n<meta name=\"robots\" content=\"index, follow, max-snippet:-1, max-image-preview:large, max-video-preview:-1\" \/>\n<link rel=\"canonical\" href=\"https:\/\/www.delanchy.com\/es\/quienes-nosotros-somos\/grupo\/\" \/>\n<meta property=\"og:locale\" content=\"es_ES\" \/>\n<meta property=\"og:type\" content=\"article\" \/>\n<meta property=\"og:title\" content=\"Nuestro Grupo - Delanchy\" \/>\n<meta property=\"og:description\" content=\"El Grupo DELANCHY se ha establecido como uno de los principales actores en el transporte y la log\u00edstica de productos frescos bajo control de temperatura positiva. Compromiso, innovaci\u00f3n, desarrollo de nuestra red de agencias y nuestras habilidades: prioridades para cumplir con el compromiso que tenemos con nuestros clientes.\" \/>\n<meta property=\"og:url\" content=\"https:\/\/www.delanchy.com\/es\/quienes-nosotros-somos\/grupo\/\" \/>\n<meta property=\"og:site_name\" content=\"Delanchy\" \/>\n<meta property=\"article:modified_time\" content=\"2024-02-07T14:43:52+00:00\" \/>\n<meta name=\"twitter:card\" content=\"summary_large_image\" \/>\n<script type=\"application\/ld+json\" class=\"yoast-schema-graph\">{\"@context\":\"https:\\\/\\\/schema.org\",\"@graph\":[{\"@type\":\"WebPage\",\"@id\":\"https:\\\/\\\/www.delanchy.com\\\/es\\\/quienes-nosotros-somos\\\/grupo\\\/\",\"url\":\"https:\\\/\\\/www.delanchy.com\\\/es\\\/quienes-nosotros-somos\\\/grupo\\\/\",\"name\":\"Nuestro Grupo - Delanchy\",\"isPartOf\":{\"@id\":\"https:\\\/\\\/www.delanchy.com\\\/#website\"},\"datePublished\":\"2020-07-07T13:48:35+00:00\",\"dateModified\":\"2024-02-07T14:43:52+00:00\",\"breadcrumb\":{\"@id\":\"https:\\\/\\\/www.delanchy.com\\\/es\\\/quienes-nosotros-somos\\\/grupo\\\/#breadcrumb\"},\"inLanguage\":\"es\",\"potentialAction\":[{\"@type\":\"ReadAction\",\"target\":[\"https:\\\/\\\/www.delanchy.com\\\/es\\\/quienes-nosotros-somos\\\/grupo\\\/\"]}]},{\"@type\":\"BreadcrumbList\",\"@id\":\"https:\\\/\\\/www.delanchy.com\\\/es\\\/quienes-nosotros-somos\\\/grupo\\\/#breadcrumb\",\"itemListElement\":[{\"@type\":\"ListItem\",\"position\":1,\"name\":\"Accueil\",\"item\":\"https:\\\/\\\/www.delanchy.com\\\/es\\\/\"},{\"@type\":\"ListItem\",\"position\":2,\"name\":\"Qui\u00e9nes nosotros somos\",\"item\":\"https:\\\/\\\/www.delanchy.com\\\/es\\\/quienes-nosotros-somos\\\/\"},{\"@type\":\"ListItem\",\"position\":3,\"name\":\"Nuestro Grupo\"}]},{\"@type\":\"WebSite\",\"@id\":\"https:\\\/\\\/www.delanchy.com\\\/#website\",\"url\":\"https:\\\/\\\/www.delanchy.com\\\/\",\"name\":\"Delanchy\",\"description\":\"Transport et logistique\",\"publisher\":{\"@id\":\"https:\\\/\\\/www.delanchy.com\\\/#organization\"},\"potentialAction\":[{\"@type\":\"SearchAction\",\"target\":{\"@type\":\"EntryPoint\",\"urlTemplate\":\"https:\\\/\\\/www.delanchy.com\\\/?s={search_term_string}\"},\"query-input\":{\"@type\":\"PropertyValueSpecification\",\"valueRequired\":true,\"valueName\":\"search_term_string\"}}],\"inLanguage\":\"es\"},{\"@type\":\"Organization\",\"@id\":\"https:\\\/\\\/www.delanchy.com\\\/#organization\",\"name\":\"Delanchy\",\"url\":\"https:\\\/\\\/www.delanchy.com\\\/\",\"logo\":{\"@type\":\"ImageObject\",\"inLanguage\":\"es\",\"@id\":\"https:\\\/\\\/www.delanchy.com\\\/#\\\/schema\\\/logo\\\/image\\\/\",\"url\":\"https:\\\/\\\/www.delanchy.com\\\/wp-content\\\/uploads\\\/2020\\\/01\\\/logo-delanchy.png\",\"contentUrl\":\"https:\\\/\\\/www.delanchy.com\\\/wp-content\\\/uploads\\\/2020\\\/01\\\/logo-delanchy.png\",\"width\":1090,\"height\":185,\"caption\":\"Delanchy\"},\"image\":{\"@id\":\"https:\\\/\\\/www.delanchy.com\\\/#\\\/schema\\\/logo\\\/image\\\/\"}}]}<\/script>\n<!-- \/ Yoast SEO plugin. -->","yoast_head_json":{"title":"Nuestro Grupo - Delanchy","robots":{"index":"index","follow":"follow","max-snippet":"max-snippet:-1","max-image-preview":"max-image-preview:large","max-video-preview":"max-video-preview:-1"},"canonical":"https:\/\/www.delanchy.com\/es\/quienes-nosotros-somos\/grupo\/","og_locale":"es_ES","og_type":"article","og_title":"Nuestro Grupo - Delanchy","og_description":"El Grupo DELANCHY se ha establecido como uno de los principales actores en el transporte y la log\u00edstica de productos frescos bajo control de temperatura positiva. Compromiso, innovaci\u00f3n, desarrollo de nuestra red de agencias y nuestras habilidades: prioridades para cumplir con el compromiso que tenemos con nuestros clientes.","og_url":"https:\/\/www.delanchy.com\/es\/quienes-nosotros-somos\/grupo\/","og_site_name":"Delanchy","article_modified_time":"2024-02-07T14:43:52+00:00","twitter_card":"summary_large_image","schema":{"@context":"https:\/\/schema.org","@graph":[{"@type":"WebPage","@id":"https:\/\/www.delanchy.com\/es\/quienes-nosotros-somos\/grupo\/","url":"https:\/\/www.delanchy.com\/es\/quienes-nosotros-somos\/grupo\/","name":"Nuestro Grupo - Delanchy","isPartOf":{"@id":"https:\/\/www.delanchy.com\/#website"},"datePublished":"2020-07-07T13:48:35+00:00","dateModified":"2024-02-07T14:43:52+00:00","breadcrumb":{"@id":"https:\/\/www.delanchy.com\/es\/quienes-nosotros-somos\/grupo\/#breadcrumb"},"inLanguage":"es","potentialAction":[{"@type":"ReadAction","target":["https:\/\/www.delanchy.com\/es\/quienes-nosotros-somos\/grupo\/"]}]},{"@type":"BreadcrumbList","@id":"https:\/\/www.delanchy.com\/es\/quienes-nosotros-somos\/grupo\/#breadcrumb","itemListElement":[{"@type":"ListItem","position":1,"name":"Accueil","item":"https:\/\/www.delanchy.com\/es\/"},{"@type":"ListItem","position":2,"name":"Qui\u00e9nes nosotros somos","item":"https:\/\/www.delanchy.com\/es\/quienes-nosotros-somos\/"},{"@type":"ListItem","position":3,"name":"Nuestro Grupo"}]},{"@type":"WebSite","@id":"https:\/\/www.delanchy.com\/#website","url":"https:\/\/www.delanchy.com\/","name":"Delanchy","description":"Transport et logistique","publisher":{"@id":"https:\/\/www.delanchy.com\/#organization"},"potentialAction":[{"@type":"SearchAction","target":{"@type":"EntryPoint","urlTemplate":"https:\/\/www.delanchy.com\/?s={search_term_string}"},"query-input":{"@type":"PropertyValueSpecification","valueRequired":true,"valueName":"search_term_string"}}],"inLanguage":"es"},{"@type":"Organization","@id":"https:\/\/www.delanchy.com\/#organization","name":"Delanchy","url":"https:\/\/www.delanchy.com\/","logo":{"@type":"ImageObject","inLanguage":"es","@id":"https:\/\/www.delanchy.com\/#\/schema\/logo\/image\/","url":"https:\/\/www.delanchy.com\/wp-content\/uploads\/2020\/01\/logo-delanchy.png","contentUrl":"https:\/\/www.delanchy.com\/wp-content\/uploads\/2020\/01\/logo-delanchy.png","width":1090,"height":185,"caption":"Delanchy"},"image":{"@id":"https:\/\/www.delanchy.com\/#\/schema\/logo\/image\/"}}]}},"_links":{"self":[{"href":"https:\/\/www.delanchy.com\/es\/wp-json\/wp\/v2\/pages\/2202","targetHints":{"allow":["GET"]}}],"collection":[{"href":"https:\/\/www.delanchy.com\/es\/wp-json\/wp\/v2\/pages"}],"about":[{"href":"https:\/\/www.delanchy.com\/es\/wp-json\/wp\/v2\/types\/page"}],"author":[{"embeddable":true,"href":"https:\/\/www.delanchy.com\/es\/wp-json\/wp\/v2\/users\/1"}],"replies":[{"embeddable":true,"href":"https:\/\/www.delanchy.com\/es\/wp-json\/wp\/v2\/comments?post=2202"}],"version-history":[{"count":8,"href":"https:\/\/www.delanchy.com\/es\/wp-json\/wp\/v2\/pages\/2202\/revisions"}],"predecessor-version":[{"id":4322,"href":"https:\/\/www.delanchy.com\/es\/wp-json\/wp\/v2\/pages\/2202\/revisions\/4322"}],"up":[{"embeddable":true,"href":"https:\/\/www.delanchy.com\/es\/wp-json\/wp\/v2\/pages\/2199"}],"wp:attachment":[{"href":"https:\/\/www.delanchy.com\/es\/wp-json\/wp\/v2\/media?parent=2202"}],"curies":[{"name":"wp","href":"https:\/\/api.w.org\/{rel}","templated":true}]}}