{"id":2213,"date":"2020-07-07T15:59:47","date_gmt":"2020-07-07T13:59:47","guid":{"rendered":"https:\/\/www.delanchy.com\/?page_id=2213"},"modified":"2024-02-15T16:15:59","modified_gmt":"2024-02-15T15:15:59","slug":"servicios","status":"publish","type":"page","link":"https:\/\/www.delanchy.com\/es\/servicios\/","title":{"rendered":"Nuestros servicios"},"content":{"rendered":"        <section class=\"top\">\n          <div class=\"container\">\n            <div class=\"bloc-txt\">\n                              <p class=\"subtitle\">Nuestras l\u00edneas de negocio<\/p>\n                                            <h1>\u00a1Nuestra voluntad, ser los mejores, no los m\u00e1s grandes!<\/h1>\n                            <p>Nuestro negocio: el transporte y la log\u00edstica de <strong>productos frescos,<\/strong> bajo control de temperatura positiva.<\/p>\n<p>Con nuestra red de agencias de log\u00edstica de transporte y nuestros servicios de <strong>exportaci\u00f3n a\u00e9rea y mar\u00edtima<\/strong>garantizamos un servicio de calidad en el <a href=\"https:\/\/www.delanchy.com\/es\/servicios\/transporte\/\">transporte de productos perecederos.<\/a><\/p>\n<p>La presencia del Grupo en Francia, Italia, Espa\u00f1a y Swiza le permite controlar toda la cadena log\u00edstica de la <strong>temperatura controlada<\/strong>: transporte, preparativos y servicios. La ausencia de subcontrataci\u00f3n asegura que tenemos un perfecto control del servicio.<\/p>\n<p>En el sector del transporte refrigerado y la <strong>log\u00edstica internacional<\/strong>, el Grupo DELANCHY es uno de los l\u00edderes en la log\u00edstica del fr\u00edo.<\/p>\n            <\/div>\n            <div class=\"bloc-img\">\n              <img decoding=\"async\" src=\"https:\/\/www.delanchy.com\/wp-content\/uploads\/2019\/12\/arriere-plan-scaled.jpg\" alt=\"Nuestros servicios\">\n            <\/div>\n          <\/div>\n        <\/section>\n    \n\n        <section class=\"services\">\n          <div class=\"container\">\n                                                                  <a href=\"https:\/\/www.delanchy.com\/es\/servicios\/transporte\/\" class=\"child-page\">\n                                    <p class=\"title\">\n                                          <img decoding=\"async\" src=\"https:\/\/www.delanchy.com\/wp-content\/uploads\/2020\/03\/picto-transports.png\" alt=\"\">\n                                        <span>Transporte<\/span>\n                  <\/p>\n                  <p>El transporte de productos frescos, nuestro negocio desde hace m\u00e1s de 50 a\u00f1os. Con nuestra experiencia, nuestros camiones y nuestros conductores, garantizamos una entrega de su mercanc\u00eda en las mejores condiciones.<\/p>\n                <\/a>\n                                              <a href=\"https:\/\/www.delanchy.com\/es\/servicios\/logistica\/\" class=\"child-page\">\n                                    <p class=\"title\">\n                                          <img decoding=\"async\" src=\"https:\/\/www.delanchy.com\/wp-content\/uploads\/2020\/02\/picto-logistique.png\" alt=\"\">\n                                        <span>Log\u00edstica<\/span>\n                  <\/p>\n                  <p>El 35% de nuestra actividad se dedica a la log\u00edstica en nuestras plataformas (recepci\u00f3n, preparaci\u00f3n de paquetes, etc.).<\/p>\n                <\/a>\n                                              <a href=\"https:\/\/www.delanchy.com\/es\/servicios\/la-gran-exportacion\/\" class=\"child-page\">\n                                    <p class=\"title\">\n                                          <img decoding=\"async\" src=\"https:\/\/www.delanchy.com\/wp-content\/uploads\/2020\/02\/picto-export.png\" alt=\"\">\n                                        <span>La Gran Exportaci\u00f3n<\/span>\n                  <\/p>\n                  <p>El Grupo DELANCHY tambi\u00e9n pone su experiencia al servicio de sus clientes para acompa\u00f1arlos en su desarrollo internacional.<\/p>\n                <\/a>\n                                              <a href=\"https:\/\/www.delanchy.com\/es\/servicios\/servicios-complementarios\/\" class=\"child-page\">\n                                    <p class=\"title\">\n                                          <img decoding=\"async\" src=\"https:\/\/www.delanchy.com\/wp-content\/uploads\/2020\/02\/picto-services.png\" alt=\"\">\n                                        <span>Aduanas y servicios complementarios<\/span>\n                  <\/p>\n                  <p>Las especificidades del comercio internacional exigen una verdadera pericia en materia de declaraciones y registro de mercanc\u00edas.<\/p>\n                <\/a>\n                                    <\/div>\n        <\/section>\n    ","protected":false},"excerpt":{"rendered":"","protected":false},"author":1,"featured_media":2216,"parent":0,"menu_order":4,"comment_status":"closed","ping_status":"closed","template":"gabarit-nos-services.php","meta":{"_acf_changed":false,"footnotes":""},"class_list":["post-2213","page","type-page","status-publish","has-post-thumbnail","hentry"],"acf":[],"yoast_head":"<!-- This site is optimized with the Yoast SEO plugin v27.4 - https:\/\/yoast.com\/product\/yoast-seo-wordpress\/ -->\n<title>Nuestros servicios - Delanchy<\/title>\n<meta name=\"robots\" content=\"index, follow, max-snippet:-1, max-image-preview:large, max-video-preview:-1\" \/>\n<link rel=\"canonical\" href=\"https:\/\/www.delanchy.com\/es\/servicios\/\" \/>\n<meta property=\"og:locale\" content=\"es_ES\" \/>\n<meta property=\"og:type\" content=\"article\" \/>\n<meta property=\"og:title\" content=\"Nuestros servicios - Delanchy\" \/>\n<meta property=\"og:url\" content=\"https:\/\/www.delanchy.com\/es\/servicios\/\" \/>\n<meta property=\"og:site_name\" content=\"Delanchy\" \/>\n<meta property=\"article:modified_time\" content=\"2024-02-15T15:15:59+00:00\" \/>\n<meta property=\"og:image\" content=\"https:\/\/www.delanchy.com\/wp-content\/uploads\/2019\/12\/arriere-plan-scaled.jpg\" \/>\n\t<meta property=\"og:image:width\" content=\"2560\" \/>\n\t<meta property=\"og:image:height\" content=\"1707\" \/>\n\t<meta property=\"og:image:type\" content=\"image\/jpeg\" \/>\n<meta name=\"twitter:card\" content=\"summary_large_image\" \/>\n<meta name=\"twitter:label1\" content=\"Tiempo de lectura\" \/>\n\t<meta name=\"twitter:data1\" content=\"1 minuto\" \/>\n<script type=\"application\/ld+json\" class=\"yoast-schema-graph\">{\"@context\":\"https:\\\/\\\/schema.org\",\"@graph\":[{\"@type\":\"WebPage\",\"@id\":\"https:\\\/\\\/www.delanchy.com\\\/es\\\/servicios\\\/\",\"url\":\"https:\\\/\\\/www.delanchy.com\\\/es\\\/servicios\\\/\",\"name\":\"Nuestros servicios - Delanchy\",\"isPartOf\":{\"@id\":\"https:\\\/\\\/www.delanchy.com\\\/#website\"},\"primaryImageOfPage\":{\"@id\":\"https:\\\/\\\/www.delanchy.com\\\/es\\\/servicios\\\/#primaryimage\"},\"image\":{\"@id\":\"https:\\\/\\\/www.delanchy.com\\\/es\\\/servicios\\\/#primaryimage\"},\"thumbnailUrl\":\"https:\\\/\\\/www.delanchy.com\\\/wp-content\\\/uploads\\\/2019\\\/12\\\/arriere-plan-scaled.jpg\",\"datePublished\":\"2020-07-07T13:59:47+00:00\",\"dateModified\":\"2024-02-15T15:15:59+00:00\",\"breadcrumb\":{\"@id\":\"https:\\\/\\\/www.delanchy.com\\\/es\\\/servicios\\\/#breadcrumb\"},\"inLanguage\":\"es\",\"potentialAction\":[{\"@type\":\"ReadAction\",\"target\":[\"https:\\\/\\\/www.delanchy.com\\\/es\\\/servicios\\\/\"]}]},{\"@type\":\"ImageObject\",\"inLanguage\":\"es\",\"@id\":\"https:\\\/\\\/www.delanchy.com\\\/es\\\/servicios\\\/#primaryimage\",\"url\":\"https:\\\/\\\/www.delanchy.com\\\/wp-content\\\/uploads\\\/2019\\\/12\\\/arriere-plan-scaled.jpg\",\"contentUrl\":\"https:\\\/\\\/www.delanchy.com\\\/wp-content\\\/uploads\\\/2019\\\/12\\\/arriere-plan-scaled.jpg\",\"width\":2560,\"height\":1707},{\"@type\":\"BreadcrumbList\",\"@id\":\"https:\\\/\\\/www.delanchy.com\\\/es\\\/servicios\\\/#breadcrumb\",\"itemListElement\":[{\"@type\":\"ListItem\",\"position\":1,\"name\":\"Accueil\",\"item\":\"https:\\\/\\\/www.delanchy.com\\\/es\\\/\"},{\"@type\":\"ListItem\",\"position\":2,\"name\":\"Nuestros servicios\"}]},{\"@type\":\"WebSite\",\"@id\":\"https:\\\/\\\/www.delanchy.com\\\/#website\",\"url\":\"https:\\\/\\\/www.delanchy.com\\\/\",\"name\":\"Delanchy\",\"description\":\"Transport et logistique\",\"publisher\":{\"@id\":\"https:\\\/\\\/www.delanchy.com\\\/#organization\"},\"potentialAction\":[{\"@type\":\"SearchAction\",\"target\":{\"@type\":\"EntryPoint\",\"urlTemplate\":\"https:\\\/\\\/www.delanchy.com\\\/?s={search_term_string}\"},\"query-input\":{\"@type\":\"PropertyValueSpecification\",\"valueRequired\":true,\"valueName\":\"search_term_string\"}}],\"inLanguage\":\"es\"},{\"@type\":\"Organization\",\"@id\":\"https:\\\/\\\/www.delanchy.com\\\/#organization\",\"name\":\"Delanchy\",\"url\":\"https:\\\/\\\/www.delanchy.com\\\/\",\"logo\":{\"@type\":\"ImageObject\",\"inLanguage\":\"es\",\"@id\":\"https:\\\/\\\/www.delanchy.com\\\/#\\\/schema\\\/logo\\\/image\\\/\",\"url\":\"https:\\\/\\\/www.delanchy.com\\\/wp-content\\\/uploads\\\/2020\\\/01\\\/logo-delanchy.png\",\"contentUrl\":\"https:\\\/\\\/www.delanchy.com\\\/wp-content\\\/uploads\\\/2020\\\/01\\\/logo-delanchy.png\",\"width\":1090,\"height\":185,\"caption\":\"Delanchy\"},\"image\":{\"@id\":\"https:\\\/\\\/www.delanchy.com\\\/#\\\/schema\\\/logo\\\/image\\\/\"}}]}<\/script>\n<!-- \/ Yoast SEO plugin. -->","yoast_head_json":{"title":"Nuestros servicios - Delanchy","robots":{"index":"index","follow":"follow","max-snippet":"max-snippet:-1","max-image-preview":"max-image-preview:large","max-video-preview":"max-video-preview:-1"},"canonical":"https:\/\/www.delanchy.com\/es\/servicios\/","og_locale":"es_ES","og_type":"article","og_title":"Nuestros servicios - Delanchy","og_url":"https:\/\/www.delanchy.com\/es\/servicios\/","og_site_name":"Delanchy","article_modified_time":"2024-02-15T15:15:59+00:00","og_image":[{"width":2560,"height":1707,"url":"https:\/\/www.delanchy.com\/wp-content\/uploads\/2019\/12\/arriere-plan-scaled.jpg","type":"image\/jpeg"}],"twitter_card":"summary_large_image","twitter_misc":{"Tiempo de lectura":"1 minuto"},"schema":{"@context":"https:\/\/schema.org","@graph":[{"@type":"WebPage","@id":"https:\/\/www.delanchy.com\/es\/servicios\/","url":"https:\/\/www.delanchy.com\/es\/servicios\/","name":"Nuestros servicios - Delanchy","isPartOf":{"@id":"https:\/\/www.delanchy.com\/#website"},"primaryImageOfPage":{"@id":"https:\/\/www.delanchy.com\/es\/servicios\/#primaryimage"},"image":{"@id":"https:\/\/www.delanchy.com\/es\/servicios\/#primaryimage"},"thumbnailUrl":"https:\/\/www.delanchy.com\/wp-content\/uploads\/2019\/12\/arriere-plan-scaled.jpg","datePublished":"2020-07-07T13:59:47+00:00","dateModified":"2024-02-15T15:15:59+00:00","breadcrumb":{"@id":"https:\/\/www.delanchy.com\/es\/servicios\/#breadcrumb"},"inLanguage":"es","potentialAction":[{"@type":"ReadAction","target":["https:\/\/www.delanchy.com\/es\/servicios\/"]}]},{"@type":"ImageObject","inLanguage":"es","@id":"https:\/\/www.delanchy.com\/es\/servicios\/#primaryimage","url":"https:\/\/www.delanchy.com\/wp-content\/uploads\/2019\/12\/arriere-plan-scaled.jpg","contentUrl":"https:\/\/www.delanchy.com\/wp-content\/uploads\/2019\/12\/arriere-plan-scaled.jpg","width":2560,"height":1707},{"@type":"BreadcrumbList","@id":"https:\/\/www.delanchy.com\/es\/servicios\/#breadcrumb","itemListElement":[{"@type":"ListItem","position":1,"name":"Accueil","item":"https:\/\/www.delanchy.com\/es\/"},{"@type":"ListItem","position":2,"name":"Nuestros servicios"}]},{"@type":"WebSite","@id":"https:\/\/www.delanchy.com\/#website","url":"https:\/\/www.delanchy.com\/","name":"Delanchy","description":"Transport et logistique","publisher":{"@id":"https:\/\/www.delanchy.com\/#organization"},"potentialAction":[{"@type":"SearchAction","target":{"@type":"EntryPoint","urlTemplate":"https:\/\/www.delanchy.com\/?s={search_term_string}"},"query-input":{"@type":"PropertyValueSpecification","valueRequired":true,"valueName":"search_term_string"}}],"inLanguage":"es"},{"@type":"Organization","@id":"https:\/\/www.delanchy.com\/#organization","name":"Delanchy","url":"https:\/\/www.delanchy.com\/","logo":{"@type":"ImageObject","inLanguage":"es","@id":"https:\/\/www.delanchy.com\/#\/schema\/logo\/image\/","url":"https:\/\/www.delanchy.com\/wp-content\/uploads\/2020\/01\/logo-delanchy.png","contentUrl":"https:\/\/www.delanchy.com\/wp-content\/uploads\/2020\/01\/logo-delanchy.png","width":1090,"height":185,"caption":"Delanchy"},"image":{"@id":"https:\/\/www.delanchy.com\/#\/schema\/logo\/image\/"}}]}},"_links":{"self":[{"href":"https:\/\/www.delanchy.com\/es\/wp-json\/wp\/v2\/pages\/2213","targetHints":{"allow":["GET"]}}],"collection":[{"href":"https:\/\/www.delanchy.com\/es\/wp-json\/wp\/v2\/pages"}],"about":[{"href":"https:\/\/www.delanchy.com\/es\/wp-json\/wp\/v2\/types\/page"}],"author":[{"embeddable":true,"href":"https:\/\/www.delanchy.com\/es\/wp-json\/wp\/v2\/users\/1"}],"replies":[{"embeddable":true,"href":"https:\/\/www.delanchy.com\/es\/wp-json\/wp\/v2\/comments?post=2213"}],"version-history":[{"count":7,"href":"https:\/\/www.delanchy.com\/es\/wp-json\/wp\/v2\/pages\/2213\/revisions"}],"predecessor-version":[{"id":4349,"href":"https:\/\/www.delanchy.com\/es\/wp-json\/wp\/v2\/pages\/2213\/revisions\/4349"}],"wp:featuredmedia":[{"embeddable":true,"href":"https:\/\/www.delanchy.com\/es\/wp-json\/wp\/v2\/media\/2216"}],"wp:attachment":[{"href":"https:\/\/www.delanchy.com\/es\/wp-json\/wp\/v2\/media?parent=2213"}],"curies":[{"name":"wp","href":"https:\/\/api.w.org\/{rel}","templated":true}]}}