{"id":2218,"date":"2020-07-07T16:02:28","date_gmt":"2020-07-07T14:02:28","guid":{"rendered":"https:\/\/www.delanchy.com\/?page_id=2218"},"modified":"2024-02-15T16:51:55","modified_gmt":"2024-02-15T15:51:55","slug":"transporte","status":"publish","type":"page","link":"https:\/\/www.delanchy.com\/es\/servicios\/transporte\/","title":{"rendered":"Transporte"},"content":{"rendered":"      <section class=\"texte\">\n        <div class=\"container\">\n          <p><a href=\"https:\/\/www.delanchy.com\/es\/servicios\/\">El transporte refrigerado<\/a> ha sido nuestro negocio durante m\u00e1s de 55 a\u00f1os.<\/p>\n<p>Con nuestra experiencia, nuestros camiones y nuestros conductores, garantizamos una entrega de su mercanc\u00eda en las mejores condiciones: productos frescos, <strong>productos del mar,<\/strong> carne, productos l\u00e1cteos, frutas y verduras<\/p>\n<p>El transporte de alimentos perecederos es el m\u00e1s exigente de todos.<\/p>\n<p>El grupo de <a href=\"https:\/\/www.delanchy.com\/es\/servicios\/la-gran-exportacion\/\">transporte log\u00edstico internacional<\/a> DELANCHY hace del <strong>respeto de los plazos<\/strong> una prioridad, pero tambi\u00e9n se compromete con la seguridad alimentaria. Estos compromisos est\u00e1n en el centro de nuestras preocupaciones diarias para el mantenimiento de la cadena de fr\u00edo y la preservaci\u00f3n de la calidad de los productos alimenticios que transportamos.<\/p>\n<p>&nbsp;<\/p>\n<p><img loading=\"lazy\" decoding=\"async\" class=\"alignnone wp-image-889 size-full\" src=\"https:\/\/www.delanchy.com\/wp-content\/uploads\/2020\/02\/transport-1.jpg\" alt=\"Transport (1)\" width=\"2000\" height=\"736\" srcset=\"https:\/\/www.delanchy.com\/wp-content\/uploads\/2020\/02\/transport-1.jpg 2000w, https:\/\/www.delanchy.com\/wp-content\/uploads\/2020\/02\/transport-1-300x110.jpg 300w, https:\/\/www.delanchy.com\/wp-content\/uploads\/2020\/02\/transport-1-1024x377.jpg 1024w, https:\/\/www.delanchy.com\/wp-content\/uploads\/2020\/02\/transport-1-768x283.jpg 768w, https:\/\/www.delanchy.com\/wp-content\/uploads\/2020\/02\/transport-1-1536x565.jpg 1536w\" sizes=\"auto, (max-width: 2000px) 100vw, 2000px\" \/><\/p>\n<p>&nbsp;<\/p>\n<p>La seguridad vial y el respeto al medio ambiente tambi\u00e9n son esenciales. Nuestra flota de camiones<a href=\"https:\/\/www.delanchy.com\/es\/innovaciones\/camion-refrigerado-100-electrico\/\"> y veh\u00edculos frigor\u00edficos de \u00faltima generaci\u00f3n<\/a> garantiza <strong>la seguridad y el rendimiento <\/strong>en nuestras misiones, pero tambi\u00e9n el respeto de nuestros compromisos de reducci\u00f3n de las emisiones contaminantes.<\/p>\n<p>&nbsp;<\/p>\n<p>Nuestra red de <a href=\"https:\/\/www.delanchy.com\/es\/servicios\/logistica\/\">agencias de transporte y log\u00edstica<\/a> trabaja sobre una base de justo a tiempo y asegura los plazos\u00a0:<\/p>\n<ul>\n<li>Del d\u00eda A al d\u00eda B en toda Francia<\/li>\n<li>Del d\u00eda A al d\u00eda C en Europa<\/li>\n<\/ul>\n<p>&nbsp;<\/p>\n<p>Nuestros servicios bajo <strong>control de temperatura<\/strong> positiva se llevan a cabo :<\/p>\n<ul>\n<li>De: Productores, Marinos, Cooperativas, Industrias alimenticias, Mayoristas&#8230;<\/li>\n<li>Para entrega a: Cash and Carry, Supermercados, Mayoristas, Hipermercados y Supermercados, Restauraci\u00f3n fuera de casa, Minoristas&#8230;<\/li>\n<\/ul>\n<p>&nbsp;<\/p>\n<p><img loading=\"lazy\" decoding=\"async\" class=\"alignnone wp-image-895 size-large\" src=\"https:\/\/www.delanchy.com\/wp-content\/uploads\/2020\/02\/transport-2-1024x682.jpg\" alt=\"Transport (2)\" width=\"1024\" height=\"682\" data-wp-editing=\"1\" srcset=\"https:\/\/www.delanchy.com\/wp-content\/uploads\/2020\/02\/transport-2-1024x682.jpg 1024w, https:\/\/www.delanchy.com\/wp-content\/uploads\/2020\/02\/transport-2-300x200.jpg 300w, https:\/\/www.delanchy.com\/wp-content\/uploads\/2020\/02\/transport-2-768x512.jpg 768w, https:\/\/www.delanchy.com\/wp-content\/uploads\/2020\/02\/transport-2-1536x1024.jpg 1536w, https:\/\/www.delanchy.com\/wp-content\/uploads\/2020\/02\/transport-2.jpg 2000w\" sizes=\"auto, (max-width: 1024px) 100vw, 1024px\" \/><\/p>\n        <\/div>\n      <\/section>\n    ","protected":false},"excerpt":{"rendered":"<p>El transporte de productos frescos, nuestro negocio desde hace m\u00e1s de 50 a\u00f1os. Con nuestra experiencia, nuestros camiones y nuestros conductores, garantizamos una entrega de su mercanc\u00eda en las mejores condiciones.<\/p>\n","protected":false},"author":1,"featured_media":0,"parent":2213,"menu_order":1,"comment_status":"closed","ping_status":"closed","template":"","meta":{"_acf_changed":false,"footnotes":""},"class_list":["post-2218","page","type-page","status-publish","hentry"],"acf":[],"yoast_head":"<!-- This site is optimized with the Yoast SEO plugin v27.4 - https:\/\/yoast.com\/product\/yoast-seo-wordpress\/ -->\n<title>Transporte - Delanchy<\/title>\n<meta name=\"robots\" content=\"index, follow, max-snippet:-1, max-image-preview:large, max-video-preview:-1\" \/>\n<link rel=\"canonical\" href=\"https:\/\/www.delanchy.com\/es\/servicios\/transporte\/\" \/>\n<meta property=\"og:locale\" content=\"es_ES\" \/>\n<meta property=\"og:type\" content=\"article\" \/>\n<meta property=\"og:title\" content=\"Transporte - Delanchy\" \/>\n<meta property=\"og:description\" content=\"El transporte de productos frescos, nuestro negocio desde hace m\u00e1s de 50 a\u00f1os. Con nuestra experiencia, nuestros camiones y nuestros conductores, garantizamos una entrega de su mercanc\u00eda en las mejores condiciones.\" \/>\n<meta property=\"og:url\" content=\"https:\/\/www.delanchy.com\/es\/servicios\/transporte\/\" \/>\n<meta property=\"og:site_name\" content=\"Delanchy\" \/>\n<meta property=\"article:modified_time\" content=\"2024-02-15T15:51:55+00:00\" \/>\n<meta name=\"twitter:card\" content=\"summary_large_image\" \/>\n<script type=\"application\/ld+json\" class=\"yoast-schema-graph\">{\"@context\":\"https:\\\/\\\/schema.org\",\"@graph\":[{\"@type\":\"WebPage\",\"@id\":\"https:\\\/\\\/www.delanchy.com\\\/es\\\/servicios\\\/transporte\\\/\",\"url\":\"https:\\\/\\\/www.delanchy.com\\\/es\\\/servicios\\\/transporte\\\/\",\"name\":\"Transporte - Delanchy\",\"isPartOf\":{\"@id\":\"https:\\\/\\\/www.delanchy.com\\\/#website\"},\"datePublished\":\"2020-07-07T14:02:28+00:00\",\"dateModified\":\"2024-02-15T15:51:55+00:00\",\"breadcrumb\":{\"@id\":\"https:\\\/\\\/www.delanchy.com\\\/es\\\/servicios\\\/transporte\\\/#breadcrumb\"},\"inLanguage\":\"es\",\"potentialAction\":[{\"@type\":\"ReadAction\",\"target\":[\"https:\\\/\\\/www.delanchy.com\\\/es\\\/servicios\\\/transporte\\\/\"]}]},{\"@type\":\"BreadcrumbList\",\"@id\":\"https:\\\/\\\/www.delanchy.com\\\/es\\\/servicios\\\/transporte\\\/#breadcrumb\",\"itemListElement\":[{\"@type\":\"ListItem\",\"position\":1,\"name\":\"Accueil\",\"item\":\"https:\\\/\\\/www.delanchy.com\\\/es\\\/\"},{\"@type\":\"ListItem\",\"position\":2,\"name\":\"Nuestros servicios\",\"item\":\"https:\\\/\\\/www.delanchy.com\\\/es\\\/servicios\\\/\"},{\"@type\":\"ListItem\",\"position\":3,\"name\":\"Transporte\"}]},{\"@type\":\"WebSite\",\"@id\":\"https:\\\/\\\/www.delanchy.com\\\/#website\",\"url\":\"https:\\\/\\\/www.delanchy.com\\\/\",\"name\":\"Delanchy\",\"description\":\"Transport et logistique\",\"publisher\":{\"@id\":\"https:\\\/\\\/www.delanchy.com\\\/#organization\"},\"potentialAction\":[{\"@type\":\"SearchAction\",\"target\":{\"@type\":\"EntryPoint\",\"urlTemplate\":\"https:\\\/\\\/www.delanchy.com\\\/?s={search_term_string}\"},\"query-input\":{\"@type\":\"PropertyValueSpecification\",\"valueRequired\":true,\"valueName\":\"search_term_string\"}}],\"inLanguage\":\"es\"},{\"@type\":\"Organization\",\"@id\":\"https:\\\/\\\/www.delanchy.com\\\/#organization\",\"name\":\"Delanchy\",\"url\":\"https:\\\/\\\/www.delanchy.com\\\/\",\"logo\":{\"@type\":\"ImageObject\",\"inLanguage\":\"es\",\"@id\":\"https:\\\/\\\/www.delanchy.com\\\/#\\\/schema\\\/logo\\\/image\\\/\",\"url\":\"https:\\\/\\\/www.delanchy.com\\\/wp-content\\\/uploads\\\/2020\\\/01\\\/logo-delanchy.png\",\"contentUrl\":\"https:\\\/\\\/www.delanchy.com\\\/wp-content\\\/uploads\\\/2020\\\/01\\\/logo-delanchy.png\",\"width\":1090,\"height\":185,\"caption\":\"Delanchy\"},\"image\":{\"@id\":\"https:\\\/\\\/www.delanchy.com\\\/#\\\/schema\\\/logo\\\/image\\\/\"}}]}<\/script>\n<!-- \/ Yoast SEO plugin. -->","yoast_head_json":{"title":"Transporte - Delanchy","robots":{"index":"index","follow":"follow","max-snippet":"max-snippet:-1","max-image-preview":"max-image-preview:large","max-video-preview":"max-video-preview:-1"},"canonical":"https:\/\/www.delanchy.com\/es\/servicios\/transporte\/","og_locale":"es_ES","og_type":"article","og_title":"Transporte - Delanchy","og_description":"El transporte de productos frescos, nuestro negocio desde hace m\u00e1s de 50 a\u00f1os. Con nuestra experiencia, nuestros camiones y nuestros conductores, garantizamos una entrega de su mercanc\u00eda en las mejores condiciones.","og_url":"https:\/\/www.delanchy.com\/es\/servicios\/transporte\/","og_site_name":"Delanchy","article_modified_time":"2024-02-15T15:51:55+00:00","twitter_card":"summary_large_image","schema":{"@context":"https:\/\/schema.org","@graph":[{"@type":"WebPage","@id":"https:\/\/www.delanchy.com\/es\/servicios\/transporte\/","url":"https:\/\/www.delanchy.com\/es\/servicios\/transporte\/","name":"Transporte - Delanchy","isPartOf":{"@id":"https:\/\/www.delanchy.com\/#website"},"datePublished":"2020-07-07T14:02:28+00:00","dateModified":"2024-02-15T15:51:55+00:00","breadcrumb":{"@id":"https:\/\/www.delanchy.com\/es\/servicios\/transporte\/#breadcrumb"},"inLanguage":"es","potentialAction":[{"@type":"ReadAction","target":["https:\/\/www.delanchy.com\/es\/servicios\/transporte\/"]}]},{"@type":"BreadcrumbList","@id":"https:\/\/www.delanchy.com\/es\/servicios\/transporte\/#breadcrumb","itemListElement":[{"@type":"ListItem","position":1,"name":"Accueil","item":"https:\/\/www.delanchy.com\/es\/"},{"@type":"ListItem","position":2,"name":"Nuestros servicios","item":"https:\/\/www.delanchy.com\/es\/servicios\/"},{"@type":"ListItem","position":3,"name":"Transporte"}]},{"@type":"WebSite","@id":"https:\/\/www.delanchy.com\/#website","url":"https:\/\/www.delanchy.com\/","name":"Delanchy","description":"Transport et logistique","publisher":{"@id":"https:\/\/www.delanchy.com\/#organization"},"potentialAction":[{"@type":"SearchAction","target":{"@type":"EntryPoint","urlTemplate":"https:\/\/www.delanchy.com\/?s={search_term_string}"},"query-input":{"@type":"PropertyValueSpecification","valueRequired":true,"valueName":"search_term_string"}}],"inLanguage":"es"},{"@type":"Organization","@id":"https:\/\/www.delanchy.com\/#organization","name":"Delanchy","url":"https:\/\/www.delanchy.com\/","logo":{"@type":"ImageObject","inLanguage":"es","@id":"https:\/\/www.delanchy.com\/#\/schema\/logo\/image\/","url":"https:\/\/www.delanchy.com\/wp-content\/uploads\/2020\/01\/logo-delanchy.png","contentUrl":"https:\/\/www.delanchy.com\/wp-content\/uploads\/2020\/01\/logo-delanchy.png","width":1090,"height":185,"caption":"Delanchy"},"image":{"@id":"https:\/\/www.delanchy.com\/#\/schema\/logo\/image\/"}}]}},"_links":{"self":[{"href":"https:\/\/www.delanchy.com\/es\/wp-json\/wp\/v2\/pages\/2218","targetHints":{"allow":["GET"]}}],"collection":[{"href":"https:\/\/www.delanchy.com\/es\/wp-json\/wp\/v2\/pages"}],"about":[{"href":"https:\/\/www.delanchy.com\/es\/wp-json\/wp\/v2\/types\/page"}],"author":[{"embeddable":true,"href":"https:\/\/www.delanchy.com\/es\/wp-json\/wp\/v2\/users\/1"}],"replies":[{"embeddable":true,"href":"https:\/\/www.delanchy.com\/es\/wp-json\/wp\/v2\/comments?post=2218"}],"version-history":[{"count":8,"href":"https:\/\/www.delanchy.com\/es\/wp-json\/wp\/v2\/pages\/2218\/revisions"}],"predecessor-version":[{"id":4370,"href":"https:\/\/www.delanchy.com\/es\/wp-json\/wp\/v2\/pages\/2218\/revisions\/4370"}],"up":[{"embeddable":true,"href":"https:\/\/www.delanchy.com\/es\/wp-json\/wp\/v2\/pages\/2213"}],"wp:attachment":[{"href":"https:\/\/www.delanchy.com\/es\/wp-json\/wp\/v2\/media?parent=2218"}],"curies":[{"name":"wp","href":"https:\/\/api.w.org\/{rel}","templated":true}]}}