{"id":2230,"date":"2020-07-07T16:10:37","date_gmt":"2020-07-07T14:10:37","guid":{"rendered":"https:\/\/www.delanchy.com\/?page_id=2230"},"modified":"2020-07-09T11:26:09","modified_gmt":"2020-07-09T09:26:09","slug":"la-gran-exportacion","status":"publish","type":"page","link":"https:\/\/www.delanchy.com\/es\/servicios\/la-gran-exportacion\/","title":{"rendered":"La Gran Exportaci\u00f3n"},"content":{"rendered":"      <section class=\"texte\">\n        <div class=\"container\">\n          <p>El Grupo DELANCHY tambi\u00e9n pone su experiencia al servicio de sus clientes para acompa\u00f1arlos en su desarrollo <strong>internacional y en sus env\u00edos.<\/strong><\/p>\n<p>Recogida, grupaje &#8211; almacenamiento, despacho de aduanas y entrega, <a href=\"https:\/\/www.delanchy.com\/es\/servicios\/transporte\/\">nuestra cadena log\u00edstica de transporte<\/a> asegura la entrega <strong>en todo el mundo <\/strong>por aire o por mar.<\/p>\n<p>&nbsp;<\/p>\n<p><img loading=\"lazy\" decoding=\"async\" class=\"alignnone wp-image-915 size-full\" src=\"https:\/\/www.delanchy.com\/wp-content\/uploads\/2020\/02\/grand-export-1.jpg\" alt=\"Port Of Ningbo Zhoushan\" width=\"2000\" height=\"822\" srcset=\"https:\/\/www.delanchy.com\/wp-content\/uploads\/2020\/02\/grand-export-1.jpg 2000w, https:\/\/www.delanchy.com\/wp-content\/uploads\/2020\/02\/grand-export-1-300x123.jpg 300w, https:\/\/www.delanchy.com\/wp-content\/uploads\/2020\/02\/grand-export-1-1024x421.jpg 1024w, https:\/\/www.delanchy.com\/wp-content\/uploads\/2020\/02\/grand-export-1-768x316.jpg 768w, https:\/\/www.delanchy.com\/wp-content\/uploads\/2020\/02\/grand-export-1-1536x631.jpg 1536w\" sizes=\"auto, (max-width: 2000px) 100vw, 2000px\" \/><\/p>\n<h2><\/h2>\n<h2>El aire<\/h2>\n<ul>\n<li>Relleno de todos los productos frescos, congelados y de la <strong>marea en cajas de avi\u00f3n herm\u00e9ticas e isot\u00e9rmicas.<\/strong><\/li>\n<li>Consolidaci\u00f3n de los env\u00edos mundiales.<\/li>\n<li>Seguimiento administrativo y control de los procedimientos de encapsulamiento con <strong>gel refrescante o hielo seco.<\/strong><\/li>\n<li>Entrega de mercanc\u00edas a las aerol\u00edneas a trav\u00e9s de nuestra propia red de transporte log\u00edstico.<\/li>\n<li><strong>Las operaciones aduaneras<\/strong> y el tr\u00e1nsito a trav\u00e9s de nuestros socios aprobados.<\/li>\n<li>Formalidades aduaneras.<\/li>\n<li>Tr\u00e1mites administrativos de importaci\u00f3n y exportaci\u00f3n.<\/li>\n<\/ul>\n<p><strong>\u00a0<\/strong><\/p>\n<h2>El Mar\u00edtimo<\/h2>\n<ul>\n<li>Una gama completa de servicios de grupaje para la exportaci\u00f3n de todos los productos en<strong>contenedores de 20&#8242; y 40&#8242;.<\/strong><\/li>\n<li>El env\u00edo de lotes completos y parciales.<\/li>\n<li>Personalizaci\u00f3n en paletas, preparaciones a granel, acu\u00f1ado con globos&#8230;<\/li>\n<li>Consolidaci\u00f3n personalizada de contenedores para <strong>optimizar los flujos y las cargas.<\/strong><\/li>\n<li>Vigilancia y control de los procedimientos de carga.<\/li>\n<li><a href=\"https:\/\/www.delanchy.com\/es\/servicios\/servicios-complementarios\/\">Formalidades aduaneras.<\/a><\/li>\n<\/ul>\n<p>&nbsp;<\/p>\n<p>Nuestros servicios de exportaci\u00f3n est\u00e1n a su disposici\u00f3n para sus necesidades <strong>en todos los mercados extranjeros.<\/strong><\/p>\n        <\/div>\n      <\/section>\n    ","protected":false},"excerpt":{"rendered":"<p>El Grupo DELANCHY tambi\u00e9n pone su experiencia al servicio de sus clientes para acompa\u00f1arlos en su desarrollo internacional.<\/p>\n","protected":false},"author":1,"featured_media":0,"parent":2213,"menu_order":3,"comment_status":"closed","ping_status":"closed","template":"","meta":{"_acf_changed":false,"footnotes":""},"class_list":["post-2230","page","type-page","status-publish","hentry"],"acf":[],"yoast_head":"<!-- This site is optimized with the Yoast SEO plugin v27.4 - https:\/\/yoast.com\/product\/yoast-seo-wordpress\/ -->\n<title>La Gran Exportaci\u00f3n - Delanchy<\/title>\n<meta name=\"robots\" content=\"index, follow, max-snippet:-1, max-image-preview:large, max-video-preview:-1\" \/>\n<link rel=\"canonical\" href=\"https:\/\/www.delanchy.com\/es\/servicios\/la-gran-exportacion\/\" \/>\n<meta property=\"og:locale\" content=\"es_ES\" \/>\n<meta property=\"og:type\" content=\"article\" \/>\n<meta property=\"og:title\" content=\"La Gran Exportaci\u00f3n - Delanchy\" \/>\n<meta property=\"og:description\" content=\"El Grupo DELANCHY tambi\u00e9n pone su experiencia al servicio de sus clientes para acompa\u00f1arlos en su desarrollo internacional.\" \/>\n<meta property=\"og:url\" content=\"https:\/\/www.delanchy.com\/es\/servicios\/la-gran-exportacion\/\" \/>\n<meta property=\"og:site_name\" content=\"Delanchy\" \/>\n<meta property=\"article:modified_time\" content=\"2020-07-09T09:26:09+00:00\" \/>\n<meta name=\"twitter:card\" content=\"summary_large_image\" \/>\n<script type=\"application\/ld+json\" class=\"yoast-schema-graph\">{\"@context\":\"https:\\\/\\\/schema.org\",\"@graph\":[{\"@type\":\"WebPage\",\"@id\":\"https:\\\/\\\/www.delanchy.com\\\/es\\\/servicios\\\/la-gran-exportacion\\\/\",\"url\":\"https:\\\/\\\/www.delanchy.com\\\/es\\\/servicios\\\/la-gran-exportacion\\\/\",\"name\":\"La Gran Exportaci\u00f3n - Delanchy\",\"isPartOf\":{\"@id\":\"https:\\\/\\\/www.delanchy.com\\\/#website\"},\"datePublished\":\"2020-07-07T14:10:37+00:00\",\"dateModified\":\"2020-07-09T09:26:09+00:00\",\"breadcrumb\":{\"@id\":\"https:\\\/\\\/www.delanchy.com\\\/es\\\/servicios\\\/la-gran-exportacion\\\/#breadcrumb\"},\"inLanguage\":\"es\",\"potentialAction\":[{\"@type\":\"ReadAction\",\"target\":[\"https:\\\/\\\/www.delanchy.com\\\/es\\\/servicios\\\/la-gran-exportacion\\\/\"]}]},{\"@type\":\"BreadcrumbList\",\"@id\":\"https:\\\/\\\/www.delanchy.com\\\/es\\\/servicios\\\/la-gran-exportacion\\\/#breadcrumb\",\"itemListElement\":[{\"@type\":\"ListItem\",\"position\":1,\"name\":\"Accueil\",\"item\":\"https:\\\/\\\/www.delanchy.com\\\/es\\\/\"},{\"@type\":\"ListItem\",\"position\":2,\"name\":\"Nuestros servicios\",\"item\":\"https:\\\/\\\/www.delanchy.com\\\/es\\\/servicios\\\/\"},{\"@type\":\"ListItem\",\"position\":3,\"name\":\"La Gran Exportaci\u00f3n\"}]},{\"@type\":\"WebSite\",\"@id\":\"https:\\\/\\\/www.delanchy.com\\\/#website\",\"url\":\"https:\\\/\\\/www.delanchy.com\\\/\",\"name\":\"Delanchy\",\"description\":\"Transport et logistique\",\"publisher\":{\"@id\":\"https:\\\/\\\/www.delanchy.com\\\/#organization\"},\"potentialAction\":[{\"@type\":\"SearchAction\",\"target\":{\"@type\":\"EntryPoint\",\"urlTemplate\":\"https:\\\/\\\/www.delanchy.com\\\/?s={search_term_string}\"},\"query-input\":{\"@type\":\"PropertyValueSpecification\",\"valueRequired\":true,\"valueName\":\"search_term_string\"}}],\"inLanguage\":\"es\"},{\"@type\":\"Organization\",\"@id\":\"https:\\\/\\\/www.delanchy.com\\\/#organization\",\"name\":\"Delanchy\",\"url\":\"https:\\\/\\\/www.delanchy.com\\\/\",\"logo\":{\"@type\":\"ImageObject\",\"inLanguage\":\"es\",\"@id\":\"https:\\\/\\\/www.delanchy.com\\\/#\\\/schema\\\/logo\\\/image\\\/\",\"url\":\"https:\\\/\\\/www.delanchy.com\\\/wp-content\\\/uploads\\\/2020\\\/01\\\/logo-delanchy.png\",\"contentUrl\":\"https:\\\/\\\/www.delanchy.com\\\/wp-content\\\/uploads\\\/2020\\\/01\\\/logo-delanchy.png\",\"width\":1090,\"height\":185,\"caption\":\"Delanchy\"},\"image\":{\"@id\":\"https:\\\/\\\/www.delanchy.com\\\/#\\\/schema\\\/logo\\\/image\\\/\"}}]}<\/script>\n<!-- \/ Yoast SEO plugin. -->","yoast_head_json":{"title":"La Gran Exportaci\u00f3n - Delanchy","robots":{"index":"index","follow":"follow","max-snippet":"max-snippet:-1","max-image-preview":"max-image-preview:large","max-video-preview":"max-video-preview:-1"},"canonical":"https:\/\/www.delanchy.com\/es\/servicios\/la-gran-exportacion\/","og_locale":"es_ES","og_type":"article","og_title":"La Gran Exportaci\u00f3n - Delanchy","og_description":"El Grupo DELANCHY tambi\u00e9n pone su experiencia al servicio de sus clientes para acompa\u00f1arlos en su desarrollo internacional.","og_url":"https:\/\/www.delanchy.com\/es\/servicios\/la-gran-exportacion\/","og_site_name":"Delanchy","article_modified_time":"2020-07-09T09:26:09+00:00","twitter_card":"summary_large_image","schema":{"@context":"https:\/\/schema.org","@graph":[{"@type":"WebPage","@id":"https:\/\/www.delanchy.com\/es\/servicios\/la-gran-exportacion\/","url":"https:\/\/www.delanchy.com\/es\/servicios\/la-gran-exportacion\/","name":"La Gran Exportaci\u00f3n - Delanchy","isPartOf":{"@id":"https:\/\/www.delanchy.com\/#website"},"datePublished":"2020-07-07T14:10:37+00:00","dateModified":"2020-07-09T09:26:09+00:00","breadcrumb":{"@id":"https:\/\/www.delanchy.com\/es\/servicios\/la-gran-exportacion\/#breadcrumb"},"inLanguage":"es","potentialAction":[{"@type":"ReadAction","target":["https:\/\/www.delanchy.com\/es\/servicios\/la-gran-exportacion\/"]}]},{"@type":"BreadcrumbList","@id":"https:\/\/www.delanchy.com\/es\/servicios\/la-gran-exportacion\/#breadcrumb","itemListElement":[{"@type":"ListItem","position":1,"name":"Accueil","item":"https:\/\/www.delanchy.com\/es\/"},{"@type":"ListItem","position":2,"name":"Nuestros servicios","item":"https:\/\/www.delanchy.com\/es\/servicios\/"},{"@type":"ListItem","position":3,"name":"La Gran Exportaci\u00f3n"}]},{"@type":"WebSite","@id":"https:\/\/www.delanchy.com\/#website","url":"https:\/\/www.delanchy.com\/","name":"Delanchy","description":"Transport et logistique","publisher":{"@id":"https:\/\/www.delanchy.com\/#organization"},"potentialAction":[{"@type":"SearchAction","target":{"@type":"EntryPoint","urlTemplate":"https:\/\/www.delanchy.com\/?s={search_term_string}"},"query-input":{"@type":"PropertyValueSpecification","valueRequired":true,"valueName":"search_term_string"}}],"inLanguage":"es"},{"@type":"Organization","@id":"https:\/\/www.delanchy.com\/#organization","name":"Delanchy","url":"https:\/\/www.delanchy.com\/","logo":{"@type":"ImageObject","inLanguage":"es","@id":"https:\/\/www.delanchy.com\/#\/schema\/logo\/image\/","url":"https:\/\/www.delanchy.com\/wp-content\/uploads\/2020\/01\/logo-delanchy.png","contentUrl":"https:\/\/www.delanchy.com\/wp-content\/uploads\/2020\/01\/logo-delanchy.png","width":1090,"height":185,"caption":"Delanchy"},"image":{"@id":"https:\/\/www.delanchy.com\/#\/schema\/logo\/image\/"}}]}},"_links":{"self":[{"href":"https:\/\/www.delanchy.com\/es\/wp-json\/wp\/v2\/pages\/2230","targetHints":{"allow":["GET"]}}],"collection":[{"href":"https:\/\/www.delanchy.com\/es\/wp-json\/wp\/v2\/pages"}],"about":[{"href":"https:\/\/www.delanchy.com\/es\/wp-json\/wp\/v2\/types\/page"}],"author":[{"embeddable":true,"href":"https:\/\/www.delanchy.com\/es\/wp-json\/wp\/v2\/users\/1"}],"replies":[{"embeddable":true,"href":"https:\/\/www.delanchy.com\/es\/wp-json\/wp\/v2\/comments?post=2230"}],"version-history":[{"count":7,"href":"https:\/\/www.delanchy.com\/es\/wp-json\/wp\/v2\/pages\/2230\/revisions"}],"predecessor-version":[{"id":2421,"href":"https:\/\/www.delanchy.com\/es\/wp-json\/wp\/v2\/pages\/2230\/revisions\/2421"}],"up":[{"embeddable":true,"href":"https:\/\/www.delanchy.com\/es\/wp-json\/wp\/v2\/pages\/2213"}],"wp:attachment":[{"href":"https:\/\/www.delanchy.com\/es\/wp-json\/wp\/v2\/media?parent=2230"}],"curies":[{"name":"wp","href":"https:\/\/api.w.org\/{rel}","templated":true}]}}