{"id":2236,"date":"2020-07-07T16:13:19","date_gmt":"2020-07-07T14:13:19","guid":{"rendered":"https:\/\/www.delanchy.com\/?page_id=2236"},"modified":"2022-09-09T09:23:22","modified_gmt":"2022-09-09T07:23:22","slug":"servicios-complementarios","status":"publish","type":"page","link":"https:\/\/www.delanchy.com\/es\/servicios\/servicios-complementarios\/","title":{"rendered":"Aduanas y servicios complementarios"},"content":{"rendered":"      <section class=\"texte\">\n        <div class=\"container\">\n          <h2>Asistencia aduanera y de importaci\u00f3n y exportaci\u00f3n<\/h2>\n<p>Las especificidades del comercio internacional exigen una verdadera pericia en materia de declaraciones y registro de mercanc\u00edas. Para las <a href=\"https:\/\/www.delanchy.com\/es\/servicios\/la-gran-exportacion\/\">grandes exportaciones<\/a><strong>,<\/strong> como para ciertos <strong>intercambios fuera de la Uni\u00f3n Europea<\/strong>, el Grupo DELANCHY le ayuda en todos estos procedimientos.<\/p>\n<p>Nuestra agencia <strong>COPROMER<\/strong> est\u00e1 ahora registrada como <strong>representante de Aduanas.<\/strong><\/p>\n<p>Este servicio est\u00e1 a su disposici\u00f3n para ayudarle a establecer su:<\/p>\n<ul>\n<li>Tr\u00e1mites de importaci\u00f3n y exportaci\u00f3n<\/li>\n<li>El pago de los impuestos sobre sus bienes<\/li>\n<\/ul>\n<h4><strong>El BREXIT :<\/strong><\/h4>\n<ul>\n<li>Tr\u00e1mites aduaneros obligatorios<\/li>\n<li>Tr\u00e1mites y controles sanitarios obligatorios<\/li>\n<li>Diferentes pasos en los derechos aduaneros que se aplican en los productos<\/li>\n<\/ul>\n<p>P\u00f3ngase\u00a0en\u00a0contacto con\u00a0nosotros ahora mismo para obtener m\u00e1s informaci\u00f3n.<\/p>\n<p>&nbsp;<\/p>\n<p><img loading=\"lazy\" decoding=\"async\" class=\"wp-image-1896 size-full aligncenter\" src=\"https:\/\/www.delanchy.com\/wp-content\/uploads\/2020\/05\/services-complementaires.jpg\" alt=\"services-complementaires\" width=\"2000\" height=\"1333\" srcset=\"https:\/\/www.delanchy.com\/wp-content\/uploads\/2020\/05\/services-complementaires.jpg 2000w, https:\/\/www.delanchy.com\/wp-content\/uploads\/2020\/05\/services-complementaires-300x200.jpg 300w, https:\/\/www.delanchy.com\/wp-content\/uploads\/2020\/05\/services-complementaires-1024x682.jpg 1024w, https:\/\/www.delanchy.com\/wp-content\/uploads\/2020\/05\/services-complementaires-768x512.jpg 768w, https:\/\/www.delanchy.com\/wp-content\/uploads\/2020\/05\/services-complementaires-1536x1024.jpg 1536w\" sizes=\"auto, (max-width: 2000px) 100vw, 2000px\" \/><\/p>\n<p>Llamando a nuestros equipos ahorrar\u00e1 tiempo y se asegurar\u00e1 de que sus paquetes no sean <strong>bloqueados en la aduana.<\/strong><\/p>\n<p>&nbsp;<\/p>\n<p>AGENCIA ADUANERA DE TRANSPORTES COPROMER &#8211; GROUPE DELANCHY<\/p>\n<ul>\n<li><strong>No. Registro Habilitante 00005884<\/strong><\/li>\n<li><strong>OEA &#8211; (op\u00e9rateur Economique Agr\u00e9\u00e9) no. FR AEOC 00165732<\/strong><\/li>\n<\/ul>\n<p>&nbsp;<\/p>\n<ul>\n<li><strong>Nuestras oficinas\u00a0<\/strong><\/li>\n<\/ul>\n<p>31 Rue Alexandre Adam \u2013 62200 BOULOGNE SUR MER<\/p>\n<ul>\n<li>\n<h2><strong style=\"font-size: 16px\">Direcci\u00f3n postal<\/strong><\/h2>\n<\/li>\n<\/ul>\n<p>4 Rue Huret Lagache &#8211; 62200 BOULOGNE SUR MER<\/p>\n<p>&nbsp;<\/p>\n<p><strong>CONTACTO<\/strong><\/p>\n<p>Tel : +33 (0)3 61 31 13 30<\/p>\n<p>E-mail : douane.copro@delanchy.fr<\/p>\n<p>&nbsp;<\/p>\n<p>&nbsp;<\/p>\n<p>&nbsp;<\/p>\n        <\/div>\n      <\/section>\n    ","protected":false},"excerpt":{"rendered":"<p>Las especificidades del comercio internacional exigen una verdadera pericia en materia de declaraciones y registro de mercanc\u00edas.<\/p>\n","protected":false},"author":1,"featured_media":0,"parent":2213,"menu_order":4,"comment_status":"closed","ping_status":"closed","template":"","meta":{"_acf_changed":false,"footnotes":""},"class_list":["post-2236","page","type-page","status-publish","hentry"],"acf":[],"yoast_head":"<!-- This site is optimized with the Yoast SEO plugin v27.4 - https:\/\/yoast.com\/product\/yoast-seo-wordpress\/ -->\n<title>Aduanas y servicios complementarios - Delanchy<\/title>\n<meta name=\"robots\" content=\"index, follow, max-snippet:-1, max-image-preview:large, max-video-preview:-1\" \/>\n<link rel=\"canonical\" href=\"https:\/\/www.delanchy.com\/es\/servicios\/servicios-complementarios\/\" \/>\n<meta property=\"og:locale\" content=\"es_ES\" \/>\n<meta property=\"og:type\" content=\"article\" \/>\n<meta property=\"og:title\" content=\"Aduanas y servicios complementarios - Delanchy\" \/>\n<meta property=\"og:description\" content=\"Las especificidades del comercio internacional exigen una verdadera pericia en materia de declaraciones y registro de mercanc\u00edas.\" \/>\n<meta property=\"og:url\" content=\"https:\/\/www.delanchy.com\/es\/servicios\/servicios-complementarios\/\" \/>\n<meta property=\"og:site_name\" content=\"Delanchy\" \/>\n<meta property=\"article:modified_time\" content=\"2022-09-09T07:23:22+00:00\" \/>\n<meta name=\"twitter:card\" content=\"summary_large_image\" \/>\n<script type=\"application\/ld+json\" class=\"yoast-schema-graph\">{\"@context\":\"https:\\\/\\\/schema.org\",\"@graph\":[{\"@type\":\"WebPage\",\"@id\":\"https:\\\/\\\/www.delanchy.com\\\/es\\\/servicios\\\/servicios-complementarios\\\/\",\"url\":\"https:\\\/\\\/www.delanchy.com\\\/es\\\/servicios\\\/servicios-complementarios\\\/\",\"name\":\"Aduanas y servicios complementarios - Delanchy\",\"isPartOf\":{\"@id\":\"https:\\\/\\\/www.delanchy.com\\\/#website\"},\"datePublished\":\"2020-07-07T14:13:19+00:00\",\"dateModified\":\"2022-09-09T07:23:22+00:00\",\"breadcrumb\":{\"@id\":\"https:\\\/\\\/www.delanchy.com\\\/es\\\/servicios\\\/servicios-complementarios\\\/#breadcrumb\"},\"inLanguage\":\"es\",\"potentialAction\":[{\"@type\":\"ReadAction\",\"target\":[\"https:\\\/\\\/www.delanchy.com\\\/es\\\/servicios\\\/servicios-complementarios\\\/\"]}]},{\"@type\":\"BreadcrumbList\",\"@id\":\"https:\\\/\\\/www.delanchy.com\\\/es\\\/servicios\\\/servicios-complementarios\\\/#breadcrumb\",\"itemListElement\":[{\"@type\":\"ListItem\",\"position\":1,\"name\":\"Accueil\",\"item\":\"https:\\\/\\\/www.delanchy.com\\\/es\\\/\"},{\"@type\":\"ListItem\",\"position\":2,\"name\":\"Nuestros servicios\",\"item\":\"https:\\\/\\\/www.delanchy.com\\\/es\\\/servicios\\\/\"},{\"@type\":\"ListItem\",\"position\":3,\"name\":\"Aduanas y servicios complementarios\"}]},{\"@type\":\"WebSite\",\"@id\":\"https:\\\/\\\/www.delanchy.com\\\/#website\",\"url\":\"https:\\\/\\\/www.delanchy.com\\\/\",\"name\":\"Delanchy\",\"description\":\"Transport et logistique\",\"publisher\":{\"@id\":\"https:\\\/\\\/www.delanchy.com\\\/#organization\"},\"potentialAction\":[{\"@type\":\"SearchAction\",\"target\":{\"@type\":\"EntryPoint\",\"urlTemplate\":\"https:\\\/\\\/www.delanchy.com\\\/?s={search_term_string}\"},\"query-input\":{\"@type\":\"PropertyValueSpecification\",\"valueRequired\":true,\"valueName\":\"search_term_string\"}}],\"inLanguage\":\"es\"},{\"@type\":\"Organization\",\"@id\":\"https:\\\/\\\/www.delanchy.com\\\/#organization\",\"name\":\"Delanchy\",\"url\":\"https:\\\/\\\/www.delanchy.com\\\/\",\"logo\":{\"@type\":\"ImageObject\",\"inLanguage\":\"es\",\"@id\":\"https:\\\/\\\/www.delanchy.com\\\/#\\\/schema\\\/logo\\\/image\\\/\",\"url\":\"https:\\\/\\\/www.delanchy.com\\\/wp-content\\\/uploads\\\/2020\\\/01\\\/logo-delanchy.png\",\"contentUrl\":\"https:\\\/\\\/www.delanchy.com\\\/wp-content\\\/uploads\\\/2020\\\/01\\\/logo-delanchy.png\",\"width\":1090,\"height\":185,\"caption\":\"Delanchy\"},\"image\":{\"@id\":\"https:\\\/\\\/www.delanchy.com\\\/#\\\/schema\\\/logo\\\/image\\\/\"}}]}<\/script>\n<!-- \/ Yoast SEO plugin. -->","yoast_head_json":{"title":"Aduanas y servicios complementarios - Delanchy","robots":{"index":"index","follow":"follow","max-snippet":"max-snippet:-1","max-image-preview":"max-image-preview:large","max-video-preview":"max-video-preview:-1"},"canonical":"https:\/\/www.delanchy.com\/es\/servicios\/servicios-complementarios\/","og_locale":"es_ES","og_type":"article","og_title":"Aduanas y servicios complementarios - Delanchy","og_description":"Las especificidades del comercio internacional exigen una verdadera pericia en materia de declaraciones y registro de mercanc\u00edas.","og_url":"https:\/\/www.delanchy.com\/es\/servicios\/servicios-complementarios\/","og_site_name":"Delanchy","article_modified_time":"2022-09-09T07:23:22+00:00","twitter_card":"summary_large_image","schema":{"@context":"https:\/\/schema.org","@graph":[{"@type":"WebPage","@id":"https:\/\/www.delanchy.com\/es\/servicios\/servicios-complementarios\/","url":"https:\/\/www.delanchy.com\/es\/servicios\/servicios-complementarios\/","name":"Aduanas y servicios complementarios - Delanchy","isPartOf":{"@id":"https:\/\/www.delanchy.com\/#website"},"datePublished":"2020-07-07T14:13:19+00:00","dateModified":"2022-09-09T07:23:22+00:00","breadcrumb":{"@id":"https:\/\/www.delanchy.com\/es\/servicios\/servicios-complementarios\/#breadcrumb"},"inLanguage":"es","potentialAction":[{"@type":"ReadAction","target":["https:\/\/www.delanchy.com\/es\/servicios\/servicios-complementarios\/"]}]},{"@type":"BreadcrumbList","@id":"https:\/\/www.delanchy.com\/es\/servicios\/servicios-complementarios\/#breadcrumb","itemListElement":[{"@type":"ListItem","position":1,"name":"Accueil","item":"https:\/\/www.delanchy.com\/es\/"},{"@type":"ListItem","position":2,"name":"Nuestros servicios","item":"https:\/\/www.delanchy.com\/es\/servicios\/"},{"@type":"ListItem","position":3,"name":"Aduanas y servicios complementarios"}]},{"@type":"WebSite","@id":"https:\/\/www.delanchy.com\/#website","url":"https:\/\/www.delanchy.com\/","name":"Delanchy","description":"Transport et logistique","publisher":{"@id":"https:\/\/www.delanchy.com\/#organization"},"potentialAction":[{"@type":"SearchAction","target":{"@type":"EntryPoint","urlTemplate":"https:\/\/www.delanchy.com\/?s={search_term_string}"},"query-input":{"@type":"PropertyValueSpecification","valueRequired":true,"valueName":"search_term_string"}}],"inLanguage":"es"},{"@type":"Organization","@id":"https:\/\/www.delanchy.com\/#organization","name":"Delanchy","url":"https:\/\/www.delanchy.com\/","logo":{"@type":"ImageObject","inLanguage":"es","@id":"https:\/\/www.delanchy.com\/#\/schema\/logo\/image\/","url":"https:\/\/www.delanchy.com\/wp-content\/uploads\/2020\/01\/logo-delanchy.png","contentUrl":"https:\/\/www.delanchy.com\/wp-content\/uploads\/2020\/01\/logo-delanchy.png","width":1090,"height":185,"caption":"Delanchy"},"image":{"@id":"https:\/\/www.delanchy.com\/#\/schema\/logo\/image\/"}}]}},"_links":{"self":[{"href":"https:\/\/www.delanchy.com\/es\/wp-json\/wp\/v2\/pages\/2236","targetHints":{"allow":["GET"]}}],"collection":[{"href":"https:\/\/www.delanchy.com\/es\/wp-json\/wp\/v2\/pages"}],"about":[{"href":"https:\/\/www.delanchy.com\/es\/wp-json\/wp\/v2\/types\/page"}],"author":[{"embeddable":true,"href":"https:\/\/www.delanchy.com\/es\/wp-json\/wp\/v2\/users\/1"}],"replies":[{"embeddable":true,"href":"https:\/\/www.delanchy.com\/es\/wp-json\/wp\/v2\/comments?post=2236"}],"version-history":[{"count":13,"href":"https:\/\/www.delanchy.com\/es\/wp-json\/wp\/v2\/pages\/2236\/revisions"}],"predecessor-version":[{"id":3786,"href":"https:\/\/www.delanchy.com\/es\/wp-json\/wp\/v2\/pages\/2236\/revisions\/3786"}],"up":[{"embeddable":true,"href":"https:\/\/www.delanchy.com\/es\/wp-json\/wp\/v2\/pages\/2213"}],"wp:attachment":[{"href":"https:\/\/www.delanchy.com\/es\/wp-json\/wp\/v2\/media?parent=2236"}],"curies":[{"name":"wp","href":"https:\/\/api.w.org\/{rel}","templated":true}]}}