{"id":2243,"date":"2020-07-07T16:17:57","date_gmt":"2020-07-07T14:17:57","guid":{"rendered":"https:\/\/www.delanchy.com\/?page_id=2243"},"modified":"2020-07-09T11:28:31","modified_gmt":"2020-07-09T09:28:31","slug":"innovaciones","status":"publish","type":"page","link":"https:\/\/www.delanchy.com\/es\/innovaciones\/","title":{"rendered":"Innovaciones"},"content":{"rendered":"        <section class=\"top\">\n          <div class=\"contain-triangles-left\">\n            <span class=\"triangle-1\"><\/span>\n            <span class=\"triangle-2\"><\/span>\n            <span class=\"triangle-3\"><\/span>\n            <span class=\"triangle-4\"><\/span>\n          <\/div>\n          <div class=\"container\">\n            <div class=\"bloc-left\">\n                              <h1>\u00a1Desarrollar y llevar a cabo proyectos fuertes! <\/h1>\n                            <div class=\"bloc-txt\">\n                <p>\u00ab\u00a0El Grupo DELANCHY es la voluntad de avanzar sin esperar a que las cosas se nos impongan.<\/p>\n<p>El mundo est\u00e1 cambiando, pero tenemos la oportunidad de ser actores del modelo del ma\u00f1ana. \u00bb<\/p>\n              <\/div> \n            <\/div>\n            <div class=\"bloc-right\">\n              <img decoding=\"async\" src=\"https:\/\/www.delanchy.com\/wp-content\/uploads\/2020\/02\/01-des-projets-forts-1024x662.jpg\" alt=\"Innovaciones\">\n            <\/div>\n          <\/div>\n        <\/section>\n    \n\n      <section class=\"texte\">\n        <div class=\"container\">\n          <p>&nbsp;<\/p>\n<p>Desde los primeros a\u00f1os, <a href=\"https:\/\/www.delanchy.com\/it\/\">DELANCHY<\/a> siempre ha querido poner la innovaci\u00f3n en el coraz\u00f3n de la empresa. Es parte de nuestros valores y sigue siendo el eje prioritario de nuestro desarrollo. <a href=\"https:\/\/www.delanchy.com\/es\/servicios\/\">Nuestras plataformas y nuestra flota de veh\u00edculos<\/a> son testimonio de ello, pero tambi\u00e9n queremos llevar la innovaci\u00f3n m\u00e1s all\u00e1 de nuestro Grupo apoyando ciertos proyectos.<\/p>\n<p>En el seno de DELANCHY, el CO LAB re\u00fane a j\u00f3venes empleados cuya misi\u00f3n es imaginar la empresa del ma\u00f1ana, aportando al Comit\u00e9 de Direcci\u00f3n ideas originales e innovadoras.<\/p>\n<p>Procedentes de diferentes departamentos, de diferentes puestos, con antecedentes empresariales variados, aportan su experiencia a trav\u00e9s de un nuevo enfoque de los retos que nos esperan. Ya sean humanos, como CO&#8217;LAB, tecnol\u00f3gicos o relacionados con nuestros servicios, las innovaciones marcan el d\u00eda a d\u00eda del Grupo.<\/p>\n        <\/div>\n      <\/section>\n    \n\n      <section class=\"innovations\">\n        <div class=\"container\">\n                      <div class=\"contain-term-innovation\">\n                            <h2>Humanos<\/h2>\n              <div class=\"contain-innovations\">\n                                  <a href=\"https:\/\/www.delanchy.com\/es\/innovaciones\/fco-por-delanchy-yendo-mas-alla-de-las-regulaciones\/\" class=\"bloc\">\n                    <p class=\"title\">FCO por DELANCHY, yendo m\u00e1s all\u00e1 de las regulaciones<\/p>\n                    <p>Tenemos la obligaci\u00f3n de cumplir con los reglamentos, pero tambi\u00e9n el deseo de ofrecer a nuestros empleados el mejor apoyo posible en su trabajo.<\/p>\n                    <p class=\"txt-hover\">Descubre la innovaci\u00f3n<\/p>\n                  <\/a>\n                              <\/div>\n            <\/div>\n                      <div class=\"contain-term-innovation\">\n                            <h2>Servicios<\/h2>\n              <div class=\"contain-innovations\">\n                                  <a href=\"https:\/\/www.delanchy.com\/es\/innovaciones\/kit-de-frescura-precisa-del-laboratorio-novocib\/\" class=\"bloc\">\n                    <p class=\"title\">Kit de frescura precisa del laboratorio NOVOCIB<\/p>\n                    <p>El Grupo DELANCHY apoya el proyecto de NOVOCIB, una empresa de biotecnolog\u00eda dirigida por la Dra. Larissa Balakireva que desarroll\u00f3 el \u00abKIT FRESCO\u00bb.<\/p>\n                    <p class=\"txt-hover\">Descubre la innovaci\u00f3n<\/p>\n                  <\/a>\n                                  <a href=\"https:\/\/www.delanchy.com\/es\/innovaciones\/en-dlivery-la-digitalizacion-apoya-a-nuestros-empleados-y-a-nuestros-clientes\/\" class=\"bloc\">\n                    <p class=\"title\">En D&#8217;LIVERY, la digitalizaci\u00f3n apoya a nuestros empleados y a nuestros clientes<\/p>\n                    <p>La digitalizaci\u00f3n mejora el intercambio de informaci\u00f3n y hace que los datos sean m\u00e1s fiables.\n<\/p>\n                    <p class=\"txt-hover\">Descubre la innovaci\u00f3n<\/p>\n                  <\/a>\n                              <\/div>\n            <\/div>\n                      <div class=\"contain-term-innovation\">\n                            <h2>Tecnol\u00f3gico<\/h2>\n              <div class=\"contain-innovations\">\n                                  <a href=\"https:\/\/www.delanchy.com\/es\/innovaciones\/camion-refrigerado-100-electrico\/\" class=\"bloc\">\n                    <p class=\"title\">Cami\u00f3n refrigerado 100% el\u00e9ctrico<\/p>\n                    <p>RENAULT TRUCKS y DELANCHY pusieron en funcionamiento un primer prototipo de cami\u00f3n refrigerado 100% el\u00e9ctrico.<\/p>\n                    <p class=\"txt-hover\">Descubre la innovaci\u00f3n<\/p>\n                  <\/a>\n                                  <a href=\"https:\/\/www.delanchy.com\/es\/innovaciones\/respeto-por-el-medio-ambiente\/\" class=\"bloc\">\n                    <p class=\"title\">Respeto por el medio ambiente<\/p>\n                    <p>Una nueva generaci\u00f3n de enfriadores, para combinar el respeto por el medio ambiente y la recuperaci\u00f3n de energ\u00eda.<\/p>\n                    <p class=\"txt-hover\">Descubre la innovaci\u00f3n<\/p>\n                  <\/a>\n                                  <a href=\"https:\/\/www.delanchy.com\/es\/innovaciones\/electricidad-verde\/\" class=\"bloc\">\n                    <p class=\"title\">Electricidad verde<\/p>\n                    <p>Con EDF ENR, una primera agencia DELANCHY produce su electricidad verde.\n<\/p>\n                    <p class=\"txt-hover\">Descubre la innovaci\u00f3n<\/p>\n                  <\/a>\n                              <\/div>\n            <\/div>\n                  <\/div>\n      <\/section>\n    ","protected":false},"excerpt":{"rendered":"","protected":false},"author":1,"featured_media":750,"parent":0,"menu_order":3,"comment_status":"closed","ping_status":"closed","template":"gabarit-innovations.php","meta":{"_acf_changed":false,"footnotes":""},"class_list":["post-2243","page","type-page","status-publish","has-post-thumbnail","hentry"],"acf":[],"yoast_head":"<!-- This site is optimized with the Yoast SEO plugin v27.4 - https:\/\/yoast.com\/product\/yoast-seo-wordpress\/ -->\n<title>Innovaciones - Delanchy<\/title>\n<meta name=\"robots\" content=\"index, follow, max-snippet:-1, max-image-preview:large, max-video-preview:-1\" \/>\n<link rel=\"canonical\" href=\"https:\/\/www.delanchy.com\/es\/innovaciones\/\" \/>\n<meta property=\"og:locale\" content=\"es_ES\" \/>\n<meta property=\"og:type\" content=\"article\" \/>\n<meta property=\"og:title\" content=\"Innovaciones - Delanchy\" \/>\n<meta property=\"og:url\" content=\"https:\/\/www.delanchy.com\/es\/innovaciones\/\" \/>\n<meta property=\"og:site_name\" content=\"Delanchy\" \/>\n<meta property=\"article:modified_time\" content=\"2020-07-09T09:28:31+00:00\" \/>\n<meta property=\"og:image\" content=\"https:\/\/www.delanchy.com\/wp-content\/uploads\/2020\/02\/01-des-projets-forts.jpg\" \/>\n\t<meta property=\"og:image:width\" content=\"2000\" \/>\n\t<meta property=\"og:image:height\" content=\"1292\" \/>\n\t<meta property=\"og:image:type\" content=\"image\/jpeg\" \/>\n<meta name=\"twitter:card\" content=\"summary_large_image\" \/>\n<script type=\"application\/ld+json\" class=\"yoast-schema-graph\">{\"@context\":\"https:\\\/\\\/schema.org\",\"@graph\":[{\"@type\":\"WebPage\",\"@id\":\"https:\\\/\\\/www.delanchy.com\\\/es\\\/innovaciones\\\/\",\"url\":\"https:\\\/\\\/www.delanchy.com\\\/es\\\/innovaciones\\\/\",\"name\":\"Innovaciones - Delanchy\",\"isPartOf\":{\"@id\":\"https:\\\/\\\/www.delanchy.com\\\/#website\"},\"primaryImageOfPage\":{\"@id\":\"https:\\\/\\\/www.delanchy.com\\\/es\\\/innovaciones\\\/#primaryimage\"},\"image\":{\"@id\":\"https:\\\/\\\/www.delanchy.com\\\/es\\\/innovaciones\\\/#primaryimage\"},\"thumbnailUrl\":\"https:\\\/\\\/www.delanchy.com\\\/wp-content\\\/uploads\\\/2020\\\/02\\\/01-des-projets-forts.jpg\",\"datePublished\":\"2020-07-07T14:17:57+00:00\",\"dateModified\":\"2020-07-09T09:28:31+00:00\",\"breadcrumb\":{\"@id\":\"https:\\\/\\\/www.delanchy.com\\\/es\\\/innovaciones\\\/#breadcrumb\"},\"inLanguage\":\"es\",\"potentialAction\":[{\"@type\":\"ReadAction\",\"target\":[\"https:\\\/\\\/www.delanchy.com\\\/es\\\/innovaciones\\\/\"]}]},{\"@type\":\"ImageObject\",\"inLanguage\":\"es\",\"@id\":\"https:\\\/\\\/www.delanchy.com\\\/es\\\/innovaciones\\\/#primaryimage\",\"url\":\"https:\\\/\\\/www.delanchy.com\\\/wp-content\\\/uploads\\\/2020\\\/02\\\/01-des-projets-forts.jpg\",\"contentUrl\":\"https:\\\/\\\/www.delanchy.com\\\/wp-content\\\/uploads\\\/2020\\\/02\\\/01-des-projets-forts.jpg\",\"width\":2000,\"height\":1292},{\"@type\":\"BreadcrumbList\",\"@id\":\"https:\\\/\\\/www.delanchy.com\\\/es\\\/innovaciones\\\/#breadcrumb\",\"itemListElement\":[{\"@type\":\"ListItem\",\"position\":1,\"name\":\"Accueil\",\"item\":\"https:\\\/\\\/www.delanchy.com\\\/es\\\/\"},{\"@type\":\"ListItem\",\"position\":2,\"name\":\"Innovaciones\"}]},{\"@type\":\"WebSite\",\"@id\":\"https:\\\/\\\/www.delanchy.com\\\/#website\",\"url\":\"https:\\\/\\\/www.delanchy.com\\\/\",\"name\":\"Delanchy\",\"description\":\"Transport et logistique\",\"publisher\":{\"@id\":\"https:\\\/\\\/www.delanchy.com\\\/#organization\"},\"potentialAction\":[{\"@type\":\"SearchAction\",\"target\":{\"@type\":\"EntryPoint\",\"urlTemplate\":\"https:\\\/\\\/www.delanchy.com\\\/?s={search_term_string}\"},\"query-input\":{\"@type\":\"PropertyValueSpecification\",\"valueRequired\":true,\"valueName\":\"search_term_string\"}}],\"inLanguage\":\"es\"},{\"@type\":\"Organization\",\"@id\":\"https:\\\/\\\/www.delanchy.com\\\/#organization\",\"name\":\"Delanchy\",\"url\":\"https:\\\/\\\/www.delanchy.com\\\/\",\"logo\":{\"@type\":\"ImageObject\",\"inLanguage\":\"es\",\"@id\":\"https:\\\/\\\/www.delanchy.com\\\/#\\\/schema\\\/logo\\\/image\\\/\",\"url\":\"https:\\\/\\\/www.delanchy.com\\\/wp-content\\\/uploads\\\/2020\\\/01\\\/logo-delanchy.png\",\"contentUrl\":\"https:\\\/\\\/www.delanchy.com\\\/wp-content\\\/uploads\\\/2020\\\/01\\\/logo-delanchy.png\",\"width\":1090,\"height\":185,\"caption\":\"Delanchy\"},\"image\":{\"@id\":\"https:\\\/\\\/www.delanchy.com\\\/#\\\/schema\\\/logo\\\/image\\\/\"}}]}<\/script>\n<!-- \/ Yoast SEO plugin. -->","yoast_head_json":{"title":"Innovaciones - Delanchy","robots":{"index":"index","follow":"follow","max-snippet":"max-snippet:-1","max-image-preview":"max-image-preview:large","max-video-preview":"max-video-preview:-1"},"canonical":"https:\/\/www.delanchy.com\/es\/innovaciones\/","og_locale":"es_ES","og_type":"article","og_title":"Innovaciones - Delanchy","og_url":"https:\/\/www.delanchy.com\/es\/innovaciones\/","og_site_name":"Delanchy","article_modified_time":"2020-07-09T09:28:31+00:00","og_image":[{"width":2000,"height":1292,"url":"https:\/\/www.delanchy.com\/wp-content\/uploads\/2020\/02\/01-des-projets-forts.jpg","type":"image\/jpeg"}],"twitter_card":"summary_large_image","schema":{"@context":"https:\/\/schema.org","@graph":[{"@type":"WebPage","@id":"https:\/\/www.delanchy.com\/es\/innovaciones\/","url":"https:\/\/www.delanchy.com\/es\/innovaciones\/","name":"Innovaciones - Delanchy","isPartOf":{"@id":"https:\/\/www.delanchy.com\/#website"},"primaryImageOfPage":{"@id":"https:\/\/www.delanchy.com\/es\/innovaciones\/#primaryimage"},"image":{"@id":"https:\/\/www.delanchy.com\/es\/innovaciones\/#primaryimage"},"thumbnailUrl":"https:\/\/www.delanchy.com\/wp-content\/uploads\/2020\/02\/01-des-projets-forts.jpg","datePublished":"2020-07-07T14:17:57+00:00","dateModified":"2020-07-09T09:28:31+00:00","breadcrumb":{"@id":"https:\/\/www.delanchy.com\/es\/innovaciones\/#breadcrumb"},"inLanguage":"es","potentialAction":[{"@type":"ReadAction","target":["https:\/\/www.delanchy.com\/es\/innovaciones\/"]}]},{"@type":"ImageObject","inLanguage":"es","@id":"https:\/\/www.delanchy.com\/es\/innovaciones\/#primaryimage","url":"https:\/\/www.delanchy.com\/wp-content\/uploads\/2020\/02\/01-des-projets-forts.jpg","contentUrl":"https:\/\/www.delanchy.com\/wp-content\/uploads\/2020\/02\/01-des-projets-forts.jpg","width":2000,"height":1292},{"@type":"BreadcrumbList","@id":"https:\/\/www.delanchy.com\/es\/innovaciones\/#breadcrumb","itemListElement":[{"@type":"ListItem","position":1,"name":"Accueil","item":"https:\/\/www.delanchy.com\/es\/"},{"@type":"ListItem","position":2,"name":"Innovaciones"}]},{"@type":"WebSite","@id":"https:\/\/www.delanchy.com\/#website","url":"https:\/\/www.delanchy.com\/","name":"Delanchy","description":"Transport et logistique","publisher":{"@id":"https:\/\/www.delanchy.com\/#organization"},"potentialAction":[{"@type":"SearchAction","target":{"@type":"EntryPoint","urlTemplate":"https:\/\/www.delanchy.com\/?s={search_term_string}"},"query-input":{"@type":"PropertyValueSpecification","valueRequired":true,"valueName":"search_term_string"}}],"inLanguage":"es"},{"@type":"Organization","@id":"https:\/\/www.delanchy.com\/#organization","name":"Delanchy","url":"https:\/\/www.delanchy.com\/","logo":{"@type":"ImageObject","inLanguage":"es","@id":"https:\/\/www.delanchy.com\/#\/schema\/logo\/image\/","url":"https:\/\/www.delanchy.com\/wp-content\/uploads\/2020\/01\/logo-delanchy.png","contentUrl":"https:\/\/www.delanchy.com\/wp-content\/uploads\/2020\/01\/logo-delanchy.png","width":1090,"height":185,"caption":"Delanchy"},"image":{"@id":"https:\/\/www.delanchy.com\/#\/schema\/logo\/image\/"}}]}},"_links":{"self":[{"href":"https:\/\/www.delanchy.com\/es\/wp-json\/wp\/v2\/pages\/2243","targetHints":{"allow":["GET"]}}],"collection":[{"href":"https:\/\/www.delanchy.com\/es\/wp-json\/wp\/v2\/pages"}],"about":[{"href":"https:\/\/www.delanchy.com\/es\/wp-json\/wp\/v2\/types\/page"}],"author":[{"embeddable":true,"href":"https:\/\/www.delanchy.com\/es\/wp-json\/wp\/v2\/users\/1"}],"replies":[{"embeddable":true,"href":"https:\/\/www.delanchy.com\/es\/wp-json\/wp\/v2\/comments?post=2243"}],"version-history":[{"count":6,"href":"https:\/\/www.delanchy.com\/es\/wp-json\/wp\/v2\/pages\/2243\/revisions"}],"predecessor-version":[{"id":2425,"href":"https:\/\/www.delanchy.com\/es\/wp-json\/wp\/v2\/pages\/2243\/revisions\/2425"}],"wp:featuredmedia":[{"embeddable":true,"href":"https:\/\/www.delanchy.com\/es\/wp-json\/wp\/v2\/media\/750"}],"wp:attachment":[{"href":"https:\/\/www.delanchy.com\/es\/wp-json\/wp\/v2\/media?parent=2243"}],"curies":[{"name":"wp","href":"https:\/\/api.w.org\/{rel}","templated":true}]}}