{"id":2256,"date":"2020-07-07T17:18:45","date_gmt":"2020-07-07T15:18:45","guid":{"rendered":"https:\/\/www.delanchy.com\/?page_id=2256"},"modified":"2020-10-19T17:53:40","modified_gmt":"2020-10-19T15:53:40","slug":"compromisos","status":"publish","type":"page","link":"https:\/\/www.delanchy.com\/es\/compromisos\/","title":{"rendered":"Nuestros compromisos"},"content":{"rendered":"      <section class=\"top\">\n        <div class=\"contain-triangles-left\">\n          <span class=\"triangle-1\"><\/span>\n          <span class=\"triangle-2\"><\/span>\n          <span class=\"triangle-3\"><\/span>\n          <span class=\"triangle-4\"><\/span>\n        <\/div>\n        <div class=\"container\">\n          <div class=\"bloc-txt\">\n                          <p class=\"subtitle\">M\u00e1s que un transportador&#8230;<\/p>\n                                      <h1>Nuestros compromisos<\/h1>\n                        <p>Durante m\u00e1s de 50 a\u00f1os, el Grupo DELANCHY se ha desarrollado permaneciendo fiel a sus valores.<\/p>\n<p>Gracias a nuestra rapidez de entrega, la calidad de nuestros servicios, el respeto de los plazos y los productos transportados, hemos podido crecer y forjar v\u00ednculos con muchos clientes y socios. M\u00e1s all\u00e1 de la relaci\u00f3n comercial y de la <a href=\"https:\/\/www.delanchy.com\/es\/servicios\/\">calidad del servicio<\/a>, es la voluntad de establecer una relaci\u00f3n de confianza y proximidad con cada uno de ellos lo que gu\u00eda nuestras elecciones.<\/p>\n          <\/div>\n          <div class=\"blocs-img\">\n            <div class=\"bloc-img bloc-img-1\">\n                            <img decoding=\"async\" src=\"https:\/\/www.delanchy.com\/wp-content\/uploads\/2020\/02\/1-nos-engagements.jpg\" alt=\"(1) Nos Engagements\">\n            <\/div>\n            <div class=\"bloc-img bloc-img-2\">\n                            <img decoding=\"async\" src=\"https:\/\/www.delanchy.com\/wp-content\/uploads\/2020\/02\/4-nos-engagements.jpg\" alt=\"(4) Nos Engagements\">\n            <\/div>\n            <div class=\"bloc-img bloc-img-3\">\n                            <img decoding=\"async\" src=\"https:\/\/www.delanchy.com\/wp-content\/uploads\/2020\/02\/2-nos-engagements.jpg\" alt=\"(2) Nos Engagements\">\n            <\/div>\n            <div class=\"bloc-img bloc-img-4\">\n                            <img decoding=\"async\" src=\"https:\/\/www.delanchy.com\/wp-content\/uploads\/2020\/02\/3-nos-engagements.jpg\" alt=\"(3) Nos Engagements\">\n            <\/div>\n          <\/div>\n        <\/div>\n      <\/section>\n    \n\n      <section class=\"img-txt\">\n        <div class=\"container\">\n                      <div class=\"bloc-img\">\n                            <img decoding=\"async\" src=\"https:\/\/www.delanchy.com\/wp-content\/uploads\/2020\/02\/notre-demarche-rse.jpg\" alt=\"Notre D\u00e9marche Rse\">\n            <\/div>\n                    <div class=\"bloc-txt\">\n                          <h2>Nuestro enfoque de RSC<\/h2>\n                        <p>Desde 2017, el Grupo DELANCHY ha puesto nombre a estos compromisos: el enfoque de RSC &#8211; Responsabilidad Social Corporativa. Por lo tanto, los formalizamos y presentamos publicando nuestro Informe de RSC cada a\u00f1o.<\/p>\n                          <a href=\"https:\/\/www.delanchy.com\/es\/compromisos\/enfoque-de-rse\/\" class=\"btn\"><span>M\u00e1s informaci\u00f3n<\/span><\/a>\n                      <\/div>\n        <\/div>\n      <\/section>\n    \n\n      <section class=\"texte\">\n        <div class=\"container\">\n                      <h2>Nuestros valores<\/h2>\n                    <div class=\"bloc-txt\">\n            <p>El Grupo DELANCHY siempre ha contado con personas para desarrollarse; este compromiso sigue siendo nuestro d\u00eda a d\u00eda para reclutar y formar a nuestros preparadores, conductores y empleados del ma\u00f1ana.<\/p>\n<p>En las carreteras, como en nuestras plataformas log\u00edsticas, cada vez hay m\u00e1s limitaciones para llevar a cabo nuestra misi\u00f3n entregando, a tiempo y en perfectas condiciones de seguridad alimentaria, a cada uno de nuestros clientes. Seguimos avanzando para cumplir nuestros compromisos, pero nunca olvidamos que la seguridad de nuestros empleados y ciudadanos es una prioridad.<\/p>\n          <\/div>\n        <\/div>\n      <\/section>\n    \n\n      <section class=\"engagements\">\n        <div class=\"container\">\n                                    <div class=\"bloc\">\n                                <img decoding=\"async\" src=\"https:\/\/www.delanchy.com\/wp-content\/uploads\/2020\/02\/humilite-1-e1581435374812.png\" alt=\"Humilite\">\n                <p class=\"title\">Humildad<\/p>\n                              <\/div>\n                          <div class=\"bloc\">\n                                <img decoding=\"async\" src=\"https:\/\/www.delanchy.com\/wp-content\/uploads\/2020\/02\/solidarite-e1581435409437.png\" alt=\"Solidarite\">\n                <p class=\"title\">Solidaridad<\/p>\n                              <\/div>\n                          <div class=\"bloc\">\n                                <img decoding=\"async\" src=\"https:\/\/www.delanchy.com\/wp-content\/uploads\/2020\/02\/respect-e1581435990101.png\" alt=\"Respect\">\n                <p class=\"title\">Respeto<\/p>\n                              <\/div>\n                          <div class=\"bloc\">\n                                <img decoding=\"async\" src=\"https:\/\/www.delanchy.com\/wp-content\/uploads\/2020\/02\/ponctualite-e1581435613966.png\" alt=\"Ponctualite\">\n                <p class=\"title\">Puntualidad<\/p>\n                              <\/div>\n                          <div class=\"bloc\">\n                                <img decoding=\"async\" src=\"https:\/\/www.delanchy.com\/wp-content\/uploads\/2020\/02\/integrite-e1581435631123.png\" alt=\"Integrite\">\n                <p class=\"title\">Integridad<\/p>\n                              <\/div>\n                          <div class=\"bloc\">\n                                <img decoding=\"async\" src=\"https:\/\/www.delanchy.com\/wp-content\/uploads\/2020\/02\/travail-e1581435607479.png\" alt=\"Travail\">\n                <p class=\"title\">Trabajo<\/p>\n                              <\/div>\n                          <div class=\"bloc\">\n                                <img decoding=\"async\" src=\"https:\/\/www.delanchy.com\/wp-content\/uploads\/2020\/02\/convivialite-2-e1581436445930.png\" alt=\"Convivialite\">\n                <p class=\"title\">F\u00e1cil de usar<\/p>\n                              <\/div>\n                          <div class=\"bloc\">\n                                <img decoding=\"async\" src=\"https:\/\/www.delanchy.com\/wp-content\/uploads\/2020\/02\/partage-e1581435623391.png\" alt=\"Partage\">\n                <p class=\"title\">Comparte<\/p>\n                              <\/div>\n                              <\/div>\n      <\/section>\n    ","protected":false},"excerpt":{"rendered":"","protected":false},"author":1,"featured_media":0,"parent":0,"menu_order":5,"comment_status":"closed","ping_status":"closed","template":"gabarit-nos-engagements.php","meta":{"_acf_changed":false,"footnotes":""},"class_list":["post-2256","page","type-page","status-publish","hentry"],"acf":[],"yoast_head":"<!-- This site is optimized with the Yoast SEO plugin v27.4 - https:\/\/yoast.com\/product\/yoast-seo-wordpress\/ -->\n<title>Nuestros compromisos - Delanchy<\/title>\n<meta name=\"robots\" content=\"index, follow, max-snippet:-1, max-image-preview:large, max-video-preview:-1\" \/>\n<link rel=\"canonical\" href=\"https:\/\/www.delanchy.com\/es\/compromisos\/\" \/>\n<meta property=\"og:locale\" content=\"es_ES\" \/>\n<meta property=\"og:type\" content=\"article\" \/>\n<meta property=\"og:title\" content=\"Nuestros compromisos - Delanchy\" \/>\n<meta property=\"og:url\" content=\"https:\/\/www.delanchy.com\/es\/compromisos\/\" \/>\n<meta property=\"og:site_name\" content=\"Delanchy\" \/>\n<meta property=\"article:modified_time\" content=\"2020-10-19T15:53:40+00:00\" \/>\n<meta name=\"twitter:card\" content=\"summary_large_image\" \/>\n<script type=\"application\/ld+json\" class=\"yoast-schema-graph\">{\"@context\":\"https:\\\/\\\/schema.org\",\"@graph\":[{\"@type\":\"WebPage\",\"@id\":\"https:\\\/\\\/www.delanchy.com\\\/es\\\/compromisos\\\/\",\"url\":\"https:\\\/\\\/www.delanchy.com\\\/es\\\/compromisos\\\/\",\"name\":\"Nuestros compromisos - Delanchy\",\"isPartOf\":{\"@id\":\"https:\\\/\\\/www.delanchy.com\\\/#website\"},\"datePublished\":\"2020-07-07T15:18:45+00:00\",\"dateModified\":\"2020-10-19T15:53:40+00:00\",\"breadcrumb\":{\"@id\":\"https:\\\/\\\/www.delanchy.com\\\/es\\\/compromisos\\\/#breadcrumb\"},\"inLanguage\":\"es\",\"potentialAction\":[{\"@type\":\"ReadAction\",\"target\":[\"https:\\\/\\\/www.delanchy.com\\\/es\\\/compromisos\\\/\"]}]},{\"@type\":\"BreadcrumbList\",\"@id\":\"https:\\\/\\\/www.delanchy.com\\\/es\\\/compromisos\\\/#breadcrumb\",\"itemListElement\":[{\"@type\":\"ListItem\",\"position\":1,\"name\":\"Accueil\",\"item\":\"https:\\\/\\\/www.delanchy.com\\\/es\\\/\"},{\"@type\":\"ListItem\",\"position\":2,\"name\":\"Nuestros compromisos\"}]},{\"@type\":\"WebSite\",\"@id\":\"https:\\\/\\\/www.delanchy.com\\\/#website\",\"url\":\"https:\\\/\\\/www.delanchy.com\\\/\",\"name\":\"Delanchy\",\"description\":\"Transport et logistique\",\"publisher\":{\"@id\":\"https:\\\/\\\/www.delanchy.com\\\/#organization\"},\"potentialAction\":[{\"@type\":\"SearchAction\",\"target\":{\"@type\":\"EntryPoint\",\"urlTemplate\":\"https:\\\/\\\/www.delanchy.com\\\/?s={search_term_string}\"},\"query-input\":{\"@type\":\"PropertyValueSpecification\",\"valueRequired\":true,\"valueName\":\"search_term_string\"}}],\"inLanguage\":\"es\"},{\"@type\":\"Organization\",\"@id\":\"https:\\\/\\\/www.delanchy.com\\\/#organization\",\"name\":\"Delanchy\",\"url\":\"https:\\\/\\\/www.delanchy.com\\\/\",\"logo\":{\"@type\":\"ImageObject\",\"inLanguage\":\"es\",\"@id\":\"https:\\\/\\\/www.delanchy.com\\\/#\\\/schema\\\/logo\\\/image\\\/\",\"url\":\"https:\\\/\\\/www.delanchy.com\\\/wp-content\\\/uploads\\\/2020\\\/01\\\/logo-delanchy.png\",\"contentUrl\":\"https:\\\/\\\/www.delanchy.com\\\/wp-content\\\/uploads\\\/2020\\\/01\\\/logo-delanchy.png\",\"width\":1090,\"height\":185,\"caption\":\"Delanchy\"},\"image\":{\"@id\":\"https:\\\/\\\/www.delanchy.com\\\/#\\\/schema\\\/logo\\\/image\\\/\"}}]}<\/script>\n<!-- \/ Yoast SEO plugin. -->","yoast_head_json":{"title":"Nuestros compromisos - Delanchy","robots":{"index":"index","follow":"follow","max-snippet":"max-snippet:-1","max-image-preview":"max-image-preview:large","max-video-preview":"max-video-preview:-1"},"canonical":"https:\/\/www.delanchy.com\/es\/compromisos\/","og_locale":"es_ES","og_type":"article","og_title":"Nuestros compromisos - Delanchy","og_url":"https:\/\/www.delanchy.com\/es\/compromisos\/","og_site_name":"Delanchy","article_modified_time":"2020-10-19T15:53:40+00:00","twitter_card":"summary_large_image","schema":{"@context":"https:\/\/schema.org","@graph":[{"@type":"WebPage","@id":"https:\/\/www.delanchy.com\/es\/compromisos\/","url":"https:\/\/www.delanchy.com\/es\/compromisos\/","name":"Nuestros compromisos - Delanchy","isPartOf":{"@id":"https:\/\/www.delanchy.com\/#website"},"datePublished":"2020-07-07T15:18:45+00:00","dateModified":"2020-10-19T15:53:40+00:00","breadcrumb":{"@id":"https:\/\/www.delanchy.com\/es\/compromisos\/#breadcrumb"},"inLanguage":"es","potentialAction":[{"@type":"ReadAction","target":["https:\/\/www.delanchy.com\/es\/compromisos\/"]}]},{"@type":"BreadcrumbList","@id":"https:\/\/www.delanchy.com\/es\/compromisos\/#breadcrumb","itemListElement":[{"@type":"ListItem","position":1,"name":"Accueil","item":"https:\/\/www.delanchy.com\/es\/"},{"@type":"ListItem","position":2,"name":"Nuestros compromisos"}]},{"@type":"WebSite","@id":"https:\/\/www.delanchy.com\/#website","url":"https:\/\/www.delanchy.com\/","name":"Delanchy","description":"Transport et logistique","publisher":{"@id":"https:\/\/www.delanchy.com\/#organization"},"potentialAction":[{"@type":"SearchAction","target":{"@type":"EntryPoint","urlTemplate":"https:\/\/www.delanchy.com\/?s={search_term_string}"},"query-input":{"@type":"PropertyValueSpecification","valueRequired":true,"valueName":"search_term_string"}}],"inLanguage":"es"},{"@type":"Organization","@id":"https:\/\/www.delanchy.com\/#organization","name":"Delanchy","url":"https:\/\/www.delanchy.com\/","logo":{"@type":"ImageObject","inLanguage":"es","@id":"https:\/\/www.delanchy.com\/#\/schema\/logo\/image\/","url":"https:\/\/www.delanchy.com\/wp-content\/uploads\/2020\/01\/logo-delanchy.png","contentUrl":"https:\/\/www.delanchy.com\/wp-content\/uploads\/2020\/01\/logo-delanchy.png","width":1090,"height":185,"caption":"Delanchy"},"image":{"@id":"https:\/\/www.delanchy.com\/#\/schema\/logo\/image\/"}}]}},"_links":{"self":[{"href":"https:\/\/www.delanchy.com\/es\/wp-json\/wp\/v2\/pages\/2256","targetHints":{"allow":["GET"]}}],"collection":[{"href":"https:\/\/www.delanchy.com\/es\/wp-json\/wp\/v2\/pages"}],"about":[{"href":"https:\/\/www.delanchy.com\/es\/wp-json\/wp\/v2\/types\/page"}],"author":[{"embeddable":true,"href":"https:\/\/www.delanchy.com\/es\/wp-json\/wp\/v2\/users\/1"}],"replies":[{"embeddable":true,"href":"https:\/\/www.delanchy.com\/es\/wp-json\/wp\/v2\/comments?post=2256"}],"version-history":[{"count":7,"href":"https:\/\/www.delanchy.com\/es\/wp-json\/wp\/v2\/pages\/2256\/revisions"}],"predecessor-version":[{"id":2880,"href":"https:\/\/www.delanchy.com\/es\/wp-json\/wp\/v2\/pages\/2256\/revisions\/2880"}],"wp:attachment":[{"href":"https:\/\/www.delanchy.com\/es\/wp-json\/wp\/v2\/media?parent=2256"}],"curies":[{"name":"wp","href":"https:\/\/api.w.org\/{rel}","templated":true}]}}