{"id":2260,"date":"2020-07-07T17:30:14","date_gmt":"2020-07-07T15:30:14","guid":{"rendered":"https:\/\/www.delanchy.com\/?page_id=2260"},"modified":"2024-02-15T16:55:18","modified_gmt":"2024-02-15T15:55:18","slug":"acciones-y-asociaones","status":"publish","type":"page","link":"https:\/\/www.delanchy.com\/es\/compromisos\/acciones-y-asociaones\/","title":{"rendered":"Acciones y asociaones"},"content":{"rendered":"      <section class=\"top\">\n        <div class=\"contain-triangles-left\">\n          <span class=\"triangle-1\"><\/span>\n          <span class=\"triangle-2\"><\/span>\n          <span class=\"triangle-3\"><\/span>\n          <span class=\"triangle-4\"><\/span>\n        <\/div>\n        <div class=\"container\">\n          <div class=\"bloc-txt\">\n                          <p class=\"subtitle\">Descubra nuestro compromiso<\/p>\n                                      <h1>Nuestras acciones y asociaciones<\/h1>\n                        <p>Desde su creaci\u00f3n, hace m\u00e1s de 55 a\u00f1os, el Grupo DELANCHY se ha centrado en los oc\u00e9anos.<\/p>\n<p>Nuestros negocios de transporte y log\u00edstica de productos frescos y mariscos est\u00e1n \u00edntimamente ligados al medio ambiente marino y sus recursos.<\/p>\n<p>Transportar productos de calidad y preservar su frescura y autenticidad son nuestras misiones diarias, para el respeto de nuestros clientes, consumidores y productores.<\/p>\n<p>Sin embargo, nada existe sin los mares y oc\u00e9anos. La protecci\u00f3n del medio ambiente y los recursos se ha convertido en una cuesti\u00f3n cada vez m\u00e1s importante a lo largo de los decenios.<\/p>\n          <\/div>\n          <div class=\"blocs-img\">\n            <div class=\"bloc-img bloc-img-1\">\n                            <img decoding=\"async\" src=\"https:\/\/www.delanchy.com\/wp-content\/uploads\/2020\/02\/nos-actions-1.jpg\" alt=\"Nos Actions (1)\">\n            <\/div>\n            <div class=\"bloc-img bloc-img-2\">\n                            <img decoding=\"async\" src=\"https:\/\/www.delanchy.com\/wp-content\/uploads\/2020\/02\/nos-actions-3.jpg\" alt=\"Nos Actions (3)\">\n            <\/div>\n            <div class=\"bloc-img bloc-img-3\">\n                            <img decoding=\"async\" src=\"https:\/\/www.delanchy.com\/wp-content\/uploads\/2020\/02\/nos-actions-4.jpg\" alt=\"Nos Actions (4)\">\n            <\/div>\n            <div class=\"bloc-img bloc-img-4\">\n                            <img decoding=\"async\" src=\"https:\/\/www.delanchy.com\/wp-content\/uploads\/2020\/02\/nos-actions-2.jpg\" alt=\"Nos Actions (2)\">\n            <\/div>\n          <\/div>\n        <\/div>\n      <\/section>\n    \n\n      <section class=\"video\">\n                <div class=\"container\" style=\"background-image:url(https:\/\/www.delanchy.com\/wp-content\/uploads\/2020\/02\/le-projet-energy-observer.jpg)\">\n          <div class=\"contain-video\">\n            <div class=\"contain-txt\">\n                              <h2>El proyecto Energy Observer<\/h2>\n                            <div class=\"bloc-txt\">\n                <p>Mirando hacia el futuro, Energy Observer (la primera nave propulsada por hidr\u00f3geno y energ\u00edas renovables) es una aventura tecnol\u00f3gica y humana, una Odisea para el futuro. Con este proyecto, \u00fanico en el mundo, <a href=\"https:\/\/www.delanchy.com\/es\/compromisos\/\">nuestros compromisos<\/a> van m\u00e1s all\u00e1 de nuestro negocio y nuestra vida cotidiana.<\/p>\n<p>Como socio principal y socio log\u00edstico, el Grupo DELANCHY se ha comprometido con el proyecto ENERGY OBSERVER a partir de 2017, con la convicci\u00f3n de que <a href=\"https:\/\/www.energy-observer.org\/fr\/\">este laboratorio flotante contribuir\u00e1 al desarrollo de las fuentes de energ\u00eda del ma\u00f1ana<\/a><strong>,<\/strong> para los edificios y los medios de transporte, para nuestras plataformas y nuestros camiones.<\/p>\n<p>Tambi\u00e9n es un viaje de 6 a\u00f1os alrededor del mundo para conocer a aquellos que est\u00e1n dando forma al mundo de ma\u00f1ana, imaginando nuevas soluciones para un mundo m\u00e1s limpio; demostrando que el Hombre puede vivir en armon\u00eda con la naturaleza y que la lucha contra el calentamiento global puede allanar el camino para un nuevo auge econ\u00f3mico.<\/p>\n              <\/div>\n            <\/div>\n            <div class=\"contain-button-play\">\n              <span class=\"onde-1 onde\">onde 1<\/span>\n              <span class=\"onde-2 onde\">onde 2<\/span>\n              <span class=\"onde-3 onde\">onde 3<\/span>\n              <span class=\"onde-4 onde\">onde 4<\/span>\n              <span class=\"button-play hover\">Button play<\/span>\n            <\/div>\n          <\/div>\n        <\/div>\n        <div class=\"contain-iframe\">\n          <span class=\"close hover\">close<\/span>\n                  <\/div>\n      <\/section>\n      \n    \n\n      <section class=\"img-txt\">\n        <div class=\"container\">\n                      <div class=\"bloc-img\">\n                            <img decoding=\"async\" src=\"https:\/\/www.delanchy.com\/wp-content\/uploads\/2020\/03\/requin-baleine.jpg\" alt=\"requin-baleine\">\n            <\/div>\n                    <div class=\"bloc-txt\">\n                          <h2>La asociaci\u00f3n MEGAPTERA<\/h2>\n                        <p>Con el Fondo de Dotaci\u00f3n de NAUSICAA, el Grupo DELANCHY apoya a <a href=\"https:\/\/www.megaptera.org\/\">la asociaci\u00f3n MEGAPTERA para un programa de investigaci\u00f3n sobre el tibur\u00f3n ballena.<\/a> Este pez, el m\u00e1s grande del mundo, es una especie en peligro de extinci\u00f3n. Es el perfecto ejemplo y s\u00edmbolo del gran desaf\u00edo de proteger este sensible medio ambiente.<\/p>\n<p>Gracias al faro que financiamos con nuestra agencia Copromer Transportes en Boulogne-sur-Mer, MEGAPTERA aprender\u00e1 m\u00e1s sobre este gigante de los mares y su entorno, para comprender mejor su evoluci\u00f3n y sus movimientos.<\/p>\n                      <\/div>\n        <\/div>\n      <\/section>\n    \n\n      <section class=\"txt-img\">\n        <div class=\"container\">\n          <div class=\"bloc-txt\">\n                          <h2>La Asociaci\u00f3n de Deportes Solitarios de D\u00e9fi y la ARSEP<\/h2>\n                        <p>Compartimos los valores humanos y la solidaridad con nuestros empleados a diario. Necesit\u00e1bamos ir m\u00e1s lejos, salir de la empresa para apoyar causas que nos son queridas.<\/p>\n<p>Con ARSEP y D\u00e9fi Sports Solidaires, estamos orgullosos de llevar la lucha contra la esclerosis m\u00faltiple a la vanguardia. A trav\u00e9s de los desaf\u00edos deportivos, la asociaci\u00f3n que apoyamos comunica sobre la enfermedad y recauda fondos para la investigaci\u00f3n.<\/p>\n<p>Nos enorgullece ayudar al mayor n\u00famero posible de personas a aprender m\u00e1s sobre la esclerosis m\u00faltiple y apoyar a los pacientes en su lucha diaria, una misi\u00f3n que nos comprometemos a cumplir apoyando tambi\u00e9n a los voluntarios e investigadores.<\/p>\n                      <\/div>\n                      <div class=\"bloc-img\">\n                            <img decoding=\"async\" src=\"https:\/\/www.delanchy.com\/wp-content\/uploads\/2020\/02\/lassociation-defi-sport-solidaire.jpg\" alt=\"L'association D\u00e9fi Sport Solidaire\">\n            <\/div>\n                    \n        <\/div>\n      <\/section>\n    ","protected":false},"excerpt":{"rendered":"","protected":false},"author":1,"featured_media":0,"parent":2256,"menu_order":0,"comment_status":"closed","ping_status":"closed","template":"gabarit-nos-engagements.php","meta":{"_acf_changed":false,"footnotes":""},"class_list":["post-2260","page","type-page","status-publish","hentry"],"acf":[],"yoast_head":"<!-- This site is optimized with the Yoast SEO plugin v27.5 - https:\/\/yoast.com\/product\/yoast-seo-wordpress\/ -->\n<title>Acciones y asociaones - Delanchy<\/title>\n<meta name=\"robots\" content=\"index, follow, max-snippet:-1, max-image-preview:large, max-video-preview:-1\" \/>\n<link rel=\"canonical\" href=\"https:\/\/www.delanchy.com\/es\/compromisos\/acciones-y-asociaones\/\" \/>\n<meta property=\"og:locale\" content=\"es_ES\" \/>\n<meta property=\"og:type\" content=\"article\" \/>\n<meta property=\"og:title\" content=\"Acciones y asociaones - Delanchy\" \/>\n<meta property=\"og:url\" content=\"https:\/\/www.delanchy.com\/es\/compromisos\/acciones-y-asociaones\/\" \/>\n<meta property=\"og:site_name\" content=\"Delanchy\" \/>\n<meta property=\"article:modified_time\" content=\"2024-02-15T15:55:18+00:00\" \/>\n<meta name=\"twitter:card\" content=\"summary_large_image\" \/>\n<script type=\"application\/ld+json\" class=\"yoast-schema-graph\">{\"@context\":\"https:\\\/\\\/schema.org\",\"@graph\":[{\"@type\":\"WebPage\",\"@id\":\"https:\\\/\\\/www.delanchy.com\\\/es\\\/compromisos\\\/acciones-y-asociaones\\\/\",\"url\":\"https:\\\/\\\/www.delanchy.com\\\/es\\\/compromisos\\\/acciones-y-asociaones\\\/\",\"name\":\"Acciones y asociaones - Delanchy\",\"isPartOf\":{\"@id\":\"https:\\\/\\\/www.delanchy.com\\\/#website\"},\"datePublished\":\"2020-07-07T15:30:14+00:00\",\"dateModified\":\"2024-02-15T15:55:18+00:00\",\"breadcrumb\":{\"@id\":\"https:\\\/\\\/www.delanchy.com\\\/es\\\/compromisos\\\/acciones-y-asociaones\\\/#breadcrumb\"},\"inLanguage\":\"es\",\"potentialAction\":[{\"@type\":\"ReadAction\",\"target\":[\"https:\\\/\\\/www.delanchy.com\\\/es\\\/compromisos\\\/acciones-y-asociaones\\\/\"]}]},{\"@type\":\"BreadcrumbList\",\"@id\":\"https:\\\/\\\/www.delanchy.com\\\/es\\\/compromisos\\\/acciones-y-asociaones\\\/#breadcrumb\",\"itemListElement\":[{\"@type\":\"ListItem\",\"position\":1,\"name\":\"Accueil\",\"item\":\"https:\\\/\\\/www.delanchy.com\\\/es\\\/\"},{\"@type\":\"ListItem\",\"position\":2,\"name\":\"Nuestros compromisos\",\"item\":\"https:\\\/\\\/www.delanchy.com\\\/es\\\/compromisos\\\/\"},{\"@type\":\"ListItem\",\"position\":3,\"name\":\"Acciones y asociaones\"}]},{\"@type\":\"WebSite\",\"@id\":\"https:\\\/\\\/www.delanchy.com\\\/#website\",\"url\":\"https:\\\/\\\/www.delanchy.com\\\/\",\"name\":\"Delanchy\",\"description\":\"Transport et logistique\",\"publisher\":{\"@id\":\"https:\\\/\\\/www.delanchy.com\\\/#organization\"},\"potentialAction\":[{\"@type\":\"SearchAction\",\"target\":{\"@type\":\"EntryPoint\",\"urlTemplate\":\"https:\\\/\\\/www.delanchy.com\\\/?s={search_term_string}\"},\"query-input\":{\"@type\":\"PropertyValueSpecification\",\"valueRequired\":true,\"valueName\":\"search_term_string\"}}],\"inLanguage\":\"es\"},{\"@type\":\"Organization\",\"@id\":\"https:\\\/\\\/www.delanchy.com\\\/#organization\",\"name\":\"Delanchy\",\"url\":\"https:\\\/\\\/www.delanchy.com\\\/\",\"logo\":{\"@type\":\"ImageObject\",\"inLanguage\":\"es\",\"@id\":\"https:\\\/\\\/www.delanchy.com\\\/#\\\/schema\\\/logo\\\/image\\\/\",\"url\":\"https:\\\/\\\/www.delanchy.com\\\/wp-content\\\/uploads\\\/2020\\\/01\\\/logo-delanchy.png\",\"contentUrl\":\"https:\\\/\\\/www.delanchy.com\\\/wp-content\\\/uploads\\\/2020\\\/01\\\/logo-delanchy.png\",\"width\":1090,\"height\":185,\"caption\":\"Delanchy\"},\"image\":{\"@id\":\"https:\\\/\\\/www.delanchy.com\\\/#\\\/schema\\\/logo\\\/image\\\/\"}}]}<\/script>\n<!-- \/ Yoast SEO plugin. -->","yoast_head_json":{"title":"Acciones y asociaones - Delanchy","robots":{"index":"index","follow":"follow","max-snippet":"max-snippet:-1","max-image-preview":"max-image-preview:large","max-video-preview":"max-video-preview:-1"},"canonical":"https:\/\/www.delanchy.com\/es\/compromisos\/acciones-y-asociaones\/","og_locale":"es_ES","og_type":"article","og_title":"Acciones y asociaones - Delanchy","og_url":"https:\/\/www.delanchy.com\/es\/compromisos\/acciones-y-asociaones\/","og_site_name":"Delanchy","article_modified_time":"2024-02-15T15:55:18+00:00","twitter_card":"summary_large_image","schema":{"@context":"https:\/\/schema.org","@graph":[{"@type":"WebPage","@id":"https:\/\/www.delanchy.com\/es\/compromisos\/acciones-y-asociaones\/","url":"https:\/\/www.delanchy.com\/es\/compromisos\/acciones-y-asociaones\/","name":"Acciones y asociaones - Delanchy","isPartOf":{"@id":"https:\/\/www.delanchy.com\/#website"},"datePublished":"2020-07-07T15:30:14+00:00","dateModified":"2024-02-15T15:55:18+00:00","breadcrumb":{"@id":"https:\/\/www.delanchy.com\/es\/compromisos\/acciones-y-asociaones\/#breadcrumb"},"inLanguage":"es","potentialAction":[{"@type":"ReadAction","target":["https:\/\/www.delanchy.com\/es\/compromisos\/acciones-y-asociaones\/"]}]},{"@type":"BreadcrumbList","@id":"https:\/\/www.delanchy.com\/es\/compromisos\/acciones-y-asociaones\/#breadcrumb","itemListElement":[{"@type":"ListItem","position":1,"name":"Accueil","item":"https:\/\/www.delanchy.com\/es\/"},{"@type":"ListItem","position":2,"name":"Nuestros compromisos","item":"https:\/\/www.delanchy.com\/es\/compromisos\/"},{"@type":"ListItem","position":3,"name":"Acciones y asociaones"}]},{"@type":"WebSite","@id":"https:\/\/www.delanchy.com\/#website","url":"https:\/\/www.delanchy.com\/","name":"Delanchy","description":"Transport et logistique","publisher":{"@id":"https:\/\/www.delanchy.com\/#organization"},"potentialAction":[{"@type":"SearchAction","target":{"@type":"EntryPoint","urlTemplate":"https:\/\/www.delanchy.com\/?s={search_term_string}"},"query-input":{"@type":"PropertyValueSpecification","valueRequired":true,"valueName":"search_term_string"}}],"inLanguage":"es"},{"@type":"Organization","@id":"https:\/\/www.delanchy.com\/#organization","name":"Delanchy","url":"https:\/\/www.delanchy.com\/","logo":{"@type":"ImageObject","inLanguage":"es","@id":"https:\/\/www.delanchy.com\/#\/schema\/logo\/image\/","url":"https:\/\/www.delanchy.com\/wp-content\/uploads\/2020\/01\/logo-delanchy.png","contentUrl":"https:\/\/www.delanchy.com\/wp-content\/uploads\/2020\/01\/logo-delanchy.png","width":1090,"height":185,"caption":"Delanchy"},"image":{"@id":"https:\/\/www.delanchy.com\/#\/schema\/logo\/image\/"}}]}},"_links":{"self":[{"href":"https:\/\/www.delanchy.com\/es\/wp-json\/wp\/v2\/pages\/2260","targetHints":{"allow":["GET"]}}],"collection":[{"href":"https:\/\/www.delanchy.com\/es\/wp-json\/wp\/v2\/pages"}],"about":[{"href":"https:\/\/www.delanchy.com\/es\/wp-json\/wp\/v2\/types\/page"}],"author":[{"embeddable":true,"href":"https:\/\/www.delanchy.com\/es\/wp-json\/wp\/v2\/users\/1"}],"replies":[{"embeddable":true,"href":"https:\/\/www.delanchy.com\/es\/wp-json\/wp\/v2\/comments?post=2260"}],"version-history":[{"count":5,"href":"https:\/\/www.delanchy.com\/es\/wp-json\/wp\/v2\/pages\/2260\/revisions"}],"predecessor-version":[{"id":4374,"href":"https:\/\/www.delanchy.com\/es\/wp-json\/wp\/v2\/pages\/2260\/revisions\/4374"}],"up":[{"embeddable":true,"href":"https:\/\/www.delanchy.com\/es\/wp-json\/wp\/v2\/pages\/2256"}],"wp:attachment":[{"href":"https:\/\/www.delanchy.com\/es\/wp-json\/wp\/v2\/media?parent=2260"}],"curies":[{"name":"wp","href":"https:\/\/api.w.org\/{rel}","templated":true}]}}