{"id":2263,"date":"2020-07-07T17:31:12","date_gmt":"2020-07-07T15:31:12","guid":{"rendered":"https:\/\/www.delanchy.com\/?page_id=2263"},"modified":"2025-04-30T16:34:03","modified_gmt":"2025-04-30T14:34:03","slug":"enfoque-de-rse","status":"publish","type":"page","link":"https:\/\/www.delanchy.com\/es\/compromisos\/enfoque-de-rse\/","title":{"rendered":"Enfoque de RSE"},"content":{"rendered":"      <section class=\"texte\">\n        <div class=\"container\">\n          <p><a href=\"https:\/\/www.delanchy.com\/es\/innovaciones\/\">La b\u00fasqueda de la innovaci\u00f3n<\/a> y <a href=\"https:\/\/www.delanchy.com\/es\/innovaciones\/respeto-por-el-medio-ambiente\/\">el respeto por el medio ambiente<\/a> no son conceptos nuevos para nosotros, son parte de nuestros valores, como lo es nuestro compromiso continuo con nuestros empleados. Por eso invertimos constantemente en una flota de nuevos veh\u00edculos que cumplen las normas de emisi\u00f3n m\u00e1s estrictas; lo mismo ocurre con la construcci\u00f3n o renovaci\u00f3n de nuestra infraestructura y equipo.<\/p>\n<p>Adem\u00e1s, el sistema de vigilancia permanente y de sensibilizaci\u00f3n en materia de seguridad vial y de seguridad alimentaria.<\/p>\n<p><img loading=\"lazy\" decoding=\"async\" class=\"alignleft wp-image-1052 size-large\" src=\"https:\/\/www.delanchy.com\/wp-content\/uploads\/2020\/02\/rse-solaire-1024x576.jpg\" alt=\"rse-solaire\" width=\"1024\" height=\"576\" srcset=\"https:\/\/www.delanchy.com\/wp-content\/uploads\/2020\/02\/rse-solaire-1024x576.jpg 1024w, https:\/\/www.delanchy.com\/wp-content\/uploads\/2020\/02\/rse-solaire-300x169.jpg 300w, https:\/\/www.delanchy.com\/wp-content\/uploads\/2020\/02\/rse-solaire-768x432.jpg 768w, https:\/\/www.delanchy.com\/wp-content\/uploads\/2020\/02\/rse-solaire-1536x864.jpg 1536w, https:\/\/www.delanchy.com\/wp-content\/uploads\/2020\/02\/rse-solaire-2048x1152.jpg 2048w\" sizes=\"auto, (max-width: 1024px) 100vw, 1024px\" \/><\/p>\n<p>Desde 2017, el Grupo DELANCHY ha puesto nombre a estos compromisos: el enfoque de RSC &#8211; Responsabilidad Social Corporativa. Por lo tanto, los formalizamos y presentamos publicando nuestro Informe de RSC cada a\u00f1o.<\/p>\n<p>Lejos de ser un apoyo de comunicaci\u00f3n para el Grupo, este informe pretende ser una herramienta de mejora en nuestras diversas actividades, tanto a nivel interno como en la relaci\u00f3n con nuestros clientes y socios.<\/p>\n<p>Estamos enfrentando los desaf\u00edos de hoy! \u00bfSomos parte del problema? &#8230; Somos sobre todo parte de la soluci\u00f3n.<\/p>\n        <\/div>\n      <\/section>\n    \n\n      <section class=\"button\">\n        <div class=\"container\">\n          <a href=\"https:\/\/www.delanchy.com\/wp-content\/uploads\/2025\/04\/rapport-delanchy-esp-2024-parution-2025.pdf\" class=\"btn\" target=\"_blank\"><span>Acceda al informe de RSE<\/span><\/a>\n        <\/div>\n      <\/section>\n    \n\n      <section class=\"texte\">\n        <p>&nbsp;<\/p>\n<p>&nbsp;<\/p>\n<p>&nbsp;<\/p>\n      <\/section>\n    ","protected":false},"excerpt":{"rendered":"","protected":false},"author":1,"featured_media":0,"parent":2256,"menu_order":0,"comment_status":"closed","ping_status":"closed","template":"","meta":{"_acf_changed":false,"footnotes":""},"class_list":["post-2263","page","type-page","status-publish","hentry"],"acf":[],"yoast_head":"<!-- This site is optimized with the Yoast SEO plugin v27.4 - https:\/\/yoast.com\/product\/yoast-seo-wordpress\/ -->\n<title>Enfoque de RSE - Delanchy<\/title>\n<meta name=\"robots\" content=\"index, follow, max-snippet:-1, max-image-preview:large, max-video-preview:-1\" \/>\n<link rel=\"canonical\" href=\"https:\/\/www.delanchy.com\/es\/compromisos\/enfoque-de-rse\/\" \/>\n<meta property=\"og:locale\" content=\"es_ES\" \/>\n<meta property=\"og:type\" content=\"article\" \/>\n<meta property=\"og:title\" content=\"Enfoque de RSE - Delanchy\" \/>\n<meta property=\"og:url\" content=\"https:\/\/www.delanchy.com\/es\/compromisos\/enfoque-de-rse\/\" \/>\n<meta property=\"og:site_name\" content=\"Delanchy\" \/>\n<meta property=\"article:modified_time\" content=\"2025-04-30T14:34:03+00:00\" \/>\n<meta name=\"twitter:card\" content=\"summary_large_image\" \/>\n<script type=\"application\/ld+json\" class=\"yoast-schema-graph\">{\"@context\":\"https:\\\/\\\/schema.org\",\"@graph\":[{\"@type\":\"WebPage\",\"@id\":\"https:\\\/\\\/www.delanchy.com\\\/es\\\/compromisos\\\/enfoque-de-rse\\\/\",\"url\":\"https:\\\/\\\/www.delanchy.com\\\/es\\\/compromisos\\\/enfoque-de-rse\\\/\",\"name\":\"Enfoque de RSE - Delanchy\",\"isPartOf\":{\"@id\":\"https:\\\/\\\/www.delanchy.com\\\/#website\"},\"datePublished\":\"2020-07-07T15:31:12+00:00\",\"dateModified\":\"2025-04-30T14:34:03+00:00\",\"breadcrumb\":{\"@id\":\"https:\\\/\\\/www.delanchy.com\\\/es\\\/compromisos\\\/enfoque-de-rse\\\/#breadcrumb\"},\"inLanguage\":\"es\",\"potentialAction\":[{\"@type\":\"ReadAction\",\"target\":[\"https:\\\/\\\/www.delanchy.com\\\/es\\\/compromisos\\\/enfoque-de-rse\\\/\"]}]},{\"@type\":\"BreadcrumbList\",\"@id\":\"https:\\\/\\\/www.delanchy.com\\\/es\\\/compromisos\\\/enfoque-de-rse\\\/#breadcrumb\",\"itemListElement\":[{\"@type\":\"ListItem\",\"position\":1,\"name\":\"Accueil\",\"item\":\"https:\\\/\\\/www.delanchy.com\\\/es\\\/\"},{\"@type\":\"ListItem\",\"position\":2,\"name\":\"Nuestros compromisos\",\"item\":\"https:\\\/\\\/www.delanchy.com\\\/es\\\/compromisos\\\/\"},{\"@type\":\"ListItem\",\"position\":3,\"name\":\"Enfoque de RSE\"}]},{\"@type\":\"WebSite\",\"@id\":\"https:\\\/\\\/www.delanchy.com\\\/#website\",\"url\":\"https:\\\/\\\/www.delanchy.com\\\/\",\"name\":\"Delanchy\",\"description\":\"Transport et logistique\",\"publisher\":{\"@id\":\"https:\\\/\\\/www.delanchy.com\\\/#organization\"},\"potentialAction\":[{\"@type\":\"SearchAction\",\"target\":{\"@type\":\"EntryPoint\",\"urlTemplate\":\"https:\\\/\\\/www.delanchy.com\\\/?s={search_term_string}\"},\"query-input\":{\"@type\":\"PropertyValueSpecification\",\"valueRequired\":true,\"valueName\":\"search_term_string\"}}],\"inLanguage\":\"es\"},{\"@type\":\"Organization\",\"@id\":\"https:\\\/\\\/www.delanchy.com\\\/#organization\",\"name\":\"Delanchy\",\"url\":\"https:\\\/\\\/www.delanchy.com\\\/\",\"logo\":{\"@type\":\"ImageObject\",\"inLanguage\":\"es\",\"@id\":\"https:\\\/\\\/www.delanchy.com\\\/#\\\/schema\\\/logo\\\/image\\\/\",\"url\":\"https:\\\/\\\/www.delanchy.com\\\/wp-content\\\/uploads\\\/2020\\\/01\\\/logo-delanchy.png\",\"contentUrl\":\"https:\\\/\\\/www.delanchy.com\\\/wp-content\\\/uploads\\\/2020\\\/01\\\/logo-delanchy.png\",\"width\":1090,\"height\":185,\"caption\":\"Delanchy\"},\"image\":{\"@id\":\"https:\\\/\\\/www.delanchy.com\\\/#\\\/schema\\\/logo\\\/image\\\/\"}}]}<\/script>\n<!-- \/ Yoast SEO plugin. -->","yoast_head_json":{"title":"Enfoque de RSE - Delanchy","robots":{"index":"index","follow":"follow","max-snippet":"max-snippet:-1","max-image-preview":"max-image-preview:large","max-video-preview":"max-video-preview:-1"},"canonical":"https:\/\/www.delanchy.com\/es\/compromisos\/enfoque-de-rse\/","og_locale":"es_ES","og_type":"article","og_title":"Enfoque de RSE - Delanchy","og_url":"https:\/\/www.delanchy.com\/es\/compromisos\/enfoque-de-rse\/","og_site_name":"Delanchy","article_modified_time":"2025-04-30T14:34:03+00:00","twitter_card":"summary_large_image","schema":{"@context":"https:\/\/schema.org","@graph":[{"@type":"WebPage","@id":"https:\/\/www.delanchy.com\/es\/compromisos\/enfoque-de-rse\/","url":"https:\/\/www.delanchy.com\/es\/compromisos\/enfoque-de-rse\/","name":"Enfoque de RSE - Delanchy","isPartOf":{"@id":"https:\/\/www.delanchy.com\/#website"},"datePublished":"2020-07-07T15:31:12+00:00","dateModified":"2025-04-30T14:34:03+00:00","breadcrumb":{"@id":"https:\/\/www.delanchy.com\/es\/compromisos\/enfoque-de-rse\/#breadcrumb"},"inLanguage":"es","potentialAction":[{"@type":"ReadAction","target":["https:\/\/www.delanchy.com\/es\/compromisos\/enfoque-de-rse\/"]}]},{"@type":"BreadcrumbList","@id":"https:\/\/www.delanchy.com\/es\/compromisos\/enfoque-de-rse\/#breadcrumb","itemListElement":[{"@type":"ListItem","position":1,"name":"Accueil","item":"https:\/\/www.delanchy.com\/es\/"},{"@type":"ListItem","position":2,"name":"Nuestros compromisos","item":"https:\/\/www.delanchy.com\/es\/compromisos\/"},{"@type":"ListItem","position":3,"name":"Enfoque de RSE"}]},{"@type":"WebSite","@id":"https:\/\/www.delanchy.com\/#website","url":"https:\/\/www.delanchy.com\/","name":"Delanchy","description":"Transport et logistique","publisher":{"@id":"https:\/\/www.delanchy.com\/#organization"},"potentialAction":[{"@type":"SearchAction","target":{"@type":"EntryPoint","urlTemplate":"https:\/\/www.delanchy.com\/?s={search_term_string}"},"query-input":{"@type":"PropertyValueSpecification","valueRequired":true,"valueName":"search_term_string"}}],"inLanguage":"es"},{"@type":"Organization","@id":"https:\/\/www.delanchy.com\/#organization","name":"Delanchy","url":"https:\/\/www.delanchy.com\/","logo":{"@type":"ImageObject","inLanguage":"es","@id":"https:\/\/www.delanchy.com\/#\/schema\/logo\/image\/","url":"https:\/\/www.delanchy.com\/wp-content\/uploads\/2020\/01\/logo-delanchy.png","contentUrl":"https:\/\/www.delanchy.com\/wp-content\/uploads\/2020\/01\/logo-delanchy.png","width":1090,"height":185,"caption":"Delanchy"},"image":{"@id":"https:\/\/www.delanchy.com\/#\/schema\/logo\/image\/"}}]}},"_links":{"self":[{"href":"https:\/\/www.delanchy.com\/es\/wp-json\/wp\/v2\/pages\/2263","targetHints":{"allow":["GET"]}}],"collection":[{"href":"https:\/\/www.delanchy.com\/es\/wp-json\/wp\/v2\/pages"}],"about":[{"href":"https:\/\/www.delanchy.com\/es\/wp-json\/wp\/v2\/types\/page"}],"author":[{"embeddable":true,"href":"https:\/\/www.delanchy.com\/es\/wp-json\/wp\/v2\/users\/1"}],"replies":[{"embeddable":true,"href":"https:\/\/www.delanchy.com\/es\/wp-json\/wp\/v2\/comments?post=2263"}],"version-history":[{"count":15,"href":"https:\/\/www.delanchy.com\/es\/wp-json\/wp\/v2\/pages\/2263\/revisions"}],"predecessor-version":[{"id":4767,"href":"https:\/\/www.delanchy.com\/es\/wp-json\/wp\/v2\/pages\/2263\/revisions\/4767"}],"up":[{"embeddable":true,"href":"https:\/\/www.delanchy.com\/es\/wp-json\/wp\/v2\/pages\/2256"}],"wp:attachment":[{"href":"https:\/\/www.delanchy.com\/es\/wp-json\/wp\/v2\/media?parent=2263"}],"curies":[{"name":"wp","href":"https:\/\/api.w.org\/{rel}","templated":true}]}}