{"id":2266,"date":"2020-07-07T17:34:31","date_gmt":"2020-07-07T15:34:31","guid":{"rendered":"https:\/\/www.delanchy.com\/?page_id=2266"},"modified":"2020-07-09T12:15:00","modified_gmt":"2020-07-09T10:15:00","slug":"politica-de-calidad-y-seguridad","status":"publish","type":"page","link":"https:\/\/www.delanchy.com\/es\/compromisos\/politica-de-calidad-y-seguridad\/","title":{"rendered":"Pol\u00edtica de calidad y seguridad"},"content":{"rendered":"      <section class=\"texte\">\n        <div class=\"container\">\n          <p>Como <a href=\"https:\/\/www.delanchy.com\/es\/servicios\/\">proveedor de servicios de transporte y log\u00edstica<\/a> para nuestros clientes, nuestra misi\u00f3n diaria es preparar y transportar productos alimenticios a trav\u00e9s de Francia, Europa y m\u00e1s all\u00e1. Nuestros clientes conf\u00edan en nosotros todos los d\u00edas, y nos comprometemos a cumplir los plazos acordados y a entregar las mercanc\u00edas que se nos conf\u00edan, cuidando de preservar su integridad y calidad.<\/p>\n<p>La calidad de Delanchy tambi\u00e9n significa saber satisfacer mejor las necesidades de nuestros clientes: servicio adaptado, sentido del servicio, proximidad&#8230;<\/p>\n<p>M\u00e1s all\u00e1 de este servicio, tambi\u00e9n <a href=\"https:\/\/www.delanchy.com\/es\/compromisos\/\">tenemos compromisos con la sociedad, los consumidores y los usuarios de la carretera. <\/a>Respetar las normas de seguridad vial y las normas de seguridad alimentaria son prioridades para el Grupo DELANCHY.<\/p>\n<p>&nbsp;<\/p>\n<p><img loading=\"lazy\" decoding=\"async\" class=\"aligncenter size-large wp-image-1033\" src=\"https:\/\/www.delanchy.com\/wp-content\/uploads\/2020\/02\/qualite-securite-2-1024x512.jpg\" alt=\"qualite-securite\" width=\"1024\" height=\"512\" srcset=\"https:\/\/www.delanchy.com\/wp-content\/uploads\/2020\/02\/qualite-securite-2-1024x512.jpg 1024w, https:\/\/www.delanchy.com\/wp-content\/uploads\/2020\/02\/qualite-securite-2-300x150.jpg 300w, https:\/\/www.delanchy.com\/wp-content\/uploads\/2020\/02\/qualite-securite-2-768x384.jpg 768w, https:\/\/www.delanchy.com\/wp-content\/uploads\/2020\/02\/qualite-securite-2-1536x768.jpg 1536w, https:\/\/www.delanchy.com\/wp-content\/uploads\/2020\/02\/qualite-securite-2-2048x1024.jpg 2048w\" sizes=\"auto, (max-width: 1024px) 100vw, 1024px\" \/><\/p>\n<h2>Seguridad en las carreteras<\/h2>\n<p>Nuestra flota de veh\u00edculos incluye camiones recientes que se benefician de las \u00faltimas mejoras en t\u00e9rminos de seguridad activa y pasiva. Nuestros planes de mantenimiento y la formaci\u00f3n de nuestros mec\u00e1nicos garantizan un control regular y detallado de toda nuestra flota de r\u00edgidos, tractores y remolques.<\/p>\n<p>M\u00e1s all\u00e1 de nuestras inversiones en medios t\u00e9cnicos, nuestra pol\u00edtica de formaci\u00f3n, supervisi\u00f3n y control de nuestros conductores se aplica a todos nuestros empleados con tolerancia cero para el incumplimiento de las normas de circulaci\u00f3n.<\/p>\n<p>El Grupo DELANCHY tiene un Comit\u00e9 de Seguridad y un Departamento de Seguridad que monitoriza constantemente todos estos temas, analizando y tratando todos los incidentes que puedan haber ocurrido en la carretera o en nuestras agencias.<\/p>\n<h2>Seguridad de los alimentos<\/h2>\n<p>Especializado en el transporte y la log\u00edstica de productos frescos a temperatura controlada, el Grupo DELANCHY tiene una verdadera responsabilidad hacia los consumidores.<\/p>\n<p>Nuestra prioridad es garantizar la seguridad de los consumidores, asegurando una cadena de fr\u00edo sin fallos, una trazabilidad en tiempo real y cuidando de evitar cualquier riesgo de contaminaci\u00f3n de los productos alimenticios durante el transporte.<\/p>\n<p>La higiene y la limpieza, por ejemplo, est\u00e1n arraigadas en nuestro ADN desde la fundaci\u00f3n del grupo Delanchy: nuestras plataformas y veh\u00edculos se limpian todos los d\u00edas.<\/p>\n<p>Adem\u00e1s, trabajamos constantemente en \u00abVigilancia de Intrusi\u00f3n\u00bb y \u00abDefensa de los alimentos\u00bb, para que ninguna persona no autorizada pueda acceder a los productos en nuestras agencias y nuestros camiones.<\/p>\n        <\/div>\n      <\/section>\n    ","protected":false},"excerpt":{"rendered":"","protected":false},"author":1,"featured_media":0,"parent":2256,"menu_order":0,"comment_status":"closed","ping_status":"closed","template":"","meta":{"_acf_changed":false,"footnotes":""},"class_list":["post-2266","page","type-page","status-publish","hentry"],"acf":[],"yoast_head":"<!-- This site is optimized with the Yoast SEO plugin v27.4 - https:\/\/yoast.com\/product\/yoast-seo-wordpress\/ -->\n<title>Pol\u00edtica de calidad y seguridad - Delanchy<\/title>\n<meta name=\"robots\" content=\"index, follow, max-snippet:-1, max-image-preview:large, max-video-preview:-1\" \/>\n<link rel=\"canonical\" href=\"https:\/\/www.delanchy.com\/es\/compromisos\/politica-de-calidad-y-seguridad\/\" \/>\n<meta property=\"og:locale\" content=\"es_ES\" \/>\n<meta property=\"og:type\" content=\"article\" \/>\n<meta property=\"og:title\" content=\"Pol\u00edtica de calidad y seguridad - Delanchy\" \/>\n<meta property=\"og:url\" content=\"https:\/\/www.delanchy.com\/es\/compromisos\/politica-de-calidad-y-seguridad\/\" \/>\n<meta property=\"og:site_name\" content=\"Delanchy\" \/>\n<meta property=\"article:modified_time\" content=\"2020-07-09T10:15:00+00:00\" \/>\n<meta name=\"twitter:card\" content=\"summary_large_image\" \/>\n<script type=\"application\/ld+json\" class=\"yoast-schema-graph\">{\"@context\":\"https:\\\/\\\/schema.org\",\"@graph\":[{\"@type\":\"WebPage\",\"@id\":\"https:\\\/\\\/www.delanchy.com\\\/es\\\/compromisos\\\/politica-de-calidad-y-seguridad\\\/\",\"url\":\"https:\\\/\\\/www.delanchy.com\\\/es\\\/compromisos\\\/politica-de-calidad-y-seguridad\\\/\",\"name\":\"Pol\u00edtica de calidad y seguridad - Delanchy\",\"isPartOf\":{\"@id\":\"https:\\\/\\\/www.delanchy.com\\\/#website\"},\"datePublished\":\"2020-07-07T15:34:31+00:00\",\"dateModified\":\"2020-07-09T10:15:00+00:00\",\"breadcrumb\":{\"@id\":\"https:\\\/\\\/www.delanchy.com\\\/es\\\/compromisos\\\/politica-de-calidad-y-seguridad\\\/#breadcrumb\"},\"inLanguage\":\"es\",\"potentialAction\":[{\"@type\":\"ReadAction\",\"target\":[\"https:\\\/\\\/www.delanchy.com\\\/es\\\/compromisos\\\/politica-de-calidad-y-seguridad\\\/\"]}]},{\"@type\":\"BreadcrumbList\",\"@id\":\"https:\\\/\\\/www.delanchy.com\\\/es\\\/compromisos\\\/politica-de-calidad-y-seguridad\\\/#breadcrumb\",\"itemListElement\":[{\"@type\":\"ListItem\",\"position\":1,\"name\":\"Accueil\",\"item\":\"https:\\\/\\\/www.delanchy.com\\\/es\\\/\"},{\"@type\":\"ListItem\",\"position\":2,\"name\":\"Nuestros compromisos\",\"item\":\"https:\\\/\\\/www.delanchy.com\\\/es\\\/compromisos\\\/\"},{\"@type\":\"ListItem\",\"position\":3,\"name\":\"Pol\u00edtica de calidad y seguridad\"}]},{\"@type\":\"WebSite\",\"@id\":\"https:\\\/\\\/www.delanchy.com\\\/#website\",\"url\":\"https:\\\/\\\/www.delanchy.com\\\/\",\"name\":\"Delanchy\",\"description\":\"Transport et logistique\",\"publisher\":{\"@id\":\"https:\\\/\\\/www.delanchy.com\\\/#organization\"},\"potentialAction\":[{\"@type\":\"SearchAction\",\"target\":{\"@type\":\"EntryPoint\",\"urlTemplate\":\"https:\\\/\\\/www.delanchy.com\\\/?s={search_term_string}\"},\"query-input\":{\"@type\":\"PropertyValueSpecification\",\"valueRequired\":true,\"valueName\":\"search_term_string\"}}],\"inLanguage\":\"es\"},{\"@type\":\"Organization\",\"@id\":\"https:\\\/\\\/www.delanchy.com\\\/#organization\",\"name\":\"Delanchy\",\"url\":\"https:\\\/\\\/www.delanchy.com\\\/\",\"logo\":{\"@type\":\"ImageObject\",\"inLanguage\":\"es\",\"@id\":\"https:\\\/\\\/www.delanchy.com\\\/#\\\/schema\\\/logo\\\/image\\\/\",\"url\":\"https:\\\/\\\/www.delanchy.com\\\/wp-content\\\/uploads\\\/2020\\\/01\\\/logo-delanchy.png\",\"contentUrl\":\"https:\\\/\\\/www.delanchy.com\\\/wp-content\\\/uploads\\\/2020\\\/01\\\/logo-delanchy.png\",\"width\":1090,\"height\":185,\"caption\":\"Delanchy\"},\"image\":{\"@id\":\"https:\\\/\\\/www.delanchy.com\\\/#\\\/schema\\\/logo\\\/image\\\/\"}}]}<\/script>\n<!-- \/ Yoast SEO plugin. -->","yoast_head_json":{"title":"Pol\u00edtica de calidad y seguridad - Delanchy","robots":{"index":"index","follow":"follow","max-snippet":"max-snippet:-1","max-image-preview":"max-image-preview:large","max-video-preview":"max-video-preview:-1"},"canonical":"https:\/\/www.delanchy.com\/es\/compromisos\/politica-de-calidad-y-seguridad\/","og_locale":"es_ES","og_type":"article","og_title":"Pol\u00edtica de calidad y seguridad - Delanchy","og_url":"https:\/\/www.delanchy.com\/es\/compromisos\/politica-de-calidad-y-seguridad\/","og_site_name":"Delanchy","article_modified_time":"2020-07-09T10:15:00+00:00","twitter_card":"summary_large_image","schema":{"@context":"https:\/\/schema.org","@graph":[{"@type":"WebPage","@id":"https:\/\/www.delanchy.com\/es\/compromisos\/politica-de-calidad-y-seguridad\/","url":"https:\/\/www.delanchy.com\/es\/compromisos\/politica-de-calidad-y-seguridad\/","name":"Pol\u00edtica de calidad y seguridad - Delanchy","isPartOf":{"@id":"https:\/\/www.delanchy.com\/#website"},"datePublished":"2020-07-07T15:34:31+00:00","dateModified":"2020-07-09T10:15:00+00:00","breadcrumb":{"@id":"https:\/\/www.delanchy.com\/es\/compromisos\/politica-de-calidad-y-seguridad\/#breadcrumb"},"inLanguage":"es","potentialAction":[{"@type":"ReadAction","target":["https:\/\/www.delanchy.com\/es\/compromisos\/politica-de-calidad-y-seguridad\/"]}]},{"@type":"BreadcrumbList","@id":"https:\/\/www.delanchy.com\/es\/compromisos\/politica-de-calidad-y-seguridad\/#breadcrumb","itemListElement":[{"@type":"ListItem","position":1,"name":"Accueil","item":"https:\/\/www.delanchy.com\/es\/"},{"@type":"ListItem","position":2,"name":"Nuestros compromisos","item":"https:\/\/www.delanchy.com\/es\/compromisos\/"},{"@type":"ListItem","position":3,"name":"Pol\u00edtica de calidad y seguridad"}]},{"@type":"WebSite","@id":"https:\/\/www.delanchy.com\/#website","url":"https:\/\/www.delanchy.com\/","name":"Delanchy","description":"Transport et logistique","publisher":{"@id":"https:\/\/www.delanchy.com\/#organization"},"potentialAction":[{"@type":"SearchAction","target":{"@type":"EntryPoint","urlTemplate":"https:\/\/www.delanchy.com\/?s={search_term_string}"},"query-input":{"@type":"PropertyValueSpecification","valueRequired":true,"valueName":"search_term_string"}}],"inLanguage":"es"},{"@type":"Organization","@id":"https:\/\/www.delanchy.com\/#organization","name":"Delanchy","url":"https:\/\/www.delanchy.com\/","logo":{"@type":"ImageObject","inLanguage":"es","@id":"https:\/\/www.delanchy.com\/#\/schema\/logo\/image\/","url":"https:\/\/www.delanchy.com\/wp-content\/uploads\/2020\/01\/logo-delanchy.png","contentUrl":"https:\/\/www.delanchy.com\/wp-content\/uploads\/2020\/01\/logo-delanchy.png","width":1090,"height":185,"caption":"Delanchy"},"image":{"@id":"https:\/\/www.delanchy.com\/#\/schema\/logo\/image\/"}}]}},"_links":{"self":[{"href":"https:\/\/www.delanchy.com\/es\/wp-json\/wp\/v2\/pages\/2266","targetHints":{"allow":["GET"]}}],"collection":[{"href":"https:\/\/www.delanchy.com\/es\/wp-json\/wp\/v2\/pages"}],"about":[{"href":"https:\/\/www.delanchy.com\/es\/wp-json\/wp\/v2\/types\/page"}],"author":[{"embeddable":true,"href":"https:\/\/www.delanchy.com\/es\/wp-json\/wp\/v2\/users\/1"}],"replies":[{"embeddable":true,"href":"https:\/\/www.delanchy.com\/es\/wp-json\/wp\/v2\/comments?post=2266"}],"version-history":[{"count":4,"href":"https:\/\/www.delanchy.com\/es\/wp-json\/wp\/v2\/pages\/2266\/revisions"}],"predecessor-version":[{"id":2436,"href":"https:\/\/www.delanchy.com\/es\/wp-json\/wp\/v2\/pages\/2266\/revisions\/2436"}],"up":[{"embeddable":true,"href":"https:\/\/www.delanchy.com\/es\/wp-json\/wp\/v2\/pages\/2256"}],"wp:attachment":[{"href":"https:\/\/www.delanchy.com\/es\/wp-json\/wp\/v2\/media?parent=2266"}],"curies":[{"name":"wp","href":"https:\/\/api.w.org\/{rel}","templated":true}]}}