{"id":2452,"date":"2020-07-09T12:25:31","date_gmt":"2020-07-09T10:25:31","guid":{"rendered":"https:\/\/www.delanchy.com\/?page_id=2452"},"modified":"2020-07-09T17:10:29","modified_gmt":"2020-07-09T15:10:29","slug":"impresion","status":"publish","type":"page","link":"https:\/\/www.delanchy.com\/es\/impresion\/","title":{"rendered":"Impresion"},"content":{"rendered":"      <section class=\"texte\">\n        <div class=\"container\">\n          <p><u>EDITORIAL<\/u><\/p>\n<p>El sitio web <strong>www.delanchy.com<\/strong> es propiedad exclusiva de <strong>SAS DEFITRANS<\/strong> que lo publica.<\/p>\n<p>DEFITRANS<\/p>\n<p>SAS con un capital de 1 200 000 euros.<\/p>\n<p>ZI ROUTE DE GESTEL &#8211; BP 8 56520 GUIDEL<\/p>\n<p>Inscrita en el Registro Mercantil y de Sociedades de LORIENT con el n\u00famero 388 198 947.<\/p>\n<p>N\u00famero de IVA intracomunitario: FR 12 388 198 947<\/p>\n<p>Director de la publicaci\u00f3n: Brigitte Delanchy<\/p>\n<p>Contacto: <strong>contact@delanchy.fr<\/strong><\/p>\n<p>Tel: +33 (0)2 97 65 98 78<\/p>\n<p>ALOJAMIENTO<\/p>\n<p>El sitio est\u00e1 alojado en OVH 2 rue Kellermann 59100 Roubaix.<\/p>\n<h2><strong>COOKIES<\/strong><\/h2>\n<p>Nuestro sitio web utiliza cookies. Una cookie es un archivo que contiene un identificador (una cadena de letras y n\u00fameros) enviado por un servidor web a un navegador web y almacenado por \u00e9ste. El identificador se env\u00eda de vuelta al servidor cada vez que el navegador solicita una p\u00e1gina del servidor. Las cookies pueden ser \u00abpersistentes\u00bb o \u00abde sesi\u00f3n\u00bb: una cookie persistente es almacenada por el navegador y permanece v\u00e1lida hasta su fecha de caducidad, a menos que sea eliminada por el usuario antes de esa fecha de caducidad; en cuanto a la cookie de sesi\u00f3n, caduca al final de la sesi\u00f3n del usuario, cuando se cierra el navegador. Por lo general, las cookies no contienen ninguna informaci\u00f3n que pueda identificar personalmente a un usuario, pero la informaci\u00f3n personal que almacenamos sobre usted puede vincularse a la informaci\u00f3n almacenada y obtenida por las cookies. Utilizamos cookies de sesi\u00f3n y cookies persistentes en nuestro sitio web.<\/p>\n<p>A continuaci\u00f3n se describen los nombres de las cookies que utilizamos en nuestro sitio web y los fines para los que las utilizamos.<\/p>\n<p>Utilizamos Google Analytics en nuestro sitio web para reconocer un ordenador cuando un usuario visita el sitio web \/ para hacer un seguimiento de los usuarios mientras navegan por el sitio web \/ para mejorar el uso del sitio web \/ para analizar el uso del sitio web \/ para administrar el sitio web.<\/p>\n<p>La mayor\u00eda de los navegadores le permiten rechazar o aceptar cookies.<\/p>\n<p>El bloqueo de todas las cookies tendr\u00e1 un impacto negativo en el uso de muchos sitios web. Si bloquea las cookies, no podr\u00e1 utilizar toda la funcionalidad de nuestro sitio web. Su consentimiento es v\u00e1lido por 13 meses.<\/p>\n<p>&nbsp;<\/p>\n<h2><strong>PROTECCI\u00d3N DE LA PRIVACIDAD <\/strong><\/h2>\n<p><strong>Fecha \/ versi\u00f3n: Versi\u00f3n 1 del 28 de abril de 2019<\/strong><\/p>\n<p>La privacidad de los datos de los visitantes de nuestros sitios web es muy importante para nosotros, y nos comprometemos a protegerla. Este aviso detalla nuestra pol\u00edtica sobre la recopilaci\u00f3n y el procesamiento de sus datos personales.<\/p>\n<p>Al utilizar los sitios web <strong>http:\/\/www.delanchy.com <\/strong>o el sitio web dedicado a la contrataci\u00f3n: <strong>https:\/\/careers.werecruit.io\/fr\/delanchy-transports<\/strong>, usted acepta que se recojan y utilicen sus datos personales de la manera descrita en el presente documento.<\/p>\n<p>El controlador de datos es la empresa DEFITRANS.<\/p>\n<p>En caso de modificaci\u00f3n o actualizaci\u00f3n, este aviso revisado se pondr\u00e1 en l\u00ednea con la menci\u00f3n de la \u00faltima fecha de actualizaci\u00f3n.<\/p>\n<p>Nuestra empresa se compromete a tratar sus datos personales de conformidad con las leyes y reglamentos aplicables y, en particular, la Ley N\u00ba 78-17 de 6 de enero de 1978 sobre la inform\u00e1tica, los archivos y las libertades individuales y el Reglamento (UE) 2016\/679 del Parlamento Europeo y del Consejo, de 27 de abril de 2016, relativo a la protecci\u00f3n de las personas f\u00edsicas en lo que respecta al tratamiento de datos personales y a la libre circulaci\u00f3n de estos datos.<\/p>\n<h2><strong>DATOS RECOGIDOS<\/strong><\/h2>\n<p>Sus datos pueden ser recogidos cuando:<\/p>\n<ul>\n<li>Navegue por nuestros sitios,<\/li>\n<li>Solicite un trabajo o una pasant\u00eda,<\/li>\n<li>Contacte con la empresa a trav\u00e9s del formulario de contacto o por correo electr\u00f3nico,<\/li>\n<li>Pide que te suscribas a un bolet\u00edn de noticias.<\/li>\n<\/ul>\n<p>Por lo tanto, es probable que nos proporcione un cierto n\u00famero de datos personales como su nombre y apellido, su direcci\u00f3n de correo electr\u00f3nico, datos relativos a su vida profesional, con el fin de beneficiarse de nuestros servicios y permitirnos responder a sus solicitudes de informaci\u00f3n.<\/p>\n<p>Tambi\u00e9n se puede recopilar informaci\u00f3n relativa a los datos de su conexi\u00f3n (direcciones IP, registros de eventos, etc.).<\/p>\n<h2><strong>OBJETIVOS DEL TRATAMIENTO<\/strong><\/h2>\n<p>Sus datos se recogen y procesan con el fin de:<\/p>\n<ul>\n<li>Para responder a sus preguntas y solicitudes,<\/li>\n<li>Suscr\u00edbase a los boletines de noticias (la suscripci\u00f3n puede interrumpirse en cualquier momento),<\/li>\n<li>Para garantizar la tramitaci\u00f3n de las solicitudes recibidas.<\/li>\n<\/ul>\n<p>La base legal para dicho procesamiento es el inter\u00e9s leg\u00edtimo de nuestra compa\u00f1\u00eda y\/o su consentimiento.<\/p>\n<p>Sus datos personales tambi\u00e9n pueden ser procesados para:<\/p>\n<ul>\n<li>Para asegurar el funcionamiento y la seguridad de nuestros sitios y para mejorar su funcionamiento,<\/li>\n<li>Para realizar c\u00e1lculos estad\u00edsticos an\u00f3nimos.<\/li>\n<\/ul>\n<p>El fundamento jur\u00eddico de estas operaciones de procesamiento es el inter\u00e9s leg\u00edtimo de nuestra empresa, a fin de garantizar el buen funcionamiento y la seguridad de nuestros sitios, red e informaci\u00f3n y de prevenir cualquier fraude.<\/p>\n<h2><strong>SEGURIDAD Y CONFIDENCIALIDAD DE LOS DATOS<\/strong><\/h2>\n<p>Nuestra empresa se compromete a aplicar todas las medidas t\u00e9cnicas y organizativas adecuadas para preservar la seguridad y la confidencialidad de sus datos personales, para garantizar un nivel de seguridad adecuado a los riesgos de acceso accidental, no autorizado o ilegal, la divulgaci\u00f3n, la alteraci\u00f3n, la p\u00e9rdida o la destrucci\u00f3n de sus datos personales.<\/p>\n<h2><strong>CONSERVACI\u00d3N<\/strong><\/h2>\n<p>Nuestra empresa guarda los datos personales s\u00f3lo durante el tiempo necesario para el procesamiento.<\/p>\n<p>Los datos personales utilizados para la comunicaci\u00f3n se conservan durante tres (3) a\u00f1os a partir del momento de su recogida o de su \u00faltimo contacto con nuestra empresa.<\/p>\n<p>Los datos relacionados con el proceso de reclutamiento se destruyen dos (2) a\u00f1os despu\u00e9s del \u00faltimo contacto, a menos que usted haya dado su consentimiento.<\/p>\n<p>Nuestra empresa tambi\u00e9n puede retener sus datos durante un per\u00edodo de tiempo m\u00e1s largo de acuerdo con sus obligaciones legales.<\/p>\n<h2><strong>RECEPTORES DE DATOS<\/strong><\/h2>\n<p>Los datos personales comunicados podr\u00e1n ser transmitidos a otras filiales del Grupo DELANCHY, en la medida en que se vean afectados.<\/p>\n<p>Los datos recogidos no podr\u00e1n ser comunicados a terceros, aparte de posibles subcontratistas, en la medida en que estos \u00faltimos tendr\u00edan que conocerlos, por ejemplo para ayudarnos en cuestiones de contrataci\u00f3n o para albergar los datos.<\/p>\n<p>&nbsp;<\/p>\n<p>Nuestra empresa puede ser obligada a comunicar sus datos a la sociedad WERECRUIT, sociedad an\u00f3nima simplificada con un capital social de 32.000 euros, situada en el 9 rue Abb\u00e9 Anger &#8211; 35500 Vitr\u00e9, registrada en el RCS de Rennes con el n\u00famero 813 470 820.<\/p>\n<p>Sus datos personales pueden ser revelados en virtud de una ley, un reglamento o una decisi\u00f3n de una autoridad reguladora o judicial competente.<\/p>\n<h2><strong>EJERCER SUS DERECHOS<\/strong><\/h2>\n<p>De conformidad con la legislaci\u00f3n aplicable, usted tiene los derechos de acceso y rectificaci\u00f3n, que le permiten hacer que sus datos personales sean corregidos, completados, actualizados o eliminados, as\u00ed como el derecho a solicitar la limitaci\u00f3n del tratamiento, y el derecho a oponerse por motivos leg\u00edtimos al tratamiento de sus datos personales.<\/p>\n<p>Tambi\u00e9n puede oponerse en cualquier momento y sin motivo al tratamiento de sus datos personales para fines de comunicaci\u00f3n.<\/p>\n<p>Estos derechos pueden ejercerse en nuestra empresa, enviando un correo electr\u00f3nico a <strong>donneespersonnelles@delanchy.fr<\/strong> o una carta a la direcci\u00f3n del domicilio social.<\/p>\n<p>Se le informa que tambi\u00e9n puede presentar una denuncia ante la Comisi\u00f3n Nacional de la Inform\u00e1tica y las Libertades (CNIL), situada en el 3 Place de Fontenoy, 75007 Par\u00eds.<\/p>\n<h2><strong>PROPIEDAD INTELECTUAL<\/strong><\/h2>\n<p>Los sitios, as\u00ed como los elementos que los componen (en particular: im\u00e1genes, textos, programas inform\u00e1ticos, v\u00eddeos, ilustraciones, diagramas, representaciones gr\u00e1ficas, logotipos, base de datos, etc.) son propiedad exclusiva de DEFITRANS, o de los titulares de los derechos correspondientes. Las marcas y logotipos reproducidos est\u00e1n registrados.<\/p>\n<p>Estos elementos est\u00e1n protegidos por las disposiciones aplicables del C\u00f3digo de la Propiedad Intelectual. Queda prohibida toda utilizaci\u00f3n, reproducci\u00f3n o representaci\u00f3n de los sitios, total o parcial, en cualquier soporte, para otros fines y, en particular, para fines comerciales.<\/p>\n<p><u>Cr\u00e9ditos de las fotos:<\/u> Regards Photographes, Nausicaa, Energy Observer<\/p>\n<h2><strong>USO DEL SITIO<\/strong><\/h2>\n<p>DEFITRANS no se hace responsable de los da\u00f1os directos o indirectos que puedan derivarse del acceso o de la utilizaci\u00f3n del sitio y\/o de estas informaciones, incluyendo la inaccesibilidad, la p\u00e9rdida de datos, la degradaci\u00f3n, la destrucci\u00f3n o los virus que puedan afectar al equipo inform\u00e1tico del usuario y\/o la presencia de virus en su sitio.<\/p>\n<p>DEFITRANS se esfuerza por ofrecer un contenido fiable en sus sitios, pero no garantiza que su contenido est\u00e9 libre de inexactitudes u omisiones y no puede ser considerado responsable de los errores u omisiones o de la falta de disponibilidad de la informaci\u00f3n y los servicios.<\/p>\n        <\/div>\n      <\/section>\n    ","protected":false},"excerpt":{"rendered":"","protected":false},"author":1,"featured_media":0,"parent":0,"menu_order":9,"comment_status":"closed","ping_status":"closed","template":"","meta":{"_acf_changed":false,"footnotes":""},"class_list":["post-2452","page","type-page","status-publish","hentry"],"acf":[],"yoast_head":"<!-- This site is optimized with the Yoast SEO plugin v27.4 - https:\/\/yoast.com\/product\/yoast-seo-wordpress\/ -->\n<title>Impresion - Delanchy<\/title>\n<meta name=\"robots\" content=\"index, follow, max-snippet:-1, max-image-preview:large, max-video-preview:-1\" \/>\n<link rel=\"canonical\" href=\"https:\/\/www.delanchy.com\/es\/impresion\/\" \/>\n<meta property=\"og:locale\" content=\"es_ES\" \/>\n<meta property=\"og:type\" content=\"article\" \/>\n<meta property=\"og:title\" content=\"Impresion - Delanchy\" \/>\n<meta property=\"og:url\" content=\"https:\/\/www.delanchy.com\/es\/impresion\/\" \/>\n<meta property=\"og:site_name\" content=\"Delanchy\" \/>\n<meta property=\"article:modified_time\" content=\"2020-07-09T15:10:29+00:00\" \/>\n<meta name=\"twitter:card\" content=\"summary_large_image\" \/>\n<script type=\"application\/ld+json\" class=\"yoast-schema-graph\">{\"@context\":\"https:\\\/\\\/schema.org\",\"@graph\":[{\"@type\":\"WebPage\",\"@id\":\"https:\\\/\\\/www.delanchy.com\\\/es\\\/impresion\\\/\",\"url\":\"https:\\\/\\\/www.delanchy.com\\\/es\\\/impresion\\\/\",\"name\":\"Impresion - Delanchy\",\"isPartOf\":{\"@id\":\"https:\\\/\\\/www.delanchy.com\\\/#website\"},\"datePublished\":\"2020-07-09T10:25:31+00:00\",\"dateModified\":\"2020-07-09T15:10:29+00:00\",\"breadcrumb\":{\"@id\":\"https:\\\/\\\/www.delanchy.com\\\/es\\\/impresion\\\/#breadcrumb\"},\"inLanguage\":\"es\",\"potentialAction\":[{\"@type\":\"ReadAction\",\"target\":[\"https:\\\/\\\/www.delanchy.com\\\/es\\\/impresion\\\/\"]}]},{\"@type\":\"BreadcrumbList\",\"@id\":\"https:\\\/\\\/www.delanchy.com\\\/es\\\/impresion\\\/#breadcrumb\",\"itemListElement\":[{\"@type\":\"ListItem\",\"position\":1,\"name\":\"Accueil\",\"item\":\"https:\\\/\\\/www.delanchy.com\\\/es\\\/\"},{\"@type\":\"ListItem\",\"position\":2,\"name\":\"Impresion\"}]},{\"@type\":\"WebSite\",\"@id\":\"https:\\\/\\\/www.delanchy.com\\\/#website\",\"url\":\"https:\\\/\\\/www.delanchy.com\\\/\",\"name\":\"Delanchy\",\"description\":\"Transport et logistique\",\"publisher\":{\"@id\":\"https:\\\/\\\/www.delanchy.com\\\/#organization\"},\"potentialAction\":[{\"@type\":\"SearchAction\",\"target\":{\"@type\":\"EntryPoint\",\"urlTemplate\":\"https:\\\/\\\/www.delanchy.com\\\/?s={search_term_string}\"},\"query-input\":{\"@type\":\"PropertyValueSpecification\",\"valueRequired\":true,\"valueName\":\"search_term_string\"}}],\"inLanguage\":\"es\"},{\"@type\":\"Organization\",\"@id\":\"https:\\\/\\\/www.delanchy.com\\\/#organization\",\"name\":\"Delanchy\",\"url\":\"https:\\\/\\\/www.delanchy.com\\\/\",\"logo\":{\"@type\":\"ImageObject\",\"inLanguage\":\"es\",\"@id\":\"https:\\\/\\\/www.delanchy.com\\\/#\\\/schema\\\/logo\\\/image\\\/\",\"url\":\"https:\\\/\\\/www.delanchy.com\\\/wp-content\\\/uploads\\\/2020\\\/01\\\/logo-delanchy.png\",\"contentUrl\":\"https:\\\/\\\/www.delanchy.com\\\/wp-content\\\/uploads\\\/2020\\\/01\\\/logo-delanchy.png\",\"width\":1090,\"height\":185,\"caption\":\"Delanchy\"},\"image\":{\"@id\":\"https:\\\/\\\/www.delanchy.com\\\/#\\\/schema\\\/logo\\\/image\\\/\"}}]}<\/script>\n<!-- \/ Yoast SEO plugin. -->","yoast_head_json":{"title":"Impresion - Delanchy","robots":{"index":"index","follow":"follow","max-snippet":"max-snippet:-1","max-image-preview":"max-image-preview:large","max-video-preview":"max-video-preview:-1"},"canonical":"https:\/\/www.delanchy.com\/es\/impresion\/","og_locale":"es_ES","og_type":"article","og_title":"Impresion - Delanchy","og_url":"https:\/\/www.delanchy.com\/es\/impresion\/","og_site_name":"Delanchy","article_modified_time":"2020-07-09T15:10:29+00:00","twitter_card":"summary_large_image","schema":{"@context":"https:\/\/schema.org","@graph":[{"@type":"WebPage","@id":"https:\/\/www.delanchy.com\/es\/impresion\/","url":"https:\/\/www.delanchy.com\/es\/impresion\/","name":"Impresion - Delanchy","isPartOf":{"@id":"https:\/\/www.delanchy.com\/#website"},"datePublished":"2020-07-09T10:25:31+00:00","dateModified":"2020-07-09T15:10:29+00:00","breadcrumb":{"@id":"https:\/\/www.delanchy.com\/es\/impresion\/#breadcrumb"},"inLanguage":"es","potentialAction":[{"@type":"ReadAction","target":["https:\/\/www.delanchy.com\/es\/impresion\/"]}]},{"@type":"BreadcrumbList","@id":"https:\/\/www.delanchy.com\/es\/impresion\/#breadcrumb","itemListElement":[{"@type":"ListItem","position":1,"name":"Accueil","item":"https:\/\/www.delanchy.com\/es\/"},{"@type":"ListItem","position":2,"name":"Impresion"}]},{"@type":"WebSite","@id":"https:\/\/www.delanchy.com\/#website","url":"https:\/\/www.delanchy.com\/","name":"Delanchy","description":"Transport et logistique","publisher":{"@id":"https:\/\/www.delanchy.com\/#organization"},"potentialAction":[{"@type":"SearchAction","target":{"@type":"EntryPoint","urlTemplate":"https:\/\/www.delanchy.com\/?s={search_term_string}"},"query-input":{"@type":"PropertyValueSpecification","valueRequired":true,"valueName":"search_term_string"}}],"inLanguage":"es"},{"@type":"Organization","@id":"https:\/\/www.delanchy.com\/#organization","name":"Delanchy","url":"https:\/\/www.delanchy.com\/","logo":{"@type":"ImageObject","inLanguage":"es","@id":"https:\/\/www.delanchy.com\/#\/schema\/logo\/image\/","url":"https:\/\/www.delanchy.com\/wp-content\/uploads\/2020\/01\/logo-delanchy.png","contentUrl":"https:\/\/www.delanchy.com\/wp-content\/uploads\/2020\/01\/logo-delanchy.png","width":1090,"height":185,"caption":"Delanchy"},"image":{"@id":"https:\/\/www.delanchy.com\/#\/schema\/logo\/image\/"}}]}},"_links":{"self":[{"href":"https:\/\/www.delanchy.com\/es\/wp-json\/wp\/v2\/pages\/2452","targetHints":{"allow":["GET"]}}],"collection":[{"href":"https:\/\/www.delanchy.com\/es\/wp-json\/wp\/v2\/pages"}],"about":[{"href":"https:\/\/www.delanchy.com\/es\/wp-json\/wp\/v2\/types\/page"}],"author":[{"embeddable":true,"href":"https:\/\/www.delanchy.com\/es\/wp-json\/wp\/v2\/users\/1"}],"replies":[{"embeddable":true,"href":"https:\/\/www.delanchy.com\/es\/wp-json\/wp\/v2\/comments?post=2452"}],"version-history":[{"count":3,"href":"https:\/\/www.delanchy.com\/es\/wp-json\/wp\/v2\/pages\/2452\/revisions"}],"predecessor-version":[{"id":2577,"href":"https:\/\/www.delanchy.com\/es\/wp-json\/wp\/v2\/pages\/2452\/revisions\/2577"}],"wp:attachment":[{"href":"https:\/\/www.delanchy.com\/es\/wp-json\/wp\/v2\/media?parent=2452"}],"curies":[{"name":"wp","href":"https:\/\/api.w.org\/{rel}","templated":true}]}}