{"id":2275,"date":"2020-07-08T12:14:21","date_gmt":"2020-07-08T10:14:21","guid":{"rendered":"https:\/\/www.delanchy.com\/?page_id=2275"},"modified":"2024-02-15T15:58:45","modified_gmt":"2024-02-15T14:58:45","slug":"chi-siamo","status":"publish","type":"page","link":"https:\/\/www.delanchy.com\/it\/chi-siamo\/","title":{"rendered":"Chi siamo"},"content":{"rendered":"        <section class=\"top\">\n          <div class=\"container\">\n            <div class=\"bloc-left\">\n              <div class=\"bloc-txt\">\n                                  <p class=\"subtitle\">La visione Delanchy<\/p>\n                                                  <h1>Apertura di nuovi orizzonti<\/h1>\n                                <p>Nel Gruppo DELANCHY, le nostre professioni riflettono i nostri valori.\u00a0<a href=\"https:\/\/www.delanchy.com\/it\/i-nostri-servizi\/\">Il trasporto dei prodotti ittici e di prodotti freschi<\/a>, e la logistica che li accompagna, sono una sfida quotidiana che affrontiamo da cinque decenni. La nostra priorit\u00e0: soddisfare i nostri clienti e portare a termine le missioni che ci vengono affidate.<\/p>\n<p>In un settore di attivit\u00e0 in continua evoluzione, \u00e8 necessario sapersi aprire a nuovi orizzonti, reinventarsi ogni giorno, costruire insieme la DELANCHY di domani.<\/p>\n              <\/div> \n            <\/div>\n            <div class=\"bloc-right\">\n              <img decoding=\"async\" src=\"https:\/\/www.delanchy.com\/wp-content\/uploads\/2020\/02\/01-nouveaux-horizons-1024x682.jpg\" alt=\"Chi siamo\">\n            <\/div>\n          <\/div>\n        <\/section>\n    \n\n      <section class=\"subpages\">\n        <div class=\"container\">\n                                          <a href=\"https:\/\/www.delanchy.com\/it\/chi-siamo\/il-nostro-gruppo\/\" class=\"child-page\">\n                <p class=\"title\">Il nostro gruppo<\/p>\n                <p>Il Gruppo DELANCHY si \u00e8 affermato come uno dei principali attori nel settore dei trasporti e logistica nell\u2019ambito di prodotti freschi a temperatura controllata. Impegno, innovazione, sviluppo della nostra rete di agenzie e delle nostre competenze: rappresentano delle priorit\u00e0, per essere all\u2019altezza dell\u2019impegno che abbiamo nei confronti dei nostri clienti.<\/p>\n              <\/a>\n                          <a href=\"https:\/\/www.delanchy.com\/it\/chi-siamo\/la-nostra-storia\/\" class=\"child-page\">\n                <p class=\"title\">La nostra storia<\/p>\n                <p>Nel maggio del 1968 a Guidel, la Bretagne Transports nasce per volere di Joseph Delanchy, fondatore del nostro Gruppo. Con questa prima agenzia,  la consegna dei prodotti ittici dal porto di Lorient alla citt\u00e0 di Lione \u00e8 la nostra prima attivit\u00e0.<\/p>\n              <\/a>\n                          <a href=\"https:\/\/www.delanchy.com\/it\/chi-siamo\/le-nostre-agenzie\/\" class=\"child-page\">\n                <p class=\"title\">Le nostre agenzie<\/p>\n                <p>Le agenzie di trasporti \u00ab Frigo Transports \u00bb e le agenzie di logistica \u00ab Delanchy Prestazione di Servizi \u00bb consentono una rete completa sul territorio francese e un\u2019apertura verso l\u2019Europa e il mondo intero. <\/p>\n              <\/a>\n                              <\/div>\n      <\/section>\n    \n\n      <section class=\"testimonial\">\n        <div class=\"contain-triangles-left\">\n          <span class=\"triangle-1\"><\/span>\n          <span class=\"triangle-2\"><\/span>\n          <span class=\"triangle-3\"><\/span>\n        <\/div>\n        <div class=\"container\">\n          <p>Aprire le porte e le finestre dell\u2019azienda,<br \/>\naccettare le idee degli altri, imparare gli uni dagli altri,<br \/>\nquesta \u00e8 la nostra cultura.<\/p>\n          <p class=\"subtitle\">Brigitte Delanchy &#8211; Direttrice generale<\/p>\n        <\/div>\n        <div class=\"contain-triangles-right\">\n          <span class=\"triangle-1\"><\/span>\n          <span class=\"triangle-2\"><\/span>\n          <span class=\"triangle-3\"><\/span>\n        <\/div>\n      <\/section>\n    \n\n      <section class=\"references\">\n        <div class=\"container\">\n          <div class=\"bloc-left\">\n            <div class=\"bloc-txt\">\n                              <h2>Il nostro lavoro<\/h2>\n                            <p>Per conto dei nostri clienti, produttori o distributori, prepariamo e trasportiamo ogni giorno prodotti ittici (40% della nostra attivit\u00e0) e prodotti freschi (60% dell\u2019attivit\u00e0 con frutta, verdura, carne e latticini\u2026).<\/p>\n<p>Attori della grande distribuzione, ristoratori e altri clienti indipendenti contano su di noi ogni giorno per la consegna nei loro magazzini, negozi e attivit\u00e0 commerciali.<\/p>\n              <div class=\"bloc-img\">\n                                                  <img decoding=\"async\" src=\"https:\/\/www.delanchy.com\/wp-content\/uploads\/2020\/02\/02-notre-metier-1.jpg\" alt=\"\u00a9sylvain Malmouche\">\n                              <\/div>\n            <\/div> \n          <\/div>\n                                <div class=\"bloc-refs\">\n              <img decoding=\"async\" src=\"https:\/\/www.delanchy.com\/wp-content\/uploads\/2020\/02\/03-notre-metier-2.jpg\" alt=\"03 Notre M\u00e9tier (2)\">\n            <\/div>\n                  <\/div>\n      <\/section>\n    \n\n      <section class=\"team\">\n        <div class=\"container\">\n                      <h2>Le persone sono la nostra forza !<\/h2>\n                    <p>I nostri 3500 collaboratori sono al centro dello sviluppo del <a href=\"https:\/\/www.delanchy.com\/it\/chi-siamo\/il-nostro-gruppo\/\">Gruppo DELANCHY<\/a>. I\u00a0<a href=\"https:\/\/www.delanchy.com\/it\/i-nostri-impegni\/\">valori umani\u00a0<\/a>sono al centro delle nostre preoccupazioni e contribuiscono al progresso del Gruppo con professionalit\u00e0, e offrendo la qualit\u00e0 del servizio che ci contraddistingue dal 1968.<\/p>\n<p>La qualit\u00e0 della selezione del personale, lo sviluppo interno attraverso la formazione continua e l\u2019aumento delle competenze dei nostri dipendenti sono delle priorit\u00e0. Per dare a tutti una possibilit\u00e0, ogni anno rinnoviamo il personale nei nostri vivai di impresa integrando giovani collaboratori nei programmi di studio-lavoro, aprendo la porta in questo modo a nuovi talenti.<\/p>\n<p>I team di gestione del Gruppo DELANCHY si dividono tra la sede storica di Guidel (56) e la sede amministrativa con sede a La Gravelle (53).<\/p>\n                  <\/div>\n      <\/section>\n    ","protected":false},"excerpt":{"rendered":"","protected":false},"author":1,"featured_media":854,"parent":0,"menu_order":2,"comment_status":"closed","ping_status":"closed","template":"gabarit-qui-sommes-nous.php","meta":{"_acf_changed":false,"footnotes":""},"class_list":["post-2275","page","type-page","status-publish","has-post-thumbnail","hentry"],"acf":[],"yoast_head":"<!-- This site is optimized with the Yoast SEO plugin v27.4 - https:\/\/yoast.com\/product\/yoast-seo-wordpress\/ -->\n<title>Chi siamo - Delanchy<\/title>\n<meta name=\"robots\" content=\"index, follow, max-snippet:-1, max-image-preview:large, max-video-preview:-1\" \/>\n<link rel=\"canonical\" href=\"https:\/\/www.delanchy.com\/it\/chi-siamo\/\" \/>\n<meta property=\"og:locale\" content=\"it_IT\" \/>\n<meta property=\"og:type\" content=\"article\" \/>\n<meta property=\"og:title\" content=\"Chi siamo - Delanchy\" \/>\n<meta property=\"og:url\" content=\"https:\/\/www.delanchy.com\/it\/chi-siamo\/\" \/>\n<meta property=\"og:site_name\" content=\"Delanchy\" \/>\n<meta property=\"article:modified_time\" content=\"2024-02-15T14:58:45+00:00\" \/>\n<meta property=\"og:image\" content=\"https:\/\/www.delanchy.com\/wp-content\/uploads\/2020\/02\/01-nouveaux-horizons.jpg\" \/>\n\t<meta property=\"og:image:width\" content=\"2000\" \/>\n\t<meta property=\"og:image:height\" content=\"1333\" \/>\n\t<meta property=\"og:image:type\" content=\"image\/jpeg\" \/>\n<meta name=\"twitter:card\" content=\"summary_large_image\" \/>\n<meta name=\"twitter:label1\" content=\"Tempo di lettura stimato\" \/>\n\t<meta name=\"twitter:data1\" content=\"1 minuto\" \/>\n<script type=\"application\/ld+json\" class=\"yoast-schema-graph\">{\"@context\":\"https:\\\/\\\/schema.org\",\"@graph\":[{\"@type\":\"WebPage\",\"@id\":\"https:\\\/\\\/www.delanchy.com\\\/it\\\/chi-siamo\\\/\",\"url\":\"https:\\\/\\\/www.delanchy.com\\\/it\\\/chi-siamo\\\/\",\"name\":\"Chi siamo - Delanchy\",\"isPartOf\":{\"@id\":\"https:\\\/\\\/www.delanchy.com\\\/#website\"},\"primaryImageOfPage\":{\"@id\":\"https:\\\/\\\/www.delanchy.com\\\/it\\\/chi-siamo\\\/#primaryimage\"},\"image\":{\"@id\":\"https:\\\/\\\/www.delanchy.com\\\/it\\\/chi-siamo\\\/#primaryimage\"},\"thumbnailUrl\":\"https:\\\/\\\/www.delanchy.com\\\/wp-content\\\/uploads\\\/2020\\\/02\\\/01-nouveaux-horizons.jpg\",\"datePublished\":\"2020-07-08T10:14:21+00:00\",\"dateModified\":\"2024-02-15T14:58:45+00:00\",\"breadcrumb\":{\"@id\":\"https:\\\/\\\/www.delanchy.com\\\/it\\\/chi-siamo\\\/#breadcrumb\"},\"inLanguage\":\"it-IT\",\"potentialAction\":[{\"@type\":\"ReadAction\",\"target\":[\"https:\\\/\\\/www.delanchy.com\\\/it\\\/chi-siamo\\\/\"]}]},{\"@type\":\"ImageObject\",\"inLanguage\":\"it-IT\",\"@id\":\"https:\\\/\\\/www.delanchy.com\\\/it\\\/chi-siamo\\\/#primaryimage\",\"url\":\"https:\\\/\\\/www.delanchy.com\\\/wp-content\\\/uploads\\\/2020\\\/02\\\/01-nouveaux-horizons.jpg\",\"contentUrl\":\"https:\\\/\\\/www.delanchy.com\\\/wp-content\\\/uploads\\\/2020\\\/02\\\/01-nouveaux-horizons.jpg\",\"width\":2000,\"height\":1333},{\"@type\":\"BreadcrumbList\",\"@id\":\"https:\\\/\\\/www.delanchy.com\\\/it\\\/chi-siamo\\\/#breadcrumb\",\"itemListElement\":[{\"@type\":\"ListItem\",\"position\":1,\"name\":\"Accueil\",\"item\":\"https:\\\/\\\/www.delanchy.com\\\/it\\\/\"},{\"@type\":\"ListItem\",\"position\":2,\"name\":\"Chi siamo\"}]},{\"@type\":\"WebSite\",\"@id\":\"https:\\\/\\\/www.delanchy.com\\\/#website\",\"url\":\"https:\\\/\\\/www.delanchy.com\\\/\",\"name\":\"Delanchy\",\"description\":\"Transport et logistique\",\"publisher\":{\"@id\":\"https:\\\/\\\/www.delanchy.com\\\/#organization\"},\"potentialAction\":[{\"@type\":\"SearchAction\",\"target\":{\"@type\":\"EntryPoint\",\"urlTemplate\":\"https:\\\/\\\/www.delanchy.com\\\/?s={search_term_string}\"},\"query-input\":{\"@type\":\"PropertyValueSpecification\",\"valueRequired\":true,\"valueName\":\"search_term_string\"}}],\"inLanguage\":\"it-IT\"},{\"@type\":\"Organization\",\"@id\":\"https:\\\/\\\/www.delanchy.com\\\/#organization\",\"name\":\"Delanchy\",\"url\":\"https:\\\/\\\/www.delanchy.com\\\/\",\"logo\":{\"@type\":\"ImageObject\",\"inLanguage\":\"it-IT\",\"@id\":\"https:\\\/\\\/www.delanchy.com\\\/#\\\/schema\\\/logo\\\/image\\\/\",\"url\":\"https:\\\/\\\/www.delanchy.com\\\/wp-content\\\/uploads\\\/2020\\\/01\\\/logo-delanchy.png\",\"contentUrl\":\"https:\\\/\\\/www.delanchy.com\\\/wp-content\\\/uploads\\\/2020\\\/01\\\/logo-delanchy.png\",\"width\":1090,\"height\":185,\"caption\":\"Delanchy\"},\"image\":{\"@id\":\"https:\\\/\\\/www.delanchy.com\\\/#\\\/schema\\\/logo\\\/image\\\/\"}}]}<\/script>\n<!-- \/ Yoast SEO plugin. -->","yoast_head_json":{"title":"Chi siamo - Delanchy","robots":{"index":"index","follow":"follow","max-snippet":"max-snippet:-1","max-image-preview":"max-image-preview:large","max-video-preview":"max-video-preview:-1"},"canonical":"https:\/\/www.delanchy.com\/it\/chi-siamo\/","og_locale":"it_IT","og_type":"article","og_title":"Chi siamo - Delanchy","og_url":"https:\/\/www.delanchy.com\/it\/chi-siamo\/","og_site_name":"Delanchy","article_modified_time":"2024-02-15T14:58:45+00:00","og_image":[{"width":2000,"height":1333,"url":"https:\/\/www.delanchy.com\/wp-content\/uploads\/2020\/02\/01-nouveaux-horizons.jpg","type":"image\/jpeg"}],"twitter_card":"summary_large_image","twitter_misc":{"Tempo di lettura stimato":"1 minuto"},"schema":{"@context":"https:\/\/schema.org","@graph":[{"@type":"WebPage","@id":"https:\/\/www.delanchy.com\/it\/chi-siamo\/","url":"https:\/\/www.delanchy.com\/it\/chi-siamo\/","name":"Chi siamo - Delanchy","isPartOf":{"@id":"https:\/\/www.delanchy.com\/#website"},"primaryImageOfPage":{"@id":"https:\/\/www.delanchy.com\/it\/chi-siamo\/#primaryimage"},"image":{"@id":"https:\/\/www.delanchy.com\/it\/chi-siamo\/#primaryimage"},"thumbnailUrl":"https:\/\/www.delanchy.com\/wp-content\/uploads\/2020\/02\/01-nouveaux-horizons.jpg","datePublished":"2020-07-08T10:14:21+00:00","dateModified":"2024-02-15T14:58:45+00:00","breadcrumb":{"@id":"https:\/\/www.delanchy.com\/it\/chi-siamo\/#breadcrumb"},"inLanguage":"it-IT","potentialAction":[{"@type":"ReadAction","target":["https:\/\/www.delanchy.com\/it\/chi-siamo\/"]}]},{"@type":"ImageObject","inLanguage":"it-IT","@id":"https:\/\/www.delanchy.com\/it\/chi-siamo\/#primaryimage","url":"https:\/\/www.delanchy.com\/wp-content\/uploads\/2020\/02\/01-nouveaux-horizons.jpg","contentUrl":"https:\/\/www.delanchy.com\/wp-content\/uploads\/2020\/02\/01-nouveaux-horizons.jpg","width":2000,"height":1333},{"@type":"BreadcrumbList","@id":"https:\/\/www.delanchy.com\/it\/chi-siamo\/#breadcrumb","itemListElement":[{"@type":"ListItem","position":1,"name":"Accueil","item":"https:\/\/www.delanchy.com\/it\/"},{"@type":"ListItem","position":2,"name":"Chi siamo"}]},{"@type":"WebSite","@id":"https:\/\/www.delanchy.com\/#website","url":"https:\/\/www.delanchy.com\/","name":"Delanchy","description":"Transport et logistique","publisher":{"@id":"https:\/\/www.delanchy.com\/#organization"},"potentialAction":[{"@type":"SearchAction","target":{"@type":"EntryPoint","urlTemplate":"https:\/\/www.delanchy.com\/?s={search_term_string}"},"query-input":{"@type":"PropertyValueSpecification","valueRequired":true,"valueName":"search_term_string"}}],"inLanguage":"it-IT"},{"@type":"Organization","@id":"https:\/\/www.delanchy.com\/#organization","name":"Delanchy","url":"https:\/\/www.delanchy.com\/","logo":{"@type":"ImageObject","inLanguage":"it-IT","@id":"https:\/\/www.delanchy.com\/#\/schema\/logo\/image\/","url":"https:\/\/www.delanchy.com\/wp-content\/uploads\/2020\/01\/logo-delanchy.png","contentUrl":"https:\/\/www.delanchy.com\/wp-content\/uploads\/2020\/01\/logo-delanchy.png","width":1090,"height":185,"caption":"Delanchy"},"image":{"@id":"https:\/\/www.delanchy.com\/#\/schema\/logo\/image\/"}}]}},"_links":{"self":[{"href":"https:\/\/www.delanchy.com\/it\/wp-json\/wp\/v2\/pages\/2275","targetHints":{"allow":["GET"]}}],"collection":[{"href":"https:\/\/www.delanchy.com\/it\/wp-json\/wp\/v2\/pages"}],"about":[{"href":"https:\/\/www.delanchy.com\/it\/wp-json\/wp\/v2\/types\/page"}],"author":[{"embeddable":true,"href":"https:\/\/www.delanchy.com\/it\/wp-json\/wp\/v2\/users\/1"}],"replies":[{"embeddable":true,"href":"https:\/\/www.delanchy.com\/it\/wp-json\/wp\/v2\/comments?post=2275"}],"version-history":[{"count":5,"href":"https:\/\/www.delanchy.com\/it\/wp-json\/wp\/v2\/pages\/2275\/revisions"}],"predecessor-version":[{"id":4335,"href":"https:\/\/www.delanchy.com\/it\/wp-json\/wp\/v2\/pages\/2275\/revisions\/4335"}],"wp:featuredmedia":[{"embeddable":true,"href":"https:\/\/www.delanchy.com\/it\/wp-json\/wp\/v2\/media\/854"}],"wp:attachment":[{"href":"https:\/\/www.delanchy.com\/it\/wp-json\/wp\/v2\/media?parent=2275"}],"curies":[{"name":"wp","href":"https:\/\/api.w.org\/{rel}","templated":true}]}}