{"id":2295,"date":"2020-07-08T14:19:04","date_gmt":"2020-07-08T12:19:04","guid":{"rendered":"https:\/\/www.delanchy.com\/?page_id=2295"},"modified":"2020-07-08T16:19:54","modified_gmt":"2020-07-08T14:19:54","slug":"logistica","status":"publish","type":"page","link":"https:\/\/www.delanchy.com\/it\/i-nostri-servizi\/logistica\/","title":{"rendered":"Logistica"},"content":{"rendered":"      <section class=\"texte\">\n        <div class=\"container\">\n          <p>DELANCHY garantisce il trasporto ma anche tutta <strong>l\u2019organizzazione logistica<\/strong> necessaria al transito dei prodotti alimentari nelle condizioni migliori e nel rispetto delle scadenze.<\/p>\n<p>Cos\u00ec, il 35% della nostra attivit\u00e0 \u00e8 dedicato alla logistica sulle nostre <strong>piattaforme<\/strong>\u00a0(ricezione, preparazione di colli\u2026).<\/p>\n<p>Il know-how dei nostri team e l\u2019ubicazione delle nostre superfici logistiche ci permettono di avere un controllo completo della <strong>catena di approvvigionamento<\/strong> e della preparazione dei prodotti alimentari freschi e di frutta e verdura.<\/p>\n<p>La nostra organizzazione e la copertura del territorio, gli strumenti logistici ad alta prestazione, garantiscono performance ottimali e reattivit\u00e0 per soddisfare le esigenze dei nostri clienti di fronte ai continui cambiamenti e alle variazioni delle attivit\u00e0 del settore.<\/p>\n<p>&nbsp;<\/p>\n<p><img loading=\"lazy\" decoding=\"async\" class=\"alignnone wp-image-901 size-full\" src=\"https:\/\/www.delanchy.com\/wp-content\/uploads\/2020\/02\/logistique-1.jpg\" alt=\"Logistique (1)\" width=\"2000\" height=\"1333\" srcset=\"https:\/\/www.delanchy.com\/wp-content\/uploads\/2020\/02\/logistique-1.jpg 2000w, https:\/\/www.delanchy.com\/wp-content\/uploads\/2020\/02\/logistique-1-300x200.jpg 300w, https:\/\/www.delanchy.com\/wp-content\/uploads\/2020\/02\/logistique-1-1024x682.jpg 1024w, https:\/\/www.delanchy.com\/wp-content\/uploads\/2020\/02\/logistique-1-768x512.jpg 768w, https:\/\/www.delanchy.com\/wp-content\/uploads\/2020\/02\/logistique-1-1536x1024.jpg 1536w\" sizes=\"auto, (max-width: 2000px) 100vw, 2000px\" \/><\/p>\n<p>&nbsp;<\/p>\n<p>Dal carico alla consegna, e con il passaggio sulle nostre varie piattaforme, <strong>la logistica dei prodotti alimentari deperibili<\/strong> a temperatura controllata implica una costante attenzione al rispetto delle norme e alla sicurezza alimentare.<\/p>\n<p>Questa qualit\u00e0 del servizio fa parte degli impegni del Gruppo DELANCHY nei confronti dei suoi clienti e dei consumatori.<\/p>\n<p>Le soluzioni su misura ci consentono di dematerializzare alcune operazioni, ma anche di garantire la <a href=\"https:\/\/www.delanchy.com\/it\/i-nostri-servizi\/trasporti\/\">tracciabilit\u00e0 delle merci in tempo reale<\/a> (<strong>tracciabilit\u00e0, monitoraggio della temperatura, tempi di consegna, ecc.<\/strong>\u2026).<\/p>\n<p>Il Gruppo DELANCHY \u00e8 anche un attore storico e impegnato nella filiera dei prodotti alimentari a temperatura controllata.<\/p>\n<p>&nbsp;<\/p>\n<p><img loading=\"lazy\" decoding=\"async\" class=\"alignnone wp-image-905 size-full\" src=\"https:\/\/www.delanchy.com\/wp-content\/uploads\/2020\/02\/logistique-2.jpg\" alt=\"Logistique (2)\" width=\"2000\" height=\"1333\" srcset=\"https:\/\/www.delanchy.com\/wp-content\/uploads\/2020\/02\/logistique-2.jpg 2000w, https:\/\/www.delanchy.com\/wp-content\/uploads\/2020\/02\/logistique-2-300x200.jpg 300w, https:\/\/www.delanchy.com\/wp-content\/uploads\/2020\/02\/logistique-2-1024x682.jpg 1024w, https:\/\/www.delanchy.com\/wp-content\/uploads\/2020\/02\/logistique-2-768x512.jpg 768w, https:\/\/www.delanchy.com\/wp-content\/uploads\/2020\/02\/logistique-2-1536x1024.jpg 1536w\" sizes=\"auto, (max-width: 2000px) 100vw, 2000px\" \/><\/p>\n        <\/div>\n      <\/section>\n    ","protected":false},"excerpt":{"rendered":"<p>Il 35% della nostra attivit\u00e0 \u00e8 dedicato alla logistica sulle nostre piattaforme (ricezione, preparazione dei colli, ecc.).<\/p>\n","protected":false},"author":1,"featured_media":0,"parent":2288,"menu_order":2,"comment_status":"closed","ping_status":"closed","template":"","meta":{"_acf_changed":false,"footnotes":""},"class_list":["post-2295","page","type-page","status-publish","hentry"],"acf":[],"yoast_head":"<!-- This site is optimized with the Yoast SEO plugin v27.4 - https:\/\/yoast.com\/product\/yoast-seo-wordpress\/ -->\n<title>Logistica - Delanchy<\/title>\n<meta name=\"robots\" content=\"index, follow, max-snippet:-1, max-image-preview:large, max-video-preview:-1\" \/>\n<link rel=\"canonical\" href=\"https:\/\/www.delanchy.com\/it\/i-nostri-servizi\/logistica\/\" \/>\n<meta property=\"og:locale\" content=\"it_IT\" \/>\n<meta property=\"og:type\" content=\"article\" \/>\n<meta property=\"og:title\" content=\"Logistica - Delanchy\" \/>\n<meta property=\"og:description\" content=\"Il 35% della nostra attivit\u00e0 \u00e8 dedicato alla logistica sulle nostre piattaforme (ricezione, preparazione dei colli, ecc.).\" \/>\n<meta property=\"og:url\" content=\"https:\/\/www.delanchy.com\/it\/i-nostri-servizi\/logistica\/\" \/>\n<meta property=\"og:site_name\" content=\"Delanchy\" \/>\n<meta property=\"article:modified_time\" content=\"2020-07-08T14:19:54+00:00\" \/>\n<meta name=\"twitter:card\" content=\"summary_large_image\" \/>\n<script type=\"application\/ld+json\" class=\"yoast-schema-graph\">{\"@context\":\"https:\\\/\\\/schema.org\",\"@graph\":[{\"@type\":\"WebPage\",\"@id\":\"https:\\\/\\\/www.delanchy.com\\\/it\\\/i-nostri-servizi\\\/logistica\\\/\",\"url\":\"https:\\\/\\\/www.delanchy.com\\\/it\\\/i-nostri-servizi\\\/logistica\\\/\",\"name\":\"Logistica - Delanchy\",\"isPartOf\":{\"@id\":\"https:\\\/\\\/www.delanchy.com\\\/#website\"},\"datePublished\":\"2020-07-08T12:19:04+00:00\",\"dateModified\":\"2020-07-08T14:19:54+00:00\",\"breadcrumb\":{\"@id\":\"https:\\\/\\\/www.delanchy.com\\\/it\\\/i-nostri-servizi\\\/logistica\\\/#breadcrumb\"},\"inLanguage\":\"it-IT\",\"potentialAction\":[{\"@type\":\"ReadAction\",\"target\":[\"https:\\\/\\\/www.delanchy.com\\\/it\\\/i-nostri-servizi\\\/logistica\\\/\"]}]},{\"@type\":\"BreadcrumbList\",\"@id\":\"https:\\\/\\\/www.delanchy.com\\\/it\\\/i-nostri-servizi\\\/logistica\\\/#breadcrumb\",\"itemListElement\":[{\"@type\":\"ListItem\",\"position\":1,\"name\":\"Accueil\",\"item\":\"https:\\\/\\\/www.delanchy.com\\\/it\\\/\"},{\"@type\":\"ListItem\",\"position\":2,\"name\":\"I nostri servizi\",\"item\":\"https:\\\/\\\/www.delanchy.com\\\/it\\\/i-nostri-servizi\\\/\"},{\"@type\":\"ListItem\",\"position\":3,\"name\":\"Logistica\"}]},{\"@type\":\"WebSite\",\"@id\":\"https:\\\/\\\/www.delanchy.com\\\/#website\",\"url\":\"https:\\\/\\\/www.delanchy.com\\\/\",\"name\":\"Delanchy\",\"description\":\"Transport et logistique\",\"publisher\":{\"@id\":\"https:\\\/\\\/www.delanchy.com\\\/#organization\"},\"potentialAction\":[{\"@type\":\"SearchAction\",\"target\":{\"@type\":\"EntryPoint\",\"urlTemplate\":\"https:\\\/\\\/www.delanchy.com\\\/?s={search_term_string}\"},\"query-input\":{\"@type\":\"PropertyValueSpecification\",\"valueRequired\":true,\"valueName\":\"search_term_string\"}}],\"inLanguage\":\"it-IT\"},{\"@type\":\"Organization\",\"@id\":\"https:\\\/\\\/www.delanchy.com\\\/#organization\",\"name\":\"Delanchy\",\"url\":\"https:\\\/\\\/www.delanchy.com\\\/\",\"logo\":{\"@type\":\"ImageObject\",\"inLanguage\":\"it-IT\",\"@id\":\"https:\\\/\\\/www.delanchy.com\\\/#\\\/schema\\\/logo\\\/image\\\/\",\"url\":\"https:\\\/\\\/www.delanchy.com\\\/wp-content\\\/uploads\\\/2020\\\/01\\\/logo-delanchy.png\",\"contentUrl\":\"https:\\\/\\\/www.delanchy.com\\\/wp-content\\\/uploads\\\/2020\\\/01\\\/logo-delanchy.png\",\"width\":1090,\"height\":185,\"caption\":\"Delanchy\"},\"image\":{\"@id\":\"https:\\\/\\\/www.delanchy.com\\\/#\\\/schema\\\/logo\\\/image\\\/\"}}]}<\/script>\n<!-- \/ Yoast SEO plugin. -->","yoast_head_json":{"title":"Logistica - Delanchy","robots":{"index":"index","follow":"follow","max-snippet":"max-snippet:-1","max-image-preview":"max-image-preview:large","max-video-preview":"max-video-preview:-1"},"canonical":"https:\/\/www.delanchy.com\/it\/i-nostri-servizi\/logistica\/","og_locale":"it_IT","og_type":"article","og_title":"Logistica - Delanchy","og_description":"Il 35% della nostra attivit\u00e0 \u00e8 dedicato alla logistica sulle nostre piattaforme (ricezione, preparazione dei colli, ecc.).","og_url":"https:\/\/www.delanchy.com\/it\/i-nostri-servizi\/logistica\/","og_site_name":"Delanchy","article_modified_time":"2020-07-08T14:19:54+00:00","twitter_card":"summary_large_image","schema":{"@context":"https:\/\/schema.org","@graph":[{"@type":"WebPage","@id":"https:\/\/www.delanchy.com\/it\/i-nostri-servizi\/logistica\/","url":"https:\/\/www.delanchy.com\/it\/i-nostri-servizi\/logistica\/","name":"Logistica - Delanchy","isPartOf":{"@id":"https:\/\/www.delanchy.com\/#website"},"datePublished":"2020-07-08T12:19:04+00:00","dateModified":"2020-07-08T14:19:54+00:00","breadcrumb":{"@id":"https:\/\/www.delanchy.com\/it\/i-nostri-servizi\/logistica\/#breadcrumb"},"inLanguage":"it-IT","potentialAction":[{"@type":"ReadAction","target":["https:\/\/www.delanchy.com\/it\/i-nostri-servizi\/logistica\/"]}]},{"@type":"BreadcrumbList","@id":"https:\/\/www.delanchy.com\/it\/i-nostri-servizi\/logistica\/#breadcrumb","itemListElement":[{"@type":"ListItem","position":1,"name":"Accueil","item":"https:\/\/www.delanchy.com\/it\/"},{"@type":"ListItem","position":2,"name":"I nostri servizi","item":"https:\/\/www.delanchy.com\/it\/i-nostri-servizi\/"},{"@type":"ListItem","position":3,"name":"Logistica"}]},{"@type":"WebSite","@id":"https:\/\/www.delanchy.com\/#website","url":"https:\/\/www.delanchy.com\/","name":"Delanchy","description":"Transport et logistique","publisher":{"@id":"https:\/\/www.delanchy.com\/#organization"},"potentialAction":[{"@type":"SearchAction","target":{"@type":"EntryPoint","urlTemplate":"https:\/\/www.delanchy.com\/?s={search_term_string}"},"query-input":{"@type":"PropertyValueSpecification","valueRequired":true,"valueName":"search_term_string"}}],"inLanguage":"it-IT"},{"@type":"Organization","@id":"https:\/\/www.delanchy.com\/#organization","name":"Delanchy","url":"https:\/\/www.delanchy.com\/","logo":{"@type":"ImageObject","inLanguage":"it-IT","@id":"https:\/\/www.delanchy.com\/#\/schema\/logo\/image\/","url":"https:\/\/www.delanchy.com\/wp-content\/uploads\/2020\/01\/logo-delanchy.png","contentUrl":"https:\/\/www.delanchy.com\/wp-content\/uploads\/2020\/01\/logo-delanchy.png","width":1090,"height":185,"caption":"Delanchy"},"image":{"@id":"https:\/\/www.delanchy.com\/#\/schema\/logo\/image\/"}}]}},"_links":{"self":[{"href":"https:\/\/www.delanchy.com\/it\/wp-json\/wp\/v2\/pages\/2295","targetHints":{"allow":["GET"]}}],"collection":[{"href":"https:\/\/www.delanchy.com\/it\/wp-json\/wp\/v2\/pages"}],"about":[{"href":"https:\/\/www.delanchy.com\/it\/wp-json\/wp\/v2\/types\/page"}],"author":[{"embeddable":true,"href":"https:\/\/www.delanchy.com\/it\/wp-json\/wp\/v2\/users\/1"}],"replies":[{"embeddable":true,"href":"https:\/\/www.delanchy.com\/it\/wp-json\/wp\/v2\/comments?post=2295"}],"version-history":[{"count":5,"href":"https:\/\/www.delanchy.com\/it\/wp-json\/wp\/v2\/pages\/2295\/revisions"}],"predecessor-version":[{"id":2388,"href":"https:\/\/www.delanchy.com\/it\/wp-json\/wp\/v2\/pages\/2295\/revisions\/2388"}],"up":[{"embeddable":true,"href":"https:\/\/www.delanchy.com\/it\/wp-json\/wp\/v2\/pages\/2288"}],"wp:attachment":[{"href":"https:\/\/www.delanchy.com\/it\/wp-json\/wp\/v2\/media?parent=2295"}],"curies":[{"name":"wp","href":"https:\/\/api.w.org\/{rel}","templated":true}]}}