{"id":2301,"date":"2020-07-08T14:23:32","date_gmt":"2020-07-08T12:23:32","guid":{"rendered":"https:\/\/www.delanchy.com\/?page_id=2301"},"modified":"2022-09-09T09:22:20","modified_gmt":"2022-09-09T07:22:20","slug":"servizi-complementari","status":"publish","type":"page","link":"https:\/\/www.delanchy.com\/it\/i-nostri-servizi\/servizi-complementari\/","title":{"rendered":"Dogonale e servizi complementari"},"content":{"rendered":"      <section class=\"texte\">\n        <div class=\"container\">\n          <h2><strong>Assistenza doganale e di import-export<\/strong><\/h2>\n<p>Le specificit\u00e0 del commercio internazionale richiedono una reale competenza in termini di dichiarazioni e registrazioni delle merci. Per le <a href=\"https:\/\/www.delanchy.com\/it\/i-nostri-servizi\/la-grande-esportazione\/\">grandi esportazioni<\/a>, come per alcuni scambi <strong>al di fuori della Comunit\u00e0 Europea<\/strong>, il Gruppo DELANCHY vi assiste in tutte queste procedure.<\/p>\n<p>La nostra agenzia\u00a0<strong>COPROMER<\/strong>\u00a0\u00e8 registrata in qualit\u00e0 di <strong>rappresentante doganale.<\/strong><\/p>\n<p>Questo servizio \u00e8 a vostra completa disposizione per aiutarvi a realizzare le vostre procedure doganali in merito a :<\/p>\n<ul>\n<li>Formalit\u00e0 su import e export<\/li>\n<li>Pagamento degli oneri fiscali relativi ai vostri beni<\/li>\n<\/ul>\n<p>La BREXIT :<\/p>\n<ul>\n<li>Formalit\u00e0 doganali obbligatorie<\/li>\n<li>Formalit\u00e0 e controlli sanitari obbligatori<\/li>\n<li>Nessun dazio doganale da applicare ai prodotti<\/li>\n<\/ul>\n<p>Contattaci senza indugio per ulteriori informazioni.<\/p>\n<p><img loading=\"lazy\" decoding=\"async\" class=\"wp-image-1896 size-full aligncenter\" src=\"https:\/\/www.delanchy.com\/wp-content\/uploads\/2020\/05\/services-complementaires.jpg\" alt=\"services-complementaires\" width=\"2000\" height=\"1333\" srcset=\"https:\/\/www.delanchy.com\/wp-content\/uploads\/2020\/05\/services-complementaires.jpg 2000w, https:\/\/www.delanchy.com\/wp-content\/uploads\/2020\/05\/services-complementaires-300x200.jpg 300w, https:\/\/www.delanchy.com\/wp-content\/uploads\/2020\/05\/services-complementaires-1024x682.jpg 1024w, https:\/\/www.delanchy.com\/wp-content\/uploads\/2020\/05\/services-complementaires-768x512.jpg 768w, https:\/\/www.delanchy.com\/wp-content\/uploads\/2020\/05\/services-complementaires-1536x1024.jpg 1536w\" sizes=\"auto, (max-width: 2000px) 100vw, 2000px\" \/><\/p>\n<p>Rivolgervi al nostro team vi far\u00e0 risparmiare tempo e garantir\u00e0 che <strong>i vostri pacchi non vengano bloccati alla dogana<\/strong>.<\/p>\n<p>&nbsp;<\/p>\n<p>COPROMER TRANSPORTS AGENZIA DOGANALE \u2013 GRUPPO DELANCHY<\/p>\n<ul>\n<li><strong>N\u00b0 Autorizzazione doganale n\u00b0 00005884<\/strong><\/li>\n<li><strong>OEA &#8211; (op\u00e9rateur Economique Agr\u00e9\u00e9) no. FR AEOC 00165732<\/strong><\/li>\n<\/ul>\n<p>&nbsp;<\/p>\n<ul>\n<li><strong>Nostri uficci\u00a0<\/strong><\/li>\n<\/ul>\n<p>31 Rue Alexandre Adam \u2013 62200 BOULOGNE SUR MER<\/p>\n<ul>\n<li><strong>Indirizzo postale<\/strong><\/li>\n<\/ul>\n<p>4 Rue Huret Lagache &#8211; 62200 BOULOGNE SUR MER<\/p>\n<p>&nbsp;<\/p>\n<p><strong>CONTATTO<\/strong><\/p>\n<p>Tel : +33 (0)3 61 31 13\u00a0 30<\/p>\n<p>Email : douane.copro@delanchy.fr<\/p>\n<p>&nbsp;<\/p>\n<p>&nbsp;<\/p>\n<p>&nbsp;<\/p>\n<p>&nbsp;<\/p>\n        <\/div>\n      <\/section>\n    ","protected":false},"excerpt":{"rendered":"<p>Le specificit\u00e0 del commercio internazionale richiedono una reale competenza in termini di dichiarazioni e registrazioni delle merci. <\/p>\n","protected":false},"author":1,"featured_media":0,"parent":2288,"menu_order":4,"comment_status":"closed","ping_status":"closed","template":"","meta":{"_acf_changed":false,"footnotes":""},"class_list":["post-2301","page","type-page","status-publish","hentry"],"acf":[],"yoast_head":"<!-- This site is optimized with the Yoast SEO plugin v27.4 - https:\/\/yoast.com\/product\/yoast-seo-wordpress\/ -->\n<title>Dogonale e servizi complementari - Delanchy<\/title>\n<meta name=\"robots\" content=\"index, follow, max-snippet:-1, max-image-preview:large, max-video-preview:-1\" \/>\n<link rel=\"canonical\" href=\"https:\/\/www.delanchy.com\/it\/i-nostri-servizi\/servizi-complementari\/\" \/>\n<meta property=\"og:locale\" content=\"it_IT\" \/>\n<meta property=\"og:type\" content=\"article\" \/>\n<meta property=\"og:title\" content=\"Dogonale e servizi complementari - Delanchy\" \/>\n<meta property=\"og:description\" content=\"Le specificit\u00e0 del commercio internazionale richiedono una reale competenza in termini di dichiarazioni e registrazioni delle merci.\" \/>\n<meta property=\"og:url\" content=\"https:\/\/www.delanchy.com\/it\/i-nostri-servizi\/servizi-complementari\/\" \/>\n<meta property=\"og:site_name\" content=\"Delanchy\" \/>\n<meta property=\"article:modified_time\" content=\"2022-09-09T07:22:20+00:00\" \/>\n<meta name=\"twitter:card\" content=\"summary_large_image\" \/>\n<script type=\"application\/ld+json\" class=\"yoast-schema-graph\">{\"@context\":\"https:\\\/\\\/schema.org\",\"@graph\":[{\"@type\":\"WebPage\",\"@id\":\"https:\\\/\\\/www.delanchy.com\\\/it\\\/i-nostri-servizi\\\/servizi-complementari\\\/\",\"url\":\"https:\\\/\\\/www.delanchy.com\\\/it\\\/i-nostri-servizi\\\/servizi-complementari\\\/\",\"name\":\"Dogonale e servizi complementari - Delanchy\",\"isPartOf\":{\"@id\":\"https:\\\/\\\/www.delanchy.com\\\/#website\"},\"datePublished\":\"2020-07-08T12:23:32+00:00\",\"dateModified\":\"2022-09-09T07:22:20+00:00\",\"breadcrumb\":{\"@id\":\"https:\\\/\\\/www.delanchy.com\\\/it\\\/i-nostri-servizi\\\/servizi-complementari\\\/#breadcrumb\"},\"inLanguage\":\"it-IT\",\"potentialAction\":[{\"@type\":\"ReadAction\",\"target\":[\"https:\\\/\\\/www.delanchy.com\\\/it\\\/i-nostri-servizi\\\/servizi-complementari\\\/\"]}]},{\"@type\":\"BreadcrumbList\",\"@id\":\"https:\\\/\\\/www.delanchy.com\\\/it\\\/i-nostri-servizi\\\/servizi-complementari\\\/#breadcrumb\",\"itemListElement\":[{\"@type\":\"ListItem\",\"position\":1,\"name\":\"Accueil\",\"item\":\"https:\\\/\\\/www.delanchy.com\\\/it\\\/\"},{\"@type\":\"ListItem\",\"position\":2,\"name\":\"I nostri servizi\",\"item\":\"https:\\\/\\\/www.delanchy.com\\\/it\\\/i-nostri-servizi\\\/\"},{\"@type\":\"ListItem\",\"position\":3,\"name\":\"Dogonale e servizi complementari\"}]},{\"@type\":\"WebSite\",\"@id\":\"https:\\\/\\\/www.delanchy.com\\\/#website\",\"url\":\"https:\\\/\\\/www.delanchy.com\\\/\",\"name\":\"Delanchy\",\"description\":\"Transport et logistique\",\"publisher\":{\"@id\":\"https:\\\/\\\/www.delanchy.com\\\/#organization\"},\"potentialAction\":[{\"@type\":\"SearchAction\",\"target\":{\"@type\":\"EntryPoint\",\"urlTemplate\":\"https:\\\/\\\/www.delanchy.com\\\/?s={search_term_string}\"},\"query-input\":{\"@type\":\"PropertyValueSpecification\",\"valueRequired\":true,\"valueName\":\"search_term_string\"}}],\"inLanguage\":\"it-IT\"},{\"@type\":\"Organization\",\"@id\":\"https:\\\/\\\/www.delanchy.com\\\/#organization\",\"name\":\"Delanchy\",\"url\":\"https:\\\/\\\/www.delanchy.com\\\/\",\"logo\":{\"@type\":\"ImageObject\",\"inLanguage\":\"it-IT\",\"@id\":\"https:\\\/\\\/www.delanchy.com\\\/#\\\/schema\\\/logo\\\/image\\\/\",\"url\":\"https:\\\/\\\/www.delanchy.com\\\/wp-content\\\/uploads\\\/2020\\\/01\\\/logo-delanchy.png\",\"contentUrl\":\"https:\\\/\\\/www.delanchy.com\\\/wp-content\\\/uploads\\\/2020\\\/01\\\/logo-delanchy.png\",\"width\":1090,\"height\":185,\"caption\":\"Delanchy\"},\"image\":{\"@id\":\"https:\\\/\\\/www.delanchy.com\\\/#\\\/schema\\\/logo\\\/image\\\/\"}}]}<\/script>\n<!-- \/ Yoast SEO plugin. -->","yoast_head_json":{"title":"Dogonale e servizi complementari - Delanchy","robots":{"index":"index","follow":"follow","max-snippet":"max-snippet:-1","max-image-preview":"max-image-preview:large","max-video-preview":"max-video-preview:-1"},"canonical":"https:\/\/www.delanchy.com\/it\/i-nostri-servizi\/servizi-complementari\/","og_locale":"it_IT","og_type":"article","og_title":"Dogonale e servizi complementari - Delanchy","og_description":"Le specificit\u00e0 del commercio internazionale richiedono una reale competenza in termini di dichiarazioni e registrazioni delle merci.","og_url":"https:\/\/www.delanchy.com\/it\/i-nostri-servizi\/servizi-complementari\/","og_site_name":"Delanchy","article_modified_time":"2022-09-09T07:22:20+00:00","twitter_card":"summary_large_image","schema":{"@context":"https:\/\/schema.org","@graph":[{"@type":"WebPage","@id":"https:\/\/www.delanchy.com\/it\/i-nostri-servizi\/servizi-complementari\/","url":"https:\/\/www.delanchy.com\/it\/i-nostri-servizi\/servizi-complementari\/","name":"Dogonale e servizi complementari - Delanchy","isPartOf":{"@id":"https:\/\/www.delanchy.com\/#website"},"datePublished":"2020-07-08T12:23:32+00:00","dateModified":"2022-09-09T07:22:20+00:00","breadcrumb":{"@id":"https:\/\/www.delanchy.com\/it\/i-nostri-servizi\/servizi-complementari\/#breadcrumb"},"inLanguage":"it-IT","potentialAction":[{"@type":"ReadAction","target":["https:\/\/www.delanchy.com\/it\/i-nostri-servizi\/servizi-complementari\/"]}]},{"@type":"BreadcrumbList","@id":"https:\/\/www.delanchy.com\/it\/i-nostri-servizi\/servizi-complementari\/#breadcrumb","itemListElement":[{"@type":"ListItem","position":1,"name":"Accueil","item":"https:\/\/www.delanchy.com\/it\/"},{"@type":"ListItem","position":2,"name":"I nostri servizi","item":"https:\/\/www.delanchy.com\/it\/i-nostri-servizi\/"},{"@type":"ListItem","position":3,"name":"Dogonale e servizi complementari"}]},{"@type":"WebSite","@id":"https:\/\/www.delanchy.com\/#website","url":"https:\/\/www.delanchy.com\/","name":"Delanchy","description":"Transport et logistique","publisher":{"@id":"https:\/\/www.delanchy.com\/#organization"},"potentialAction":[{"@type":"SearchAction","target":{"@type":"EntryPoint","urlTemplate":"https:\/\/www.delanchy.com\/?s={search_term_string}"},"query-input":{"@type":"PropertyValueSpecification","valueRequired":true,"valueName":"search_term_string"}}],"inLanguage":"it-IT"},{"@type":"Organization","@id":"https:\/\/www.delanchy.com\/#organization","name":"Delanchy","url":"https:\/\/www.delanchy.com\/","logo":{"@type":"ImageObject","inLanguage":"it-IT","@id":"https:\/\/www.delanchy.com\/#\/schema\/logo\/image\/","url":"https:\/\/www.delanchy.com\/wp-content\/uploads\/2020\/01\/logo-delanchy.png","contentUrl":"https:\/\/www.delanchy.com\/wp-content\/uploads\/2020\/01\/logo-delanchy.png","width":1090,"height":185,"caption":"Delanchy"},"image":{"@id":"https:\/\/www.delanchy.com\/#\/schema\/logo\/image\/"}}]}},"_links":{"self":[{"href":"https:\/\/www.delanchy.com\/it\/wp-json\/wp\/v2\/pages\/2301","targetHints":{"allow":["GET"]}}],"collection":[{"href":"https:\/\/www.delanchy.com\/it\/wp-json\/wp\/v2\/pages"}],"about":[{"href":"https:\/\/www.delanchy.com\/it\/wp-json\/wp\/v2\/types\/page"}],"author":[{"embeddable":true,"href":"https:\/\/www.delanchy.com\/it\/wp-json\/wp\/v2\/users\/1"}],"replies":[{"embeddable":true,"href":"https:\/\/www.delanchy.com\/it\/wp-json\/wp\/v2\/comments?post=2301"}],"version-history":[{"count":8,"href":"https:\/\/www.delanchy.com\/it\/wp-json\/wp\/v2\/pages\/2301\/revisions"}],"predecessor-version":[{"id":3784,"href":"https:\/\/www.delanchy.com\/it\/wp-json\/wp\/v2\/pages\/2301\/revisions\/3784"}],"up":[{"embeddable":true,"href":"https:\/\/www.delanchy.com\/it\/wp-json\/wp\/v2\/pages\/2288"}],"wp:attachment":[{"href":"https:\/\/www.delanchy.com\/it\/wp-json\/wp\/v2\/media?parent=2301"}],"curies":[{"name":"wp","href":"https:\/\/api.w.org\/{rel}","templated":true}]}}