{"id":2314,"date":"2020-07-08T14:59:02","date_gmt":"2020-07-08T12:59:02","guid":{"rendered":"https:\/\/www.delanchy.com\/?page_id=2314"},"modified":"2020-07-08T16:26:40","modified_gmt":"2020-07-08T14:26:40","slug":"i-nostri-impegni","status":"publish","type":"page","link":"https:\/\/www.delanchy.com\/it\/i-nostri-impegni\/","title":{"rendered":"I nostri impegni"},"content":{"rendered":"      <section class=\"top\">\n        <div class=\"contain-triangles-left\">\n          <span class=\"triangle-1\"><\/span>\n          <span class=\"triangle-2\"><\/span>\n          <span class=\"triangle-3\"><\/span>\n          <span class=\"triangle-4\"><\/span>\n        <\/div>\n        <div class=\"container\">\n          <div class=\"bloc-txt\">\n                          <p class=\"subtitle\">Pi\u00f9 di un trasportatore\u2026<\/p>\n                                      <h1>I nostri impegni<\/h1>\n                        <p>Da oltre 50 anni, il Gruppo DELANCHY si sviluppa costantemente rimanendo fedele ai suoi valori.<br \/>\nCon la nostra rapidit\u00e0 di consegna, la qualit\u00e0 delle nostre prestazioni, il rispetto delle scadenze e dei prodotti trasportati, siamo riusciti a crescere e stringere legami con molti clienti e collaboratori. \u00a0Al di l\u00e0 del rapporto commerciale e della <a href=\"https:\/\/www.delanchy.com\/it\/i-nostri-servizi\/\">qualit\u00e0 del servizio<\/a>, vi \u00e8 la volont\u00e0 di instaurare un rapporto di fiducia e di vicinanza con ciascuno di essi. Questo \u00e8 ci\u00f2 che guida le nostre scelte.<\/p>\n          <\/div>\n          <div class=\"blocs-img\">\n            <div class=\"bloc-img bloc-img-1\">\n                            <img decoding=\"async\" src=\"https:\/\/www.delanchy.com\/wp-content\/uploads\/2020\/02\/1-nos-engagements.jpg\" alt=\"(1) Nos Engagements\">\n            <\/div>\n            <div class=\"bloc-img bloc-img-2\">\n                            <img decoding=\"async\" src=\"https:\/\/www.delanchy.com\/wp-content\/uploads\/2020\/02\/4-nos-engagements.jpg\" alt=\"(4) Nos Engagements\">\n            <\/div>\n            <div class=\"bloc-img bloc-img-3\">\n                            <img decoding=\"async\" src=\"https:\/\/www.delanchy.com\/wp-content\/uploads\/2020\/02\/2-nos-engagements.jpg\" alt=\"(2) Nos Engagements\">\n            <\/div>\n            <div class=\"bloc-img bloc-img-4\">\n                            <img decoding=\"async\" src=\"https:\/\/www.delanchy.com\/wp-content\/uploads\/2020\/02\/3-nos-engagements.jpg\" alt=\"(3) Nos Engagements\">\n            <\/div>\n          <\/div>\n        <\/div>\n      <\/section>\n    \n\n      <section class=\"img-txt\">\n        <div class=\"container\">\n                      <div class=\"bloc-img\">\n                            <img decoding=\"async\" src=\"https:\/\/www.delanchy.com\/wp-content\/uploads\/2020\/02\/notre-demarche-rse.jpg\" alt=\"Notre D\u00e9marche Rse\">\n            <\/div>\n                    <div class=\"bloc-txt\">\n                          <h2>Il nostro approccio alla RSE<\/h2>\n                        <p>Dal 2017, il Gruppo DELANCHY ha dato un nome a questi impegni\u00a0: l\u2019approccio RSE \u2013 Responsabilit\u00e0 Societaria delle Imprese. Cos\u00ec, li formalizziamo e li presentiamo pubblicando ogni anno il nostro Rapporto RSE.<\/p>\n                          <a href=\"https:\/\/www.delanchy.com\/engagements\/demarche-rse\/\" class=\"btn\"><span>Per saperne di pi\u00f9<\/span><\/a>\n                      <\/div>\n        <\/div>\n      <\/section>\n    \n\n      <section class=\"texte\">\n        <div class=\"container\">\n                      <h2>I nostri valori<\/h2>\n                    <div class=\"bloc-txt\">\n            <p>Il Gruppo DELANCHY ha sempre contato sulla risorsa umana per svilupparsi; questo rimane il nostro impegno quotidiano per reclutare e formare i nostri preparatori, autisti e dipendenti di domani.<\/p>\n<p>Sulle strade, come sulle\u00a0 nostre piattaforme logistiche, ci sono sempre pi\u00f9 vincoli per svolgere al meglio la nostra attivit\u00e0, consegnando in tempo e in perfette condizioni di sicurezza alimentare, ad ognuno dei nostri clienti. Continuiamo ad andare avanti per rispettare i nostri impegni, ma non dimentichiamo mai che la sicurezza dei nostri dipendenti e dei cittadini \u00e8 una priorit\u00e0.<\/p>\n          <\/div>\n        <\/div>\n      <\/section>\n    \n\n      <section class=\"engagements\">\n        <div class=\"container\">\n                                    <div class=\"bloc\">\n                                <img decoding=\"async\" src=\"https:\/\/www.delanchy.com\/wp-content\/uploads\/2020\/02\/humilite-1-e1581435374812.png\" alt=\"Humilite\">\n                <p class=\"title\">Umilt\u00e0<\/p>\n                              <\/div>\n                          <div class=\"bloc\">\n                                <img decoding=\"async\" src=\"https:\/\/www.delanchy.com\/wp-content\/uploads\/2020\/02\/solidarite-e1581435409437.png\" alt=\"Solidarite\">\n                <p class=\"title\">Solidariet\u00e0<\/p>\n                              <\/div>\n                          <div class=\"bloc\">\n                                <img decoding=\"async\" src=\"https:\/\/www.delanchy.com\/wp-content\/uploads\/2020\/02\/respect-e1581435990101.png\" alt=\"Respect\">\n                <p class=\"title\">Rispetto<\/p>\n                              <\/div>\n                          <div class=\"bloc\">\n                                <img decoding=\"async\" src=\"https:\/\/www.delanchy.com\/wp-content\/uploads\/2020\/02\/ponctualite-e1581435613966.png\" alt=\"Ponctualite\">\n                <p class=\"title\">Puntualit\u00e0<\/p>\n                              <\/div>\n                          <div class=\"bloc\">\n                                <img decoding=\"async\" src=\"https:\/\/www.delanchy.com\/wp-content\/uploads\/2020\/02\/integrite-e1581435631123.png\" alt=\"Integrite\">\n                <p class=\"title\">Integrit\u00e0<\/p>\n                              <\/div>\n                          <div class=\"bloc\">\n                                <img decoding=\"async\" src=\"https:\/\/www.delanchy.com\/wp-content\/uploads\/2020\/02\/travail-e1581435607479.png\" alt=\"Travail\">\n                <p class=\"title\">Lavoro<\/p>\n                              <\/div>\n                          <div class=\"bloc\">\n                                <img decoding=\"async\" src=\"https:\/\/www.delanchy.com\/wp-content\/uploads\/2020\/02\/convivialite-2-e1581436445930.png\" alt=\"Convivialite\">\n                <p class=\"title\">Convivialit\u00e0<\/p>\n                              <\/div>\n                          <div class=\"bloc\">\n                                <img decoding=\"async\" src=\"https:\/\/www.delanchy.com\/wp-content\/uploads\/2020\/02\/partage-e1581435623391.png\" alt=\"Partage\">\n                <p class=\"title\">Condivisione<\/p>\n                              <\/div>\n                              <\/div>\n      <\/section>\n    ","protected":false},"excerpt":{"rendered":"","protected":false},"author":1,"featured_media":0,"parent":0,"menu_order":5,"comment_status":"closed","ping_status":"closed","template":"gabarit-nos-engagements.php","meta":{"_acf_changed":false,"footnotes":""},"class_list":["post-2314","page","type-page","status-publish","hentry"],"acf":[],"yoast_head":"<!-- This site is optimized with the Yoast SEO plugin v27.4 - https:\/\/yoast.com\/product\/yoast-seo-wordpress\/ -->\n<title>I nostri impegni - Delanchy<\/title>\n<meta name=\"robots\" content=\"index, follow, max-snippet:-1, max-image-preview:large, max-video-preview:-1\" \/>\n<link rel=\"canonical\" href=\"https:\/\/www.delanchy.com\/it\/i-nostri-impegni\/\" \/>\n<meta property=\"og:locale\" content=\"it_IT\" \/>\n<meta property=\"og:type\" content=\"article\" \/>\n<meta property=\"og:title\" content=\"I nostri impegni - Delanchy\" \/>\n<meta property=\"og:url\" content=\"https:\/\/www.delanchy.com\/it\/i-nostri-impegni\/\" \/>\n<meta property=\"og:site_name\" content=\"Delanchy\" \/>\n<meta property=\"article:modified_time\" content=\"2020-07-08T14:26:40+00:00\" \/>\n<meta name=\"twitter:card\" content=\"summary_large_image\" \/>\n<script type=\"application\/ld+json\" class=\"yoast-schema-graph\">{\"@context\":\"https:\\\/\\\/schema.org\",\"@graph\":[{\"@type\":\"WebPage\",\"@id\":\"https:\\\/\\\/www.delanchy.com\\\/it\\\/i-nostri-impegni\\\/\",\"url\":\"https:\\\/\\\/www.delanchy.com\\\/it\\\/i-nostri-impegni\\\/\",\"name\":\"I nostri impegni - Delanchy\",\"isPartOf\":{\"@id\":\"https:\\\/\\\/www.delanchy.com\\\/#website\"},\"datePublished\":\"2020-07-08T12:59:02+00:00\",\"dateModified\":\"2020-07-08T14:26:40+00:00\",\"breadcrumb\":{\"@id\":\"https:\\\/\\\/www.delanchy.com\\\/it\\\/i-nostri-impegni\\\/#breadcrumb\"},\"inLanguage\":\"it-IT\",\"potentialAction\":[{\"@type\":\"ReadAction\",\"target\":[\"https:\\\/\\\/www.delanchy.com\\\/it\\\/i-nostri-impegni\\\/\"]}]},{\"@type\":\"BreadcrumbList\",\"@id\":\"https:\\\/\\\/www.delanchy.com\\\/it\\\/i-nostri-impegni\\\/#breadcrumb\",\"itemListElement\":[{\"@type\":\"ListItem\",\"position\":1,\"name\":\"Accueil\",\"item\":\"https:\\\/\\\/www.delanchy.com\\\/it\\\/\"},{\"@type\":\"ListItem\",\"position\":2,\"name\":\"I nostri impegni\"}]},{\"@type\":\"WebSite\",\"@id\":\"https:\\\/\\\/www.delanchy.com\\\/#website\",\"url\":\"https:\\\/\\\/www.delanchy.com\\\/\",\"name\":\"Delanchy\",\"description\":\"Transport et logistique\",\"publisher\":{\"@id\":\"https:\\\/\\\/www.delanchy.com\\\/#organization\"},\"potentialAction\":[{\"@type\":\"SearchAction\",\"target\":{\"@type\":\"EntryPoint\",\"urlTemplate\":\"https:\\\/\\\/www.delanchy.com\\\/?s={search_term_string}\"},\"query-input\":{\"@type\":\"PropertyValueSpecification\",\"valueRequired\":true,\"valueName\":\"search_term_string\"}}],\"inLanguage\":\"it-IT\"},{\"@type\":\"Organization\",\"@id\":\"https:\\\/\\\/www.delanchy.com\\\/#organization\",\"name\":\"Delanchy\",\"url\":\"https:\\\/\\\/www.delanchy.com\\\/\",\"logo\":{\"@type\":\"ImageObject\",\"inLanguage\":\"it-IT\",\"@id\":\"https:\\\/\\\/www.delanchy.com\\\/#\\\/schema\\\/logo\\\/image\\\/\",\"url\":\"https:\\\/\\\/www.delanchy.com\\\/wp-content\\\/uploads\\\/2020\\\/01\\\/logo-delanchy.png\",\"contentUrl\":\"https:\\\/\\\/www.delanchy.com\\\/wp-content\\\/uploads\\\/2020\\\/01\\\/logo-delanchy.png\",\"width\":1090,\"height\":185,\"caption\":\"Delanchy\"},\"image\":{\"@id\":\"https:\\\/\\\/www.delanchy.com\\\/#\\\/schema\\\/logo\\\/image\\\/\"}}]}<\/script>\n<!-- \/ Yoast SEO plugin. -->","yoast_head_json":{"title":"I nostri impegni - Delanchy","robots":{"index":"index","follow":"follow","max-snippet":"max-snippet:-1","max-image-preview":"max-image-preview:large","max-video-preview":"max-video-preview:-1"},"canonical":"https:\/\/www.delanchy.com\/it\/i-nostri-impegni\/","og_locale":"it_IT","og_type":"article","og_title":"I nostri impegni - Delanchy","og_url":"https:\/\/www.delanchy.com\/it\/i-nostri-impegni\/","og_site_name":"Delanchy","article_modified_time":"2020-07-08T14:26:40+00:00","twitter_card":"summary_large_image","schema":{"@context":"https:\/\/schema.org","@graph":[{"@type":"WebPage","@id":"https:\/\/www.delanchy.com\/it\/i-nostri-impegni\/","url":"https:\/\/www.delanchy.com\/it\/i-nostri-impegni\/","name":"I nostri impegni - Delanchy","isPartOf":{"@id":"https:\/\/www.delanchy.com\/#website"},"datePublished":"2020-07-08T12:59:02+00:00","dateModified":"2020-07-08T14:26:40+00:00","breadcrumb":{"@id":"https:\/\/www.delanchy.com\/it\/i-nostri-impegni\/#breadcrumb"},"inLanguage":"it-IT","potentialAction":[{"@type":"ReadAction","target":["https:\/\/www.delanchy.com\/it\/i-nostri-impegni\/"]}]},{"@type":"BreadcrumbList","@id":"https:\/\/www.delanchy.com\/it\/i-nostri-impegni\/#breadcrumb","itemListElement":[{"@type":"ListItem","position":1,"name":"Accueil","item":"https:\/\/www.delanchy.com\/it\/"},{"@type":"ListItem","position":2,"name":"I nostri impegni"}]},{"@type":"WebSite","@id":"https:\/\/www.delanchy.com\/#website","url":"https:\/\/www.delanchy.com\/","name":"Delanchy","description":"Transport et logistique","publisher":{"@id":"https:\/\/www.delanchy.com\/#organization"},"potentialAction":[{"@type":"SearchAction","target":{"@type":"EntryPoint","urlTemplate":"https:\/\/www.delanchy.com\/?s={search_term_string}"},"query-input":{"@type":"PropertyValueSpecification","valueRequired":true,"valueName":"search_term_string"}}],"inLanguage":"it-IT"},{"@type":"Organization","@id":"https:\/\/www.delanchy.com\/#organization","name":"Delanchy","url":"https:\/\/www.delanchy.com\/","logo":{"@type":"ImageObject","inLanguage":"it-IT","@id":"https:\/\/www.delanchy.com\/#\/schema\/logo\/image\/","url":"https:\/\/www.delanchy.com\/wp-content\/uploads\/2020\/01\/logo-delanchy.png","contentUrl":"https:\/\/www.delanchy.com\/wp-content\/uploads\/2020\/01\/logo-delanchy.png","width":1090,"height":185,"caption":"Delanchy"},"image":{"@id":"https:\/\/www.delanchy.com\/#\/schema\/logo\/image\/"}}]}},"_links":{"self":[{"href":"https:\/\/www.delanchy.com\/it\/wp-json\/wp\/v2\/pages\/2314","targetHints":{"allow":["GET"]}}],"collection":[{"href":"https:\/\/www.delanchy.com\/it\/wp-json\/wp\/v2\/pages"}],"about":[{"href":"https:\/\/www.delanchy.com\/it\/wp-json\/wp\/v2\/types\/page"}],"author":[{"embeddable":true,"href":"https:\/\/www.delanchy.com\/it\/wp-json\/wp\/v2\/users\/1"}],"replies":[{"embeddable":true,"href":"https:\/\/www.delanchy.com\/it\/wp-json\/wp\/v2\/comments?post=2314"}],"version-history":[{"count":4,"href":"https:\/\/www.delanchy.com\/it\/wp-json\/wp\/v2\/pages\/2314\/revisions"}],"predecessor-version":[{"id":2397,"href":"https:\/\/www.delanchy.com\/it\/wp-json\/wp\/v2\/pages\/2314\/revisions\/2397"}],"wp:attachment":[{"href":"https:\/\/www.delanchy.com\/it\/wp-json\/wp\/v2\/media?parent=2314"}],"curies":[{"name":"wp","href":"https:\/\/api.w.org\/{rel}","templated":true}]}}