{"id":2317,"date":"2020-07-08T15:06:33","date_gmt":"2020-07-08T13:06:33","guid":{"rendered":"https:\/\/www.delanchy.com\/?page_id=2317"},"modified":"2024-02-15T16:54:23","modified_gmt":"2024-02-15T15:54:23","slug":"azioni-e-collaborazioni","status":"publish","type":"page","link":"https:\/\/www.delanchy.com\/it\/i-nostri-impegni\/azioni-e-collaborazioni\/","title":{"rendered":"Azioni e collaborazioni"},"content":{"rendered":"      <section class=\"top\">\n        <div class=\"contain-triangles-left\">\n          <span class=\"triangle-1\"><\/span>\n          <span class=\"triangle-2\"><\/span>\n          <span class=\"triangle-3\"><\/span>\n          <span class=\"triangle-4\"><\/span>\n        <\/div>\n        <div class=\"container\">\n          <div class=\"bloc-txt\">\n                          <p class=\"subtitle\">Scopri il nostro impegno<\/p>\n                                      <h1>Le nostre azioni e le collaborazioni<\/h1>\n                        <p>Dalla sua apertura, pi\u00f9 di 55 anni fa, il Gruppo DELANCHY si \u00e8 concentrato sugli oceani.<\/p>\n<p>Le nostre attivit\u00e0 di trasporto e logistica di prodotti freschi e prodotti ittici sono intimamente legate all\u2019ambiente marino e alle sue risorse.<\/p>\n<p>Trasportare prodotti di qualit\u00e0 preservandone tutta la freschezza e l\u2019autenticit\u00e0 sono le nostre missioni quotidiane, per il rispetto dei nostri clienti, dei consumatori e dei produttori.<\/p>\n<p>Tuttavia, nulla esiste senza il mare e gli oceani. La protezione dell\u2019ambiente e delle risorse \u00e8 diventata una questione sempre pi\u00f9 importante nel corso dei decenni.<\/p>\n          <\/div>\n          <div class=\"blocs-img\">\n            <div class=\"bloc-img bloc-img-1\">\n                            <img decoding=\"async\" src=\"https:\/\/www.delanchy.com\/wp-content\/uploads\/2020\/02\/nos-actions-1.jpg\" alt=\"Nos Actions (1)\">\n            <\/div>\n            <div class=\"bloc-img bloc-img-2\">\n                            <img decoding=\"async\" src=\"https:\/\/www.delanchy.com\/wp-content\/uploads\/2020\/02\/nos-actions-3.jpg\" alt=\"Nos Actions (3)\">\n            <\/div>\n            <div class=\"bloc-img bloc-img-3\">\n                            <img decoding=\"async\" src=\"https:\/\/www.delanchy.com\/wp-content\/uploads\/2020\/02\/nos-actions-4.jpg\" alt=\"Nos Actions (4)\">\n            <\/div>\n            <div class=\"bloc-img bloc-img-4\">\n                            <img decoding=\"async\" src=\"https:\/\/www.delanchy.com\/wp-content\/uploads\/2020\/02\/nos-actions-2.jpg\" alt=\"Nos Actions (2)\">\n            <\/div>\n          <\/div>\n        <\/div>\n      <\/section>\n    \n\n      <section class=\"video\">\n                <div class=\"container\" style=\"background-image:url(https:\/\/www.delanchy.com\/wp-content\/uploads\/2020\/02\/le-projet-energy-observer.jpg)\">\n          <div class=\"contain-video\">\n            <div class=\"contain-txt\">\n                              <h2>Il progetto Energy Observer<\/h2>\n                            <div class=\"bloc-txt\">\n                <p>Guardando al futuro, la Energy Observer (primo catamarano alimentato a idrogeno ed energie rinnovabili) \u00e8 un\u2019avventura tecnologica e umana, una Odissea per il futuro. Con questo progetto unico al mondo, <a href=\"https:\/\/www.delanchy.com\/it\/i-nostri-impegni\/\">i nostri impegni<\/a> sorpassano la nostra attivit\u00e0 e la nostra vita quotidiana.<\/p>\n<p>In qualit\u00e0 di Principale Collaboratore e Collaboratore Logistico, il Gruppo DELANCHY si \u00e8 impegnato nel progetto ENERGY OBSERVER sin dal 2017, con la convinzione che <a href=\"https:\/\/www.energy-observer.org\/\">questo laboratorio galleggiante contribuir\u00e0 allo sviluppo delle fonti energetiche del futuro<\/a><strong>, <\/strong>per gli edifici e i mezzi di trasporto, per le nostre piattaforme e per i nostri mezzi.<\/p>\n<p>\u00c8 anche un viaggio di 6 anni attorno al mondo, per andare a incontrare coloro che stanno progettando il mondo di domani, immaginando nuove soluzioni per un pianeta pi\u00f9 pulito;\u00a0 \u00a0\u00a0dimostrare che l\u2019uomo pu\u00f2 vivere in armonia con la natura e che la lotta contro il riscaldamento globale potrebbe aprire la strada verso una nuovo boom economico.<\/p>\n              <\/div>\n            <\/div>\n            <div class=\"contain-button-play\">\n              <span class=\"onde-1 onde\">onde 1<\/span>\n              <span class=\"onde-2 onde\">onde 2<\/span>\n              <span class=\"onde-3 onde\">onde 3<\/span>\n              <span class=\"onde-4 onde\">onde 4<\/span>\n              <span class=\"button-play hover\">Button play<\/span>\n            <\/div>\n          <\/div>\n        <\/div>\n        <div class=\"contain-iframe\">\n          <span class=\"close hover\">close<\/span>\n                  <\/div>\n      <\/section>\n      \n    \n\n      <section class=\"img-txt\">\n        <div class=\"container\">\n                      <div class=\"bloc-img\">\n                            <img decoding=\"async\" src=\"https:\/\/www.delanchy.com\/wp-content\/uploads\/2020\/03\/requin-baleine.jpg\" alt=\"requin-baleine\">\n            <\/div>\n                    <div class=\"bloc-txt\">\n                          <h2>L\u2019associazione MEGAPTERA<\/h2>\n                        <p>Con il Fondo di Dotazione NAUSICAA, il Gruppo DELANCHY supporta <a href=\"https:\/\/www.megaptera.org\/\">l\u2019associazione MEGAPTERA per un programma di ricerca sullo squalo balena<\/a><strong>. <\/strong>Questo pesce, il pi\u00f9 grande del mondo, \u00e8 una specie in via di estinzione. \u00c8 il perfetto esempio e il simbolo della grande sfida di proteggere questo delicato ambiente.<\/p>\n<p>Grazie al fare che finanziamo con la nostra agenzia Copromer Transports di Boulogne-sur-Mer, MEGAPTERA ne sapr\u00e0 di pi\u00f9 su questo gigante marino e sul suo ambiente, per capire meglio la sua evoluzione e i suoi spostamenti.<\/p>\n                      <\/div>\n        <\/div>\n      <\/section>\n    \n\n      <section class=\"txt-img\">\n        <div class=\"container\">\n          <div class=\"bloc-txt\">\n                          <h2>L\u2019associazione D\u00e9fi Sports Solidaires e l\u2019ARSEP<\/h2>\n                        <p>Condividiamo quotidianamente i valori umani e la solidariet\u00e0 con i nostri collaboratori. Avevamo bisogno di andare oltre, di uscire dall\u2019azienda per sostenere le cause che ci stanno a cuore.<\/p>\n<p>Con l\u2019ARSEP e D\u00e9fi Sports Solidaires, siamo orgogliosi di portare in primo piano la lotta contro la sclerosi multipla. Attraverso le sfide sportive, l\u2019associazione che sosteniamo parla della malattia e raccoglie fondi per la ricerca.<\/p>\n<p>Siamo orgogliosi di aiutare il maggior numero di persone possibile a conoscere meglio la sclerosi multipla e di sostenere i pazienti nella loro lotta quotidiana, una missione che ci impegniamo a realizzare anche sostenendo volontari e ricercatori.<\/p>\n                      <\/div>\n                      <div class=\"bloc-img\">\n                            <img decoding=\"async\" src=\"https:\/\/www.delanchy.com\/wp-content\/uploads\/2020\/02\/lassociation-defi-sport-solidaire.jpg\" alt=\"L'association D\u00e9fi Sport Solidaire\">\n            <\/div>\n                    \n        <\/div>\n      <\/section>\n    ","protected":false},"excerpt":{"rendered":"","protected":false},"author":1,"featured_media":0,"parent":2314,"menu_order":0,"comment_status":"closed","ping_status":"closed","template":"gabarit-nos-engagements.php","meta":{"_acf_changed":false,"footnotes":""},"class_list":["post-2317","page","type-page","status-publish","hentry"],"acf":[],"yoast_head":"<!-- This site is optimized with the Yoast SEO plugin v27.4 - https:\/\/yoast.com\/product\/yoast-seo-wordpress\/ -->\n<title>Azioni e collaborazioni - Delanchy<\/title>\n<meta name=\"robots\" content=\"index, follow, max-snippet:-1, max-image-preview:large, max-video-preview:-1\" \/>\n<link rel=\"canonical\" href=\"https:\/\/www.delanchy.com\/it\/i-nostri-impegni\/azioni-e-collaborazioni\/\" \/>\n<meta property=\"og:locale\" content=\"it_IT\" \/>\n<meta property=\"og:type\" content=\"article\" \/>\n<meta property=\"og:title\" content=\"Azioni e collaborazioni - Delanchy\" \/>\n<meta property=\"og:url\" content=\"https:\/\/www.delanchy.com\/it\/i-nostri-impegni\/azioni-e-collaborazioni\/\" \/>\n<meta property=\"og:site_name\" content=\"Delanchy\" \/>\n<meta property=\"article:modified_time\" content=\"2024-02-15T15:54:23+00:00\" \/>\n<meta name=\"twitter:card\" content=\"summary_large_image\" \/>\n<script type=\"application\/ld+json\" class=\"yoast-schema-graph\">{\"@context\":\"https:\\\/\\\/schema.org\",\"@graph\":[{\"@type\":\"WebPage\",\"@id\":\"https:\\\/\\\/www.delanchy.com\\\/it\\\/i-nostri-impegni\\\/azioni-e-collaborazioni\\\/\",\"url\":\"https:\\\/\\\/www.delanchy.com\\\/it\\\/i-nostri-impegni\\\/azioni-e-collaborazioni\\\/\",\"name\":\"Azioni e collaborazioni - Delanchy\",\"isPartOf\":{\"@id\":\"https:\\\/\\\/www.delanchy.com\\\/#website\"},\"datePublished\":\"2020-07-08T13:06:33+00:00\",\"dateModified\":\"2024-02-15T15:54:23+00:00\",\"breadcrumb\":{\"@id\":\"https:\\\/\\\/www.delanchy.com\\\/it\\\/i-nostri-impegni\\\/azioni-e-collaborazioni\\\/#breadcrumb\"},\"inLanguage\":\"it-IT\",\"potentialAction\":[{\"@type\":\"ReadAction\",\"target\":[\"https:\\\/\\\/www.delanchy.com\\\/it\\\/i-nostri-impegni\\\/azioni-e-collaborazioni\\\/\"]}]},{\"@type\":\"BreadcrumbList\",\"@id\":\"https:\\\/\\\/www.delanchy.com\\\/it\\\/i-nostri-impegni\\\/azioni-e-collaborazioni\\\/#breadcrumb\",\"itemListElement\":[{\"@type\":\"ListItem\",\"position\":1,\"name\":\"Accueil\",\"item\":\"https:\\\/\\\/www.delanchy.com\\\/it\\\/\"},{\"@type\":\"ListItem\",\"position\":2,\"name\":\"I nostri impegni\",\"item\":\"https:\\\/\\\/www.delanchy.com\\\/it\\\/i-nostri-impegni\\\/\"},{\"@type\":\"ListItem\",\"position\":3,\"name\":\"Azioni e collaborazioni\"}]},{\"@type\":\"WebSite\",\"@id\":\"https:\\\/\\\/www.delanchy.com\\\/#website\",\"url\":\"https:\\\/\\\/www.delanchy.com\\\/\",\"name\":\"Delanchy\",\"description\":\"Transport et logistique\",\"publisher\":{\"@id\":\"https:\\\/\\\/www.delanchy.com\\\/#organization\"},\"potentialAction\":[{\"@type\":\"SearchAction\",\"target\":{\"@type\":\"EntryPoint\",\"urlTemplate\":\"https:\\\/\\\/www.delanchy.com\\\/?s={search_term_string}\"},\"query-input\":{\"@type\":\"PropertyValueSpecification\",\"valueRequired\":true,\"valueName\":\"search_term_string\"}}],\"inLanguage\":\"it-IT\"},{\"@type\":\"Organization\",\"@id\":\"https:\\\/\\\/www.delanchy.com\\\/#organization\",\"name\":\"Delanchy\",\"url\":\"https:\\\/\\\/www.delanchy.com\\\/\",\"logo\":{\"@type\":\"ImageObject\",\"inLanguage\":\"it-IT\",\"@id\":\"https:\\\/\\\/www.delanchy.com\\\/#\\\/schema\\\/logo\\\/image\\\/\",\"url\":\"https:\\\/\\\/www.delanchy.com\\\/wp-content\\\/uploads\\\/2020\\\/01\\\/logo-delanchy.png\",\"contentUrl\":\"https:\\\/\\\/www.delanchy.com\\\/wp-content\\\/uploads\\\/2020\\\/01\\\/logo-delanchy.png\",\"width\":1090,\"height\":185,\"caption\":\"Delanchy\"},\"image\":{\"@id\":\"https:\\\/\\\/www.delanchy.com\\\/#\\\/schema\\\/logo\\\/image\\\/\"}}]}<\/script>\n<!-- \/ Yoast SEO plugin. -->","yoast_head_json":{"title":"Azioni e collaborazioni - Delanchy","robots":{"index":"index","follow":"follow","max-snippet":"max-snippet:-1","max-image-preview":"max-image-preview:large","max-video-preview":"max-video-preview:-1"},"canonical":"https:\/\/www.delanchy.com\/it\/i-nostri-impegni\/azioni-e-collaborazioni\/","og_locale":"it_IT","og_type":"article","og_title":"Azioni e collaborazioni - Delanchy","og_url":"https:\/\/www.delanchy.com\/it\/i-nostri-impegni\/azioni-e-collaborazioni\/","og_site_name":"Delanchy","article_modified_time":"2024-02-15T15:54:23+00:00","twitter_card":"summary_large_image","schema":{"@context":"https:\/\/schema.org","@graph":[{"@type":"WebPage","@id":"https:\/\/www.delanchy.com\/it\/i-nostri-impegni\/azioni-e-collaborazioni\/","url":"https:\/\/www.delanchy.com\/it\/i-nostri-impegni\/azioni-e-collaborazioni\/","name":"Azioni e collaborazioni - Delanchy","isPartOf":{"@id":"https:\/\/www.delanchy.com\/#website"},"datePublished":"2020-07-08T13:06:33+00:00","dateModified":"2024-02-15T15:54:23+00:00","breadcrumb":{"@id":"https:\/\/www.delanchy.com\/it\/i-nostri-impegni\/azioni-e-collaborazioni\/#breadcrumb"},"inLanguage":"it-IT","potentialAction":[{"@type":"ReadAction","target":["https:\/\/www.delanchy.com\/it\/i-nostri-impegni\/azioni-e-collaborazioni\/"]}]},{"@type":"BreadcrumbList","@id":"https:\/\/www.delanchy.com\/it\/i-nostri-impegni\/azioni-e-collaborazioni\/#breadcrumb","itemListElement":[{"@type":"ListItem","position":1,"name":"Accueil","item":"https:\/\/www.delanchy.com\/it\/"},{"@type":"ListItem","position":2,"name":"I nostri impegni","item":"https:\/\/www.delanchy.com\/it\/i-nostri-impegni\/"},{"@type":"ListItem","position":3,"name":"Azioni e collaborazioni"}]},{"@type":"WebSite","@id":"https:\/\/www.delanchy.com\/#website","url":"https:\/\/www.delanchy.com\/","name":"Delanchy","description":"Transport et logistique","publisher":{"@id":"https:\/\/www.delanchy.com\/#organization"},"potentialAction":[{"@type":"SearchAction","target":{"@type":"EntryPoint","urlTemplate":"https:\/\/www.delanchy.com\/?s={search_term_string}"},"query-input":{"@type":"PropertyValueSpecification","valueRequired":true,"valueName":"search_term_string"}}],"inLanguage":"it-IT"},{"@type":"Organization","@id":"https:\/\/www.delanchy.com\/#organization","name":"Delanchy","url":"https:\/\/www.delanchy.com\/","logo":{"@type":"ImageObject","inLanguage":"it-IT","@id":"https:\/\/www.delanchy.com\/#\/schema\/logo\/image\/","url":"https:\/\/www.delanchy.com\/wp-content\/uploads\/2020\/01\/logo-delanchy.png","contentUrl":"https:\/\/www.delanchy.com\/wp-content\/uploads\/2020\/01\/logo-delanchy.png","width":1090,"height":185,"caption":"Delanchy"},"image":{"@id":"https:\/\/www.delanchy.com\/#\/schema\/logo\/image\/"}}]}},"_links":{"self":[{"href":"https:\/\/www.delanchy.com\/it\/wp-json\/wp\/v2\/pages\/2317","targetHints":{"allow":["GET"]}}],"collection":[{"href":"https:\/\/www.delanchy.com\/it\/wp-json\/wp\/v2\/pages"}],"about":[{"href":"https:\/\/www.delanchy.com\/it\/wp-json\/wp\/v2\/types\/page"}],"author":[{"embeddable":true,"href":"https:\/\/www.delanchy.com\/it\/wp-json\/wp\/v2\/users\/1"}],"replies":[{"embeddable":true,"href":"https:\/\/www.delanchy.com\/it\/wp-json\/wp\/v2\/comments?post=2317"}],"version-history":[{"count":5,"href":"https:\/\/www.delanchy.com\/it\/wp-json\/wp\/v2\/pages\/2317\/revisions"}],"predecessor-version":[{"id":4373,"href":"https:\/\/www.delanchy.com\/it\/wp-json\/wp\/v2\/pages\/2317\/revisions\/4373"}],"up":[{"embeddable":true,"href":"https:\/\/www.delanchy.com\/it\/wp-json\/wp\/v2\/pages\/2314"}],"wp:attachment":[{"href":"https:\/\/www.delanchy.com\/it\/wp-json\/wp\/v2\/media?parent=2317"}],"curies":[{"name":"wp","href":"https:\/\/api.w.org\/{rel}","templated":true}]}}