{"id":2323,"date":"2020-07-08T15:16:10","date_gmt":"2020-07-08T13:16:10","guid":{"rendered":"https:\/\/www.delanchy.com\/?page_id=2323"},"modified":"2020-07-08T15:16:12","modified_gmt":"2020-07-08T13:16:12","slug":"politica-di-qualita-e-sicurezza","status":"publish","type":"page","link":"https:\/\/www.delanchy.com\/it\/i-nostri-impegni\/politica-di-qualita-e-sicurezza\/","title":{"rendered":"Politica di Qualit\u00e0 e Sicurezza"},"content":{"rendered":"      <section class=\"texte\">\n        <div class=\"container\">\n          <p>In qualit\u00e0 di fornitore di servizi di <a href=\"https:\/\/www.delanchy.com\/it\/i-nostri-servizi\/\">trasporto e logistica per i nostri clienti,<\/a> la nostra missione quotidiana \u00e8 quella di preparare e trasportare prodotti alimentari in tutta la Francia, in Europa e oltre: i nostri clienti contano su di noi tutti i giorni, e noi ci impegniamo a rispettare le scadenze accordate, e a consegnare le merci che ci sono state affidate avendo cura di preservarne la loro integrit\u00e0 e la loro qualit\u00e0.<\/p>\n<p>La qualit\u00e0 Delanchy significa anche saper soddisfare al meglio le esigenze dei nostri clienti: servizio adeguato, senso del servizio, vicinanza\u2026<\/p>\n<p>Oltre al servizio, abbiamo anche <a href=\"https:\/\/www.delanchy.com\/it\/i-nostri-impegni\/\"><strong>impegni nei confronti della societ\u00e0, dei consumatori e degli utenti della strada<\/strong><\/a>. Il rispetto delle norme di sicurezza stradale e degli standard di sicurezza alimentare sono delle priorit\u00e0 per il Gruppo DELANCHY.<\/p>\n<p>&nbsp;<\/p>\n<p><img loading=\"lazy\" decoding=\"async\" class=\"aligncenter size-large wp-image-1033\" src=\"https:\/\/www.delanchy.com\/wp-content\/uploads\/2020\/02\/qualite-securite-2-1024x512.jpg\" alt=\"qualite-securite\" width=\"1024\" height=\"512\" srcset=\"https:\/\/www.delanchy.com\/wp-content\/uploads\/2020\/02\/qualite-securite-2-1024x512.jpg 1024w, https:\/\/www.delanchy.com\/wp-content\/uploads\/2020\/02\/qualite-securite-2-300x150.jpg 300w, https:\/\/www.delanchy.com\/wp-content\/uploads\/2020\/02\/qualite-securite-2-768x384.jpg 768w, https:\/\/www.delanchy.com\/wp-content\/uploads\/2020\/02\/qualite-securite-2-1536x768.jpg 1536w, https:\/\/www.delanchy.com\/wp-content\/uploads\/2020\/02\/qualite-securite-2-2048x1024.jpg 2048w\" sizes=\"auto, (max-width: 1024px) 100vw, 1024px\" \/><\/p>\n<h2><strong>La Sicurezza Stradale<\/strong><\/h2>\n<p>La nostra flotta di veicoli comprende autocarri recenti che beneficiano dei pi\u00f9 recenti miglioramenti in termini di sicurezza attiva e passiva. I nostri piani di manutenzione e la formazione dei nostri meccanici garantiscono un monitoraggio regolare e dettagliato di tutta la nostra flotta di veicoli, mezzi e rimorchi.<\/p>\n<p>Oltre agli investimenti in mezzi tecnici, la nostra politica di formazione, la supervisione e il controllo dei nostri autisti si applica a tutti i nostri dipendenti con tolleranza zero per il mancato rispetto delle norme stradali.<\/p>\n<p>Il Gruppo DELANCHY dispone di un Comitato di Sicurezza e di un Servizio di Sicurezza che controllano costantemente tutti questi aspetti, analizzando e gestendo tutti gli incidenti che possono essersi verificati sulla strada o nelle nostre agenzie.<\/p>\n<h2><strong>La Sicurezza Alimentare<\/strong><\/h2>\n<p>Specializzato nel trasporto e nella logistica di prodotti freschi a temperatura controllata, il Gruppo DELANCHY ha una reale responsabilit\u00e0 nei confronti dei consumatori.<\/p>\n<p>La nostra priorit\u00e0 \u00e8 quella di garantire la sicurezza del consumatore, garantendo una catena del freddo impeccabile, la tracciabilit\u00e0 in tempo reale e facendo attenzione ad evitare qualsiasi rischio di contaminazione degli alimenti durante il trasporto.<\/p>\n<p>L\u2019igiene e la pulizia, ad esempio, sono radicate nel nostro DNA sin dalla fondazione del Gruppo Delanchy\u00a0: le nostre piattaforme e i veicoli vengono puliti ogni giorno.<\/p>\n<p>Inoltre, lavoriamo costantemente sulla \u00ab\u00a0Vigilanza anti-intrusione\u00a0\u00bb e la \u00ab\u00a0Difesa alimentare\u00a0\u00bb, in modo tale che nessuna persona non autorizzata possa accedere ai prodotti nelle nostre agenzie e nei nostri mezzi.<\/p>\n        <\/div>\n      <\/section>\n    ","protected":false},"excerpt":{"rendered":"","protected":false},"author":1,"featured_media":0,"parent":2314,"menu_order":0,"comment_status":"closed","ping_status":"closed","template":"","meta":{"_acf_changed":false,"footnotes":""},"class_list":["post-2323","page","type-page","status-publish","hentry"],"acf":[],"yoast_head":"<!-- This site is optimized with the Yoast SEO plugin v27.4 - https:\/\/yoast.com\/product\/yoast-seo-wordpress\/ -->\n<title>Politica di Qualit\u00e0 e Sicurezza - Delanchy<\/title>\n<meta name=\"robots\" content=\"index, follow, max-snippet:-1, max-image-preview:large, max-video-preview:-1\" \/>\n<link rel=\"canonical\" href=\"https:\/\/www.delanchy.com\/it\/i-nostri-impegni\/politica-di-qualita-e-sicurezza\/\" \/>\n<meta property=\"og:locale\" content=\"it_IT\" \/>\n<meta property=\"og:type\" content=\"article\" \/>\n<meta property=\"og:title\" content=\"Politica di Qualit\u00e0 e Sicurezza - Delanchy\" \/>\n<meta property=\"og:url\" content=\"https:\/\/www.delanchy.com\/it\/i-nostri-impegni\/politica-di-qualita-e-sicurezza\/\" \/>\n<meta property=\"og:site_name\" content=\"Delanchy\" \/>\n<meta property=\"article:modified_time\" content=\"2020-07-08T13:16:12+00:00\" \/>\n<meta name=\"twitter:card\" content=\"summary_large_image\" \/>\n<script type=\"application\/ld+json\" class=\"yoast-schema-graph\">{\"@context\":\"https:\\\/\\\/schema.org\",\"@graph\":[{\"@type\":\"WebPage\",\"@id\":\"https:\\\/\\\/www.delanchy.com\\\/it\\\/i-nostri-impegni\\\/politica-di-qualita-e-sicurezza\\\/\",\"url\":\"https:\\\/\\\/www.delanchy.com\\\/it\\\/i-nostri-impegni\\\/politica-di-qualita-e-sicurezza\\\/\",\"name\":\"Politica di Qualit\u00e0 e Sicurezza - Delanchy\",\"isPartOf\":{\"@id\":\"https:\\\/\\\/www.delanchy.com\\\/#website\"},\"datePublished\":\"2020-07-08T13:16:10+00:00\",\"dateModified\":\"2020-07-08T13:16:12+00:00\",\"breadcrumb\":{\"@id\":\"https:\\\/\\\/www.delanchy.com\\\/it\\\/i-nostri-impegni\\\/politica-di-qualita-e-sicurezza\\\/#breadcrumb\"},\"inLanguage\":\"it-IT\",\"potentialAction\":[{\"@type\":\"ReadAction\",\"target\":[\"https:\\\/\\\/www.delanchy.com\\\/it\\\/i-nostri-impegni\\\/politica-di-qualita-e-sicurezza\\\/\"]}]},{\"@type\":\"BreadcrumbList\",\"@id\":\"https:\\\/\\\/www.delanchy.com\\\/it\\\/i-nostri-impegni\\\/politica-di-qualita-e-sicurezza\\\/#breadcrumb\",\"itemListElement\":[{\"@type\":\"ListItem\",\"position\":1,\"name\":\"Accueil\",\"item\":\"https:\\\/\\\/www.delanchy.com\\\/it\\\/\"},{\"@type\":\"ListItem\",\"position\":2,\"name\":\"I nostri impegni\",\"item\":\"https:\\\/\\\/www.delanchy.com\\\/it\\\/i-nostri-impegni\\\/\"},{\"@type\":\"ListItem\",\"position\":3,\"name\":\"Politica di Qualit\u00e0 e Sicurezza\"}]},{\"@type\":\"WebSite\",\"@id\":\"https:\\\/\\\/www.delanchy.com\\\/#website\",\"url\":\"https:\\\/\\\/www.delanchy.com\\\/\",\"name\":\"Delanchy\",\"description\":\"Transport et logistique\",\"publisher\":{\"@id\":\"https:\\\/\\\/www.delanchy.com\\\/#organization\"},\"potentialAction\":[{\"@type\":\"SearchAction\",\"target\":{\"@type\":\"EntryPoint\",\"urlTemplate\":\"https:\\\/\\\/www.delanchy.com\\\/?s={search_term_string}\"},\"query-input\":{\"@type\":\"PropertyValueSpecification\",\"valueRequired\":true,\"valueName\":\"search_term_string\"}}],\"inLanguage\":\"it-IT\"},{\"@type\":\"Organization\",\"@id\":\"https:\\\/\\\/www.delanchy.com\\\/#organization\",\"name\":\"Delanchy\",\"url\":\"https:\\\/\\\/www.delanchy.com\\\/\",\"logo\":{\"@type\":\"ImageObject\",\"inLanguage\":\"it-IT\",\"@id\":\"https:\\\/\\\/www.delanchy.com\\\/#\\\/schema\\\/logo\\\/image\\\/\",\"url\":\"https:\\\/\\\/www.delanchy.com\\\/wp-content\\\/uploads\\\/2020\\\/01\\\/logo-delanchy.png\",\"contentUrl\":\"https:\\\/\\\/www.delanchy.com\\\/wp-content\\\/uploads\\\/2020\\\/01\\\/logo-delanchy.png\",\"width\":1090,\"height\":185,\"caption\":\"Delanchy\"},\"image\":{\"@id\":\"https:\\\/\\\/www.delanchy.com\\\/#\\\/schema\\\/logo\\\/image\\\/\"}}]}<\/script>\n<!-- \/ Yoast SEO plugin. -->","yoast_head_json":{"title":"Politica di Qualit\u00e0 e Sicurezza - Delanchy","robots":{"index":"index","follow":"follow","max-snippet":"max-snippet:-1","max-image-preview":"max-image-preview:large","max-video-preview":"max-video-preview:-1"},"canonical":"https:\/\/www.delanchy.com\/it\/i-nostri-impegni\/politica-di-qualita-e-sicurezza\/","og_locale":"it_IT","og_type":"article","og_title":"Politica di Qualit\u00e0 e Sicurezza - Delanchy","og_url":"https:\/\/www.delanchy.com\/it\/i-nostri-impegni\/politica-di-qualita-e-sicurezza\/","og_site_name":"Delanchy","article_modified_time":"2020-07-08T13:16:12+00:00","twitter_card":"summary_large_image","schema":{"@context":"https:\/\/schema.org","@graph":[{"@type":"WebPage","@id":"https:\/\/www.delanchy.com\/it\/i-nostri-impegni\/politica-di-qualita-e-sicurezza\/","url":"https:\/\/www.delanchy.com\/it\/i-nostri-impegni\/politica-di-qualita-e-sicurezza\/","name":"Politica di Qualit\u00e0 e Sicurezza - Delanchy","isPartOf":{"@id":"https:\/\/www.delanchy.com\/#website"},"datePublished":"2020-07-08T13:16:10+00:00","dateModified":"2020-07-08T13:16:12+00:00","breadcrumb":{"@id":"https:\/\/www.delanchy.com\/it\/i-nostri-impegni\/politica-di-qualita-e-sicurezza\/#breadcrumb"},"inLanguage":"it-IT","potentialAction":[{"@type":"ReadAction","target":["https:\/\/www.delanchy.com\/it\/i-nostri-impegni\/politica-di-qualita-e-sicurezza\/"]}]},{"@type":"BreadcrumbList","@id":"https:\/\/www.delanchy.com\/it\/i-nostri-impegni\/politica-di-qualita-e-sicurezza\/#breadcrumb","itemListElement":[{"@type":"ListItem","position":1,"name":"Accueil","item":"https:\/\/www.delanchy.com\/it\/"},{"@type":"ListItem","position":2,"name":"I nostri impegni","item":"https:\/\/www.delanchy.com\/it\/i-nostri-impegni\/"},{"@type":"ListItem","position":3,"name":"Politica di Qualit\u00e0 e Sicurezza"}]},{"@type":"WebSite","@id":"https:\/\/www.delanchy.com\/#website","url":"https:\/\/www.delanchy.com\/","name":"Delanchy","description":"Transport et logistique","publisher":{"@id":"https:\/\/www.delanchy.com\/#organization"},"potentialAction":[{"@type":"SearchAction","target":{"@type":"EntryPoint","urlTemplate":"https:\/\/www.delanchy.com\/?s={search_term_string}"},"query-input":{"@type":"PropertyValueSpecification","valueRequired":true,"valueName":"search_term_string"}}],"inLanguage":"it-IT"},{"@type":"Organization","@id":"https:\/\/www.delanchy.com\/#organization","name":"Delanchy","url":"https:\/\/www.delanchy.com\/","logo":{"@type":"ImageObject","inLanguage":"it-IT","@id":"https:\/\/www.delanchy.com\/#\/schema\/logo\/image\/","url":"https:\/\/www.delanchy.com\/wp-content\/uploads\/2020\/01\/logo-delanchy.png","contentUrl":"https:\/\/www.delanchy.com\/wp-content\/uploads\/2020\/01\/logo-delanchy.png","width":1090,"height":185,"caption":"Delanchy"},"image":{"@id":"https:\/\/www.delanchy.com\/#\/schema\/logo\/image\/"}}]}},"_links":{"self":[{"href":"https:\/\/www.delanchy.com\/it\/wp-json\/wp\/v2\/pages\/2323","targetHints":{"allow":["GET"]}}],"collection":[{"href":"https:\/\/www.delanchy.com\/it\/wp-json\/wp\/v2\/pages"}],"about":[{"href":"https:\/\/www.delanchy.com\/it\/wp-json\/wp\/v2\/types\/page"}],"author":[{"embeddable":true,"href":"https:\/\/www.delanchy.com\/it\/wp-json\/wp\/v2\/users\/1"}],"replies":[{"embeddable":true,"href":"https:\/\/www.delanchy.com\/it\/wp-json\/wp\/v2\/comments?post=2323"}],"version-history":[{"count":3,"href":"https:\/\/www.delanchy.com\/it\/wp-json\/wp\/v2\/pages\/2323\/revisions"}],"predecessor-version":[{"id":2403,"href":"https:\/\/www.delanchy.com\/it\/wp-json\/wp\/v2\/pages\/2323\/revisions\/2403"}],"up":[{"embeddable":true,"href":"https:\/\/www.delanchy.com\/it\/wp-json\/wp\/v2\/pages\/2314"}],"wp:attachment":[{"href":"https:\/\/www.delanchy.com\/it\/wp-json\/wp\/v2\/media?parent=2323"}],"curies":[{"name":"wp","href":"https:\/\/api.w.org\/{rel}","templated":true}]}}