{"id":2338,"date":"2020-07-08T15:24:43","date_gmt":"2020-07-08T13:24:43","guid":{"rendered":"https:\/\/www.delanchy.com\/?page_id=2338"},"modified":"2020-07-08T15:24:44","modified_gmt":"2020-07-08T13:24:44","slug":"informazioni-legali","status":"publish","type":"page","link":"https:\/\/www.delanchy.com\/it\/informazioni-legali\/","title":{"rendered":"Informazioni legali"},"content":{"rendered":"      <section class=\"texte\">\n        <div class=\"container\">\n          <p><u>EDITORE<\/u><\/p>\n<p>Il sito\u00a0<a href=\"http:\/\/www.delanchy.com\">www.delanchy.com<\/a>\u00a0\u00e8 di propriet\u00e0 esclusiva di <strong>SAS DEFITRANS <\/strong>che lo pubblica.<\/p>\n<p>DEFITRANS<br \/>\nSAS con capitale di 1.200.000 EUROS \u20ac<br \/>\nZI ROUTE DE GESTEL \u2013 BP 8 56520 GUIDEL<\/p>\n<p>Iscritta al Registro del Commercio e delle Societ\u00e0 di LORIENT al numero 388 198 947<\/p>\n<p>Numero TVA intracomunitaria: FR 12 388 198\u00a0947<\/p>\n<p>Direttore della pubblicazione: Brigitte Delanchy<\/p>\n<p>Contatto :\u00a0<a href=\"mailto:contact@delanchy.fr\"><strong>contact@delanchy.fr<\/strong><\/a><br \/>\nTel. : +33 (0)2 97 65 98 78<\/p>\n<p><u>HOSTING<\/u><\/p>\n<p>Il sito \u00e8 ospitato da OVH 2 rue Kellermann 59100 Roubaix.<\/p>\n<p>&nbsp;<\/p>\n<h2><strong>COOKIES<\/strong><\/h2>\n<p>Il nostro sito web utilizza dei cookies. Un cookie \u00e8 un file contenente un identificatore (una stringa di lettere e di cifre) inviato da un server web verso un browser web e memorizzato dal browser. L\u2019identificatore viene quindi rinviato al serve rogni volta che il browser richiede una pagina dal server. I cookies possono essere \u00ab persistenti \u00bb o \u00ab di sessione \u00bb : un cookie persistente viene memorizzato dal browser e rimane valido fino alla sua data di scadenza, a meno che non venga cancellato dall\u2019utente prima di questa data; il cookie di sessione scade alla fine della sessione dell\u2019utente, quando il browser viene chiuso. I cookies non contengono generalmente alcuna informazione che permette di identificare personalmente un utente, ma le informazioni personali che memorizziamo sulla vostra persona possono essere collegate alle informazioni memorizzate e ottenute tramite cookies. Sul nostro sito web utilizziamo dei cookies di sessione e dei cookies persistenti.<\/p>\n<p>I nomi dei cookies che utilizziamo sul nostro sito web e gli scopi per i quali li utilizziamo sono descritti di seguito.<\/p>\n<p>Utilizziamo Google Analytics sul nostro sito web per riconoscere un pc quando un utente visita il sito \/ per tracciare gli utenti durante la navigazione sul sito \/ per migliorare l\u2019utilizzo del sito \/ per analizzare l\u2019utilizzo del sito \/ per amministrare il sito .<\/p>\n<p>La maggior parte dei browser consentono di rifiutare o accettare i cookies.<\/p>\n<p>Bloccare tutti i cookies avr\u00e0 un impatto negativo sull\u2019utilizzo di numerosi siti web. Se bloccate i cookies, non potrete utilizzare tutte le funzioni del nostro sito. La durata della validit\u00e0 del vostro consenso \u00e8 di 13 mesi.<\/p>\n<p>&nbsp;<\/p>\n<h2><strong>PROTEZIONE DEI DATI PERSONALI\u00a0<\/strong><\/h2>\n<p><strong>Data \/ versione\u00a0: Versione 1 del 28 aprile 2019<\/strong><\/p>\n<p>La privacy dei dati dei visitatori dei nostri siti web \u00e8 molto importante per noi e ci impegniamo a proteggerla. La presente informativa illustra la nostra politica sulla raccolta e il trattamento dei vostri dati personali.<\/p>\n<p>Utilizzando i siti internet\u00a0<strong>http:\/\/www.delanchy.com<\/strong>\u00a0o quello dedicato al reclutamento:\u00a0<strong>https:\/\/careers.werecruit.io\/fr\/delanchy-transports<\/strong>, l\u2019utente acconsente la raccolta e l\u2019utilizzo dei suoi dati personali secondo le modalit\u00e0 qui descritte.<\/p>\n<p>Il responsabile del trattamento \u00e8 la societ\u00e0 DEFITRANS.<\/p>\n<p>In caso di modifica o di aggiornamento, la presente informativa rivista sar\u00e0 messa on-line con l\u2019indicazione dell\u2019ultima data di aggiornamento.<\/p>\n<p>La nostra societ\u00e0 si impegna a trattare i vostri dati personali nel rispetto della legge e delle regolamentazioni applicabili, in particolare la Legge n\u00b0 78-17 del 6 gennaio 1978 relativa all\u2019informatica, ai file e alle libert\u00e0 individuali e al Regolamento (UE) 2016\/679 del Parlamento Europeo e del Consiglio del 27 aprile 2016 relativo alla protezione delle persone fisiche con riguardo al trattamento dei dati personali e alla libera circolazione di tali dati.<\/p>\n<p>&nbsp;<\/p>\n<h2><strong>I DATI RACCOLTI<\/strong><\/h2>\n<p>I vostri dati personali possono essere raccolti quando voi:<\/p>\n<ul>\n<li>Navigate sui nostri siti,<\/li>\n<li>Vi candidate per un impiego o uno stage,<\/li>\n<li>Contattate la societ\u00e0 tramite form di contatto o tramite e-mail,<\/li>\n<li>Richiedete l\u2019iscrizione a una newsletter.<\/li>\n<\/ul>\n<p>\u00c8 quindi probabile che ci forniate un certo numero di dati personali come nome e cognome, indirizzo e-mail, dati relativi alla vostra vita professionale, per poter beneficiare dei nostri servizi e per permetterci di rispondere alle vostre richieste di informazioni.<\/p>\n<p>Possono essere raccolte anche informazioni relative ai vostri dati di connessione (indirizzo IP, log di eventi, ecc.\u2026).<\/p>\n<p>&nbsp;<\/p>\n<h2><strong>SCOPI DEL TRATTAMENTO<\/strong><\/h2>\n<p>I vostri dati vengono raccolti e trattati con lo scopo di:<\/p>\n<ul>\n<li>Rispondere alle vostre domande e richieste,<\/li>\n<li>Iscrivervi alle newsletter (l\u2019abbonamento potrebbe essere interrotto in qualsiasi momento),<\/li>\n<li>Garantire il trattamento delle candidature ricevute.<\/li>\n<\/ul>\n<p>Alla base di tale trattamento vi \u00e8 l\u2019interesse legittimo della nostra societ\u00e0 e\/o il vostro consenso.<\/p>\n<p>I vostri dati personali possono anche essere trattati con lo scopo di:<\/p>\n<ul>\n<li>Garantire il funzionamento e la sicurezza dei nostri siti e migliorarne il funzionamento,<\/li>\n<li>Procedere a dei calcoli statistici anonimi.<\/li>\n<\/ul>\n<p>Questi trattamenti hanno alla base legale l\u2019interesse legittimo della nostra societ\u00e0, al fine di garantire il buon funzionamento e la sicurezza dei nostri siti, della rete, delle informazioni, e di prevenire qualsiasi frode.<\/p>\n<p>&nbsp;<\/p>\n<h2><strong>SICUREZZA E RISERVATEZZA DEI DATI<\/strong><\/h2>\n<p>La nostra societ\u00e0 si impegna ad attuare tutte le misure tecniche e organizzative appropriate per preservare la sicurezza e la riservatezza dei vostri dati personali, per garantire un livello di sicurezza adeguato ai rischi di accesso, divulgazione, alterazione, perdita o distruzione accidentale, non autorizzata o illegale dei vostri dati personali.<\/p>\n<p>&nbsp;<\/p>\n<h2><strong>CONSERVAZIONE<\/strong><\/h2>\n<p>La nostra societ\u00e0 conserva i dati personali unicamente per la durata necessaria al loro trattamento.<\/p>\n<p>I dati personali utilizzati ai fini della comunicazione vengono conservati per tre (3) anni a partire dal momento della raccolta o dall\u2019ultimo contatto con la nostra azienda. I dati relativi al processo di reclutamento del personale vengono distrutti due (2) anni dopo l\u2019ultimo contatto, a meno che non abbiate consesso il vostro consenso.<\/p>\n<p>La nostra societ\u00e0 pu\u00f2 anche conservare i vostri dati per un periodo pi\u00f9 lungo in conformit\u00e0 con i suoi obblighi di legge.<\/p>\n<p>&nbsp;<\/p>\n<h2><strong>DESTINATARI DEI DATI<\/strong><\/h2>\n<p>I dati personali comunicati potranno essere trasmessi alle altre filiali che fanno parte del Gruppo DELANCHY, per quanto di loro competenza.<\/p>\n<p>I dati raccolti non possono essere comunicati a terzi, ad eccezione di eventuali subappaltatori, nella misura in cui questi ultimi dovrebbero esserne a conoscenza, ad esempio al fine di supportarci sulle questioni relative al reclutamento del personale o per la conservazione stessa dei dati.<\/p>\n<p>La nostra societ\u00e0 potr\u00e0 essere tenuta a comunicare i vostri dati alla societ\u00e0 WERECRUIT, Societ\u00e0 per azioni semplificata con capitale sociale di 32.000 euro, situata al 9 rue Abb\u00e9 Anger \u2013 35500 Vitr\u00e9, iscritta al RCS di Rennes al numero 813 470\u00a0820.<\/p>\n<p>I vostri dati personali potranno essere divulgati in applicazione di legge, regolamento o in virt\u00f9 di una decisione di un\u2019autorit\u00e0 competente di regolamentazione o giudiziaria.<\/p>\n<p>&nbsp;<\/p>\n<h2><strong>ESERCITARE I PROPRI DIRITTI<\/strong><\/h2>\n<p>In conformit\u00e0 alla legge applicabile, avrete il diritto di accesso e di rettifica dei vostri dati, che vi consentir\u00e0 di correggere, completare, aggiornare o cancellare i vostri dati personali, nonch\u00e9 il diritto di chiedere la limitazione del trattamento, e il diritto di opporvi per motivi legittimi al loro trattamento.<\/p>\n<p>Potrete anche, in qualsiasi momento e senza giustificazione, opporvi al trattamento dei vostri dati personali per finalit\u00e0 di comunicazione.<\/p>\n<p>Tali diritti potranno essere esercitati presso la nostra societ\u00e0, inviando un\u2019e-mail all\u2019indirizzo\u00a0<strong>donneespersonnelles@delanchy.fr<\/strong>\u00a0o una lettera all\u2019indirizzo della sede legale.<\/p>\n<p>Siete informati del fatto che potrete anche presentare un reclamo alla Commissione Internazionale di Informatica e delle Libert\u00e0 (CNIL), con sede a 3 Place de Fontenoy, 75007 Parigi.<\/p>\n<p>&nbsp;<\/p>\n<h2><strong>PROPRIETA\u2019 INTELLETTUALE<\/strong><\/h2>\n<p>I siti, cos\u00ec come gli elementi che li compongono (in particolare: immagini, testi, software, video, illustrazioni, diagrammi, rappresentazioni grafiche, loghi, database, ecc.) sono di propriet\u00e0 esclusiva di DEFITRANS, o dei titolari dei diritti interessati. I marchi e i loghi riprodotti sono registrati.<\/p>\n<p>Questi elementi sono protetti dalle disposizioni applicabili del Codice della propriet\u00e0 intellettuale. \u00c8 vietato quindi qualsiasi utilizzo, in tutto o in parte, su qualsiasi supporto, per altri scopi, e in particolare a fini commerciali.<\/p>\n<p><u>Crediti fotografici<\/u>\u00a0: Regards Photographes, Nausicaa, Energy Observer<\/p>\n<p>&nbsp;<\/p>\n<h2><strong>UTILIZZO DEL SITO<\/strong><\/h2>\n<p>DEFITRANS non potr\u00e0 essere ritenuta responsabile per qualsiasi danno diretto o indiretto che possa derivare dall\u2019accesso o dall\u2019utilizzo del sito e\/o di queste informazioni, compresa l\u2019inaccessibilit\u00e0, la perdita di dati, il deterioramento, la distruzione o i virus che possono colpire le apparecchiature informatiche dell\u2019utente e\/o la presenza di virus sul suo sito.<\/p>\n<p>DEFITRANS si impegna a fornire un contenuto affidabile sui propri siti, ma non garantisce che il loro contenuto sia privo di imprecisioni o omissioni e non pu\u00f2 essere ritenuto responsabile per errori o omissioni o per la mancanza di disponibilit\u00e0 di informazioni e servizi.<\/p>\n        <\/div>\n      <\/section>\n    ","protected":false},"excerpt":{"rendered":"","protected":false},"author":1,"featured_media":0,"parent":0,"menu_order":9,"comment_status":"closed","ping_status":"closed","template":"","meta":{"_acf_changed":false,"footnotes":""},"class_list":["post-2338","page","type-page","status-publish","hentry"],"acf":[],"yoast_head":"<!-- This site is optimized with the Yoast SEO plugin v27.3 - https:\/\/yoast.com\/product\/yoast-seo-wordpress\/ -->\n<title>Informazioni legali - Delanchy<\/title>\n<meta name=\"robots\" content=\"index, follow, max-snippet:-1, max-image-preview:large, max-video-preview:-1\" \/>\n<link rel=\"canonical\" href=\"https:\/\/www.delanchy.com\/it\/informazioni-legali\/\" \/>\n<meta property=\"og:locale\" content=\"it_IT\" \/>\n<meta property=\"og:type\" content=\"article\" \/>\n<meta property=\"og:title\" content=\"Informazioni legali - Delanchy\" \/>\n<meta property=\"og:url\" content=\"https:\/\/www.delanchy.com\/it\/informazioni-legali\/\" \/>\n<meta property=\"og:site_name\" content=\"Delanchy\" \/>\n<meta property=\"article:modified_time\" content=\"2020-07-08T13:24:44+00:00\" \/>\n<meta name=\"twitter:card\" content=\"summary_large_image\" \/>\n<script type=\"application\/ld+json\" class=\"yoast-schema-graph\">{\"@context\":\"https:\\\/\\\/schema.org\",\"@graph\":[{\"@type\":\"WebPage\",\"@id\":\"https:\\\/\\\/www.delanchy.com\\\/it\\\/informazioni-legali\\\/\",\"url\":\"https:\\\/\\\/www.delanchy.com\\\/it\\\/informazioni-legali\\\/\",\"name\":\"Informazioni legali - Delanchy\",\"isPartOf\":{\"@id\":\"https:\\\/\\\/www.delanchy.com\\\/#website\"},\"datePublished\":\"2020-07-08T13:24:43+00:00\",\"dateModified\":\"2020-07-08T13:24:44+00:00\",\"breadcrumb\":{\"@id\":\"https:\\\/\\\/www.delanchy.com\\\/it\\\/informazioni-legali\\\/#breadcrumb\"},\"inLanguage\":\"it-IT\",\"potentialAction\":[{\"@type\":\"ReadAction\",\"target\":[\"https:\\\/\\\/www.delanchy.com\\\/it\\\/informazioni-legali\\\/\"]}]},{\"@type\":\"BreadcrumbList\",\"@id\":\"https:\\\/\\\/www.delanchy.com\\\/it\\\/informazioni-legali\\\/#breadcrumb\",\"itemListElement\":[{\"@type\":\"ListItem\",\"position\":1,\"name\":\"Accueil\",\"item\":\"https:\\\/\\\/www.delanchy.com\\\/it\\\/\"},{\"@type\":\"ListItem\",\"position\":2,\"name\":\"Informazioni legali\"}]},{\"@type\":\"WebSite\",\"@id\":\"https:\\\/\\\/www.delanchy.com\\\/#website\",\"url\":\"https:\\\/\\\/www.delanchy.com\\\/\",\"name\":\"Delanchy\",\"description\":\"Transport et logistique\",\"publisher\":{\"@id\":\"https:\\\/\\\/www.delanchy.com\\\/#organization\"},\"potentialAction\":[{\"@type\":\"SearchAction\",\"target\":{\"@type\":\"EntryPoint\",\"urlTemplate\":\"https:\\\/\\\/www.delanchy.com\\\/?s={search_term_string}\"},\"query-input\":{\"@type\":\"PropertyValueSpecification\",\"valueRequired\":true,\"valueName\":\"search_term_string\"}}],\"inLanguage\":\"it-IT\"},{\"@type\":\"Organization\",\"@id\":\"https:\\\/\\\/www.delanchy.com\\\/#organization\",\"name\":\"Delanchy\",\"url\":\"https:\\\/\\\/www.delanchy.com\\\/\",\"logo\":{\"@type\":\"ImageObject\",\"inLanguage\":\"it-IT\",\"@id\":\"https:\\\/\\\/www.delanchy.com\\\/#\\\/schema\\\/logo\\\/image\\\/\",\"url\":\"https:\\\/\\\/www.delanchy.com\\\/wp-content\\\/uploads\\\/2020\\\/01\\\/logo-delanchy.png\",\"contentUrl\":\"https:\\\/\\\/www.delanchy.com\\\/wp-content\\\/uploads\\\/2020\\\/01\\\/logo-delanchy.png\",\"width\":1090,\"height\":185,\"caption\":\"Delanchy\"},\"image\":{\"@id\":\"https:\\\/\\\/www.delanchy.com\\\/#\\\/schema\\\/logo\\\/image\\\/\"}}]}<\/script>\n<!-- \/ Yoast SEO plugin. -->","yoast_head_json":{"title":"Informazioni legali - Delanchy","robots":{"index":"index","follow":"follow","max-snippet":"max-snippet:-1","max-image-preview":"max-image-preview:large","max-video-preview":"max-video-preview:-1"},"canonical":"https:\/\/www.delanchy.com\/it\/informazioni-legali\/","og_locale":"it_IT","og_type":"article","og_title":"Informazioni legali - Delanchy","og_url":"https:\/\/www.delanchy.com\/it\/informazioni-legali\/","og_site_name":"Delanchy","article_modified_time":"2020-07-08T13:24:44+00:00","twitter_card":"summary_large_image","schema":{"@context":"https:\/\/schema.org","@graph":[{"@type":"WebPage","@id":"https:\/\/www.delanchy.com\/it\/informazioni-legali\/","url":"https:\/\/www.delanchy.com\/it\/informazioni-legali\/","name":"Informazioni legali - Delanchy","isPartOf":{"@id":"https:\/\/www.delanchy.com\/#website"},"datePublished":"2020-07-08T13:24:43+00:00","dateModified":"2020-07-08T13:24:44+00:00","breadcrumb":{"@id":"https:\/\/www.delanchy.com\/it\/informazioni-legali\/#breadcrumb"},"inLanguage":"it-IT","potentialAction":[{"@type":"ReadAction","target":["https:\/\/www.delanchy.com\/it\/informazioni-legali\/"]}]},{"@type":"BreadcrumbList","@id":"https:\/\/www.delanchy.com\/it\/informazioni-legali\/#breadcrumb","itemListElement":[{"@type":"ListItem","position":1,"name":"Accueil","item":"https:\/\/www.delanchy.com\/it\/"},{"@type":"ListItem","position":2,"name":"Informazioni legali"}]},{"@type":"WebSite","@id":"https:\/\/www.delanchy.com\/#website","url":"https:\/\/www.delanchy.com\/","name":"Delanchy","description":"Transport et logistique","publisher":{"@id":"https:\/\/www.delanchy.com\/#organization"},"potentialAction":[{"@type":"SearchAction","target":{"@type":"EntryPoint","urlTemplate":"https:\/\/www.delanchy.com\/?s={search_term_string}"},"query-input":{"@type":"PropertyValueSpecification","valueRequired":true,"valueName":"search_term_string"}}],"inLanguage":"it-IT"},{"@type":"Organization","@id":"https:\/\/www.delanchy.com\/#organization","name":"Delanchy","url":"https:\/\/www.delanchy.com\/","logo":{"@type":"ImageObject","inLanguage":"it-IT","@id":"https:\/\/www.delanchy.com\/#\/schema\/logo\/image\/","url":"https:\/\/www.delanchy.com\/wp-content\/uploads\/2020\/01\/logo-delanchy.png","contentUrl":"https:\/\/www.delanchy.com\/wp-content\/uploads\/2020\/01\/logo-delanchy.png","width":1090,"height":185,"caption":"Delanchy"},"image":{"@id":"https:\/\/www.delanchy.com\/#\/schema\/logo\/image\/"}}]}},"_links":{"self":[{"href":"https:\/\/www.delanchy.com\/it\/wp-json\/wp\/v2\/pages\/2338","targetHints":{"allow":["GET"]}}],"collection":[{"href":"https:\/\/www.delanchy.com\/it\/wp-json\/wp\/v2\/pages"}],"about":[{"href":"https:\/\/www.delanchy.com\/it\/wp-json\/wp\/v2\/types\/page"}],"author":[{"embeddable":true,"href":"https:\/\/www.delanchy.com\/it\/wp-json\/wp\/v2\/users\/1"}],"replies":[{"embeddable":true,"href":"https:\/\/www.delanchy.com\/it\/wp-json\/wp\/v2\/comments?post=2338"}],"version-history":[{"count":2,"href":"https:\/\/www.delanchy.com\/it\/wp-json\/wp\/v2\/pages\/2338\/revisions"}],"predecessor-version":[{"id":2340,"href":"https:\/\/www.delanchy.com\/it\/wp-json\/wp\/v2\/pages\/2338\/revisions\/2340"}],"wp:attachment":[{"href":"https:\/\/www.delanchy.com\/it\/wp-json\/wp\/v2\/media?parent=2338"}],"curies":[{"name":"wp","href":"https:\/\/api.w.org\/{rel}","templated":true}]}}